{"id":1726,"date":"2023-03-07T16:03:09","date_gmt":"2023-03-07T15:03:09","guid":{"rendered":"https:\/\/shop.tenutadelleripalte.it\/?page_id=1726"},"modified":"2025-02-23T10:38:41","modified_gmt":"2025-02-23T09:38:41","slug":"condizioni-di-vendita","status":"publish","type":"page","link":"https:\/\/shop.tenutadelleripalte.it\/de\/condizioni-di-vendita\/","title":{"rendered":"Verkaufsbedingungen"},"content":{"rendered":"<h4 class=\"wp-block-heading\"><strong>Formular f\u00fcr das Widerrufsrecht:<\/strong><\/h4><p><a href=\"https:\/\/shop.tenutadelleripalte.it\/wp-content\/uploads\/2023\/03\/Modulo-di-recesso-IT.pdf\" target=\"_blank\" rel=\"noreferrer noopener\">Laden Sie hier das Widerrufsformular herunter<\/a><\/p><h4 class=\"wp-block-heading\"><strong>VORVERTRAGLICHE INFORMATIONEN<\/strong><\/h4><p>Gem\u00e4\u00df Art. 49 des Gesetzesdekrets. 6. September 2005, Nr. 206 \u2013 Verbraucherkodex<br>Die nachstehenden vorvertraglichen Informationen sind Bestandteil des \u201eOnline-Kaufvertrags\u201c \u00fcber Produkte, den der Lieferant im Rahmen eines von ihm organisierten Fernabsatzsystems \u00fcber seine eigene Website (<a href=\"https:\/\/shop.tenutadelleripalte.it\/de\/\">https:\/\/shop.tenutadelleripalte.it\/<\/a>); sie k\u00f6nnen nur nach einer ausdr\u00fccklichen Vereinbarung mit dem Kunden ge\u00e4ndert werden.<\/p><p><strong>1) Lieferantenidentifikation<\/strong><br>FATTORIA DELLE RIPALTE \u2013 LANDWIRTSCHAFTLICHES UNTERNEHMEN SRL<br>Ort. Reife Alte 57031 Capoliveri \u2013 Insel Elba \u2013 Toskana<br>USt-IdNr.: 01545530493<br>E-Mail: <a href=\"mailto:info@fattoriadelleripalte.it\">info@fattoriadelleripalte.it<\/a><br>(nachfolgend \u201eLieferant\u201c genannt).<\/p><p><strong>2) Hauptmerkmale der Produkte<\/strong><br>Die Produkte werden einschlie\u00dflich ihrer wesentlichen Merkmale direkt auf der Website des Lieferanten auf der Seite aufgef\u00fchrt: <a href=\"https:\/\/shop.tenutadelleripalte.it\/de\/\">https:\/\/shop.tenutadelleripalte.it\/<\/a><br>F\u00fcr jedes angezeigte Produkt hat der Kunde Zugriff auf ein spezielles Blatt mit den wichtigsten Informationen und Daten zum Produkt selbst (einschlie\u00dflich beispielsweise Rebsorte, Bezeichnung, Herkunftsgebiet der Trauben, Alkoholgehalt) sowie etwaigen Mindestmengen, die der Kunde kaufen kann.<\/p><p><strong>3) Verkaufszustand<\/strong><br>Da es sich um Produkte handelt, deren Verkauf gesetzlich ausschlie\u00dflich an K\u00e4ufer \u00fcber 18 Jahren gestattet ist, wird festgelegt, dass der Kaufvorgang nur f\u00fcr Kunden abgeschlossen wird, die diese Altersanforderung erf\u00fcllen.<\/p><p><strong>4) Gesamtpreis der Produkte<\/strong><br>Alle Verkaufspreise der im Online-Katalog des Lieferanten enthaltenen Produkte werden in Euro angegeben und enthalten die Mehrwertsteuer sowie alle anderen Steuern.<br>Die Kosten f\u00fcr den Versand sowie ggf. anfallende Nebenkosten sind nicht im Kaufpreis enthalten, sondern werden gesondert ausgewiesen und berechnet. Durch Ausf\u00fcllen der Bestellung und in jedem Fall vor Abschluss des Kaufvorgangs hat der Kunde die M\u00f6glichkeit, diese Kosten und Geb\u00fchren zu \u00fcberpr\u00fcfen.<\/p><p>\u201ePreise ab Keller\u201c<\/p><p><strong>5) Zahlungsarten<\/strong><br>Die Bezahlung des Preises kann ausschlie\u00dflich per Kreditkarte erfolgen.<br>Der Lieferant garantiert, dass die gesamte Kommunikation im Zusammenhang mit Zahlungen \u00fcber eine spezielle, durch ein Verschl\u00fcsselungssystem gesch\u00fctzte Leitung erfolgt; Dar\u00fcber hinaus wird die Speicherung der mit der Zahlung verbundenen Informationen mit einer zus\u00e4tzlichen Sicherheitsverschl\u00fcsselungsebene und in \u00dcbereinstimmung mit den Bestimmungen der geltenden Gesetzgebung zum Schutz personenbezogener Daten gew\u00e4hrleistet.<br>Da mit dem Abschluss des Kaufvorgangs die Verpflichtung des Kunden entsteht, den Preis der ausgew\u00e4hlten Produkte zu bezahlen, wird darauf hingewiesen, dass mit dem Absenden der Bestellung \u2013 das, wie im folgenden Punkt 10) angegeben, den Abschluss des Vertrags mit dem Lieferanten bedeutet \u2013 die Zahlungsverpflichtung einhergeht. Der Lieferant \u00fcbernimmt in keinem Fall die Verantwortung f\u00fcr eine betr\u00fcgerische oder unrechtm\u00e4\u00dfige Verwendung von Mitteln Dritter (z. B. Kreditkarten) bei der Bezahlung der gekauften Produkte, sofern er nachweist, dass er alle m\u00f6glichen Vorsichtsma\u00dfnahmen auf der Grundlage des aktuellen Wissensstands und der Erfahrung sowie der \u00fcblichen Sorgfalt getroffen hat.<\/p><p><strong>6) Liefermethoden und -zeiten<\/strong><br>Die Lieferung der Produkte erfolgt ab dem Datum des Kaufabschlusses innerhalb von 24\/48 Stunden f\u00fcr Italien und innerhalb von 3 bis 5 Werktagen f\u00fcr Europa. Die oben angegebenen Lieferzeiten sind jedoch als Richtwerte zu betrachten und k\u00f6nnen je nach tats\u00e4chlichem Bestimmungsort der Produkte (z. B. Lieferungen auf Inseln) auch l\u00e4nger sein.<br>Der Kunde kann den Lieferstatus der Produkte \u00fcberpr\u00fcfen, indem er eine spezielle E-Mail mit allen Daten zum Versand erh\u00e4lt.<br>Die Zustellung erfolgt von Montag bis Freitag \u2013 jedoch nie an Feiertagen \u2013 zu den \u00fcblichen B\u00fcrozeiten; Aus diesem Grund wird dem Kunden empfohlen, eine Adresse anzugeben, an der die Lieferung der Produkte gew\u00e4hrleistet werden kann.<br>Abschlie\u00dfend wird darauf hingewiesen, dass der Kunde verpflichtet ist, bei Lieferung den Zustand der Verpackung, in der sich die gekauften Produkte befinden, zu \u00fcberpr\u00fcfen und dem Vertreter des Lieferanten etwaige Sch\u00e4den, die bei einer einfachen Sichtpr\u00fcfung der Verpackung selbst festgestellt werden k\u00f6nnen, zu melden und in den entsprechenden Lieferdokumenten (auch durch Annahme der Produkte unter Vorbehalt) entsprechende Nachweise vorzulegen.<\/p><p><strong>7) Widerrufsrecht<\/strong><br>Der Kunde hat das Recht, innerhalb von 14 (vierzehn) Tagen ab dem Datum, an dem er den physischen Besitz der online erworbenen Produkte erlangt, ohne Vertragsstrafe und ohne Angabe von Gr\u00fcnden von seinen Kaufverpflichtungen zur\u00fcckzutreten.<br>Um das Widerrufsrecht auszu\u00fcben, muss der Kunde den Lieferanten mittels einer eindeutigen Erkl\u00e4rung \u00fcber seinen Entschluss, diesen Vertrag zu widerrufen, informieren. Hierzu verwendet er das \u201eWiderrufsformular\u201c, das am Ende dieser Vertragsbedingungen aufgef\u00fchrt ist.<br>Der Kunde kann das Widerrufsformular oder eine andere eindeutige Erkl\u00e4rung ausf\u00fcllen und \u00fcbermitteln, indem er es an die E-Mail-Adresse sendet&nbsp;<a href=\"mailto:info@fattoriadelleripalte.it\">info@fattoriadelleripalte.it<\/a>.<br>In jedem Fall wird der Lieferant den Eingang der Widerrufserkl\u00e4rung des Kunden unverz\u00fcglich durch eine entsprechende E-Mail an den Kunden best\u00e4tigen.<br>Zur Wahrung der Widerrufsfrist reicht es aus, dass der Kunde die Mitteilung \u00fcber die Aus\u00fcbung des Widerrufsrechts vor Ablauf der oben genannten Widerrufsfrist absendet.<\/p><p><strong>8) Folgen des Widerrufs (R\u00fcckerstattungsmethoden und Produktr\u00fcckgaben)<\/strong><br>Tritt der Kunde von diesem Vertrag zur\u00fcck, wird ihm der Kaufpreis der zur\u00fcckgegebenen Produkte unverz\u00fcglich und in jedem Fall sp\u00e4testens binnen 14 (vierzehn) Tagen ab dem Tag zur\u00fcckerstattet, an dem der Lieferant \u00fcber die Entscheidung des Kunden zum R\u00fccktritt vom Vertrag informiert wird.<br>Diese R\u00fcckerstattung erfolgt mit demselben Zahlungsmittel, das der Kunde bei der urspr\u00fcnglichen Transaktion verwendet hat, es sei denn, der Kunde hat mit dem Lieferanten ausdr\u00fccklich etwas anderes vereinbart. In jedem Fall entstehen dem Kunden durch die R\u00fcckzahlung keine Kosten.<br>Die R\u00fcckerstattung kann bis zum Erhalt der zur\u00fcckzusendenden Produkte ausgesetzt werden. Um Anspruch auf eine R\u00fcckerstattung des gezahlten Preises zu haben, m\u00fcssen die Produkte in jedem Fall unbesch\u00e4digt und in der Originalverpackung zur\u00fcckgegeben werden und der Kunde darf die Verpackung des online gekauften Produkts nicht ge\u00f6ffnet haben; im letztgenannten Fall ist das Widerrufsrecht gem\u00e4\u00df den diesbez\u00fcglichen Bestimmungen des Art. 100 ausgeschlossen. 59, Brief. e) des Gesetzesdekrets. 6. September 2005, Nr. 206 \u2013 Verbraucherschutzgesetz, wodurch es dem Kunden nicht m\u00f6glich ist, von den vertraglichen Verpflichtungen im Zusammenhang mit dem Online-Kauf zur\u00fcckzutreten oder die R\u00fcckerstattung des f\u00fcr den Kauf selbst gezahlten Betrags zu verlangen.<br>Der Kunde ist verpflichtet, die Produkte an den Lieferanten zur\u00fcckzusenden (<strong>Tenuta delle Ripalte \u2013 Loc. Reife Alte 57031 Capoliveri \u2013 Insel Elba \u2013 Toskana<\/strong>) unverz\u00fcglich und in jedem Fall binnen 14 (vierzehn) Tagen ab dem Tag, an dem Sie uns \u00fcber den Widerruf dieses Vertrags unterrichten, an uns zur\u00fcckzusenden oder zu \u00fcbergeben. Die Frist ist gewahrt, wenn Sie die Waren vor Ablauf der Frist von vierzehn Tagen absenden. Die R\u00fccksendung der Produkte muss per Post oder Kurier erfolgen. Die unmittelbaren Kosten der R\u00fccksendung der Produkte tr\u00e4gt ausschlie\u00dflich der Kunde.<\/p><p><strong>9) Gew\u00e4hrleistung<\/strong><br>Der Lieferant garantiert, dass die Produkte den aktuellen Industriestandards entsprechen. Die Produkte m\u00fcssen vom Kunden gem\u00e4\u00df den Anweisungen des Lieferanten und in jedem Fall in Umgebungen gelagert werden, deren hygienisch-umweltbezogene Bedingungen f\u00fcr die Produkte selbst geeignet sind; Folglich haftet der Lieferant nicht f\u00fcr Streitigkeiten im Zusammenhang mit Produkten, die vom Kunden nicht gem\u00e4\u00df den oben genannten Bestimmungen gelagert wurden.<br>Eventuelle Nichtkonformit\u00e4ten der Produkte k\u00f6nnen vom Kunden gem\u00e4\u00df den geltenden Verbraucherschutzbestimmungen und insbesondere gem\u00e4\u00df der Gesetzesverordnung gemeldet werden. 6. September 2005, Nr. 206 (sogenanntes Verbrauchergesetz). Die Meldung der Nichtkonformit\u00e4t der Produkte muss dem Lieferanten gem\u00e4\u00df den Angaben im folgenden Punkt 13) zugesandt werden. Im Falle einer Nicht\u00fcbereinstimmung ist der Lieferant verpflichtet, innerhalb einer angemessenen Frist einen kostenlosen Ersatz f\u00fcr das nicht konforme Produkt bereitzustellen.<\/p><p><strong>10) Vertragsabschluss und Archivierungsmodalit\u00e4ten<\/strong><br>Der Vertrag \u00fcber den Online-Kauf von Produkten zwischen dem Lieferanten und dem Kunden kommt \u00fcber das Internet zustande, indem der Kunde auf die Website des Lieferanten zugreift und die dort angegebenen Kaufverfahren befolgt.<br>Der Vertragsabschluss erfolgt durch das korrekte Ausf\u00fcllen des Formulars und die Einwilligung zum Kauf durch Absenden des Formulars online. Vor Abschluss des Kaufs hat der Kunde die M\u00f6glichkeit, den Inhalt der Bestellung zu \u00fcberpr\u00fcfen und gegebenenfalls die eingegebenen Daten zu korrigieren und\/oder zu \u00e4ndern; Es liegt daher in Ihrer besonderen Verantwortung, die Richtigkeit der betreffenden Daten zu \u00fcberpr\u00fcfen.<br>Sobald der Lieferant die Bestellung des Kunden erhalten hat, sendet er umgehend eine druckbare E-Mail mit den Daten des Bestellers und der Bestellung, dem Preis des gekauften Produkts, den Versandkosten und etwaigen zus\u00e4tzlichen Geb\u00fchren, der Adresse, an die das Produkt geliefert wird, den Lieferzeiten und dem Bestehen eines Widerrufsrechts. Der Kunde verpflichtet sich, die Bestellung auszudrucken und aufzubewahren.<br>Gem\u00e4\u00df Art. 12 des Gesetzesdekrets. n.70\/2003 informiert der Lieferant den Kunden dar\u00fcber, dass jede gesendete Bestellung in digitaler Form auf dem Server des Betreibers der Site und in Papierform oder digital beim Lieferanten selbst gespeichert wird, in jedem Fall unter Einhaltung der Vertraulichkeits- und Sicherheitskriterien.<br>Der registrierte Kunde hat die M\u00f6glichkeit, die aufgegebene Bestellung jederzeit einzusehen, indem er auf den entsprechenden Bereich der Website des Lieferanten zugreift und seinen Benutzernamen und sein Passwort eingibt (wie bei der vorl\u00e4ufigen Registrierung seiner pers\u00f6nlichen Daten vergeben).<\/p><p><strong>11) Produktverf\u00fcgbarkeit<\/strong><br>Der Lieferant gew\u00e4hrleistet durch das eingesetzte Telematiksystem die Abwicklung und Erf\u00fcllung der Bestellungen. Zu diesem Zweck zeigt es in seinem elektronischen Katalog in Echtzeit die verf\u00fcgbaren und nicht verf\u00fcgbaren Produkte an.<br>Wenn eine Bestellung die im Lager verf\u00fcgbare Menge \u00fcbersteigt, informiert der Lieferant den Kunden per E-Mail dar\u00fcber, ob das Produkt nicht mehr bestellbar ist bzw. wie lange es dauert, bis er das gew\u00fcnschte Produkt erh\u00e4lt. Er fragt den Kunden, ob er die Bestellung best\u00e4tigen m\u00f6chte oder nicht.<\/p><p><strong>12) Anwendbares Recht<\/strong><br>Diese Verkaufsbedingungen unterliegen italienischem Recht.<\/p><p><strong>13) Mitteilungen und Beschwerden<\/strong><br>Schriftliche Mitteilungen an den Lieferanten und etwaige Beschwerden gelten nur dann als g\u00fcltig, wenn sie per E-Mail an die E-Mail-Adresse gesendet werden&nbsp;<a href=\"mailto:info@fattoriadelleripalte.it\">info@fattoriadelleripalte.it<\/a> .<\/p>","protected":false},"excerpt":{"rendered":"<p>MODULO PER IL DIRITTO DI RECESSO: Scarica qui il modulo per il diritto di recesso INFORMAZIONI PRECONTRATTUALI Ai sensi dell\u2019art. [&hellip;]<\/p>","protected":false},"author":1,"featured_media":0,"parent":0,"menu_order":0,"comment_status":"closed","ping_status":"closed","template":"","meta":{"footnotes":""},"class_list":["post-1726","page","type-page","status-publish","hentry"],"_links":{"self":[{"href":"https:\/\/shop.tenutadelleripalte.it\/de\/wp-json\/wp\/v2\/pages\/1726","targetHints":{"allow":["GET"]}}],"collection":[{"href":"https:\/\/shop.tenutadelleripalte.it\/de\/wp-json\/wp\/v2\/pages"}],"about":[{"href":"https:\/\/shop.tenutadelleripalte.it\/de\/wp-json\/wp\/v2\/types\/page"}],"author":[{"embeddable":true,"href":"https:\/\/shop.tenutadelleripalte.it\/de\/wp-json\/wp\/v2\/users\/1"}],"replies":[{"embeddable":true,"href":"https:\/\/shop.tenutadelleripalte.it\/de\/wp-json\/wp\/v2\/comments?post=1726"}],"version-history":[{"count":5,"href":"https:\/\/shop.tenutadelleripalte.it\/de\/wp-json\/wp\/v2\/pages\/1726\/revisions"}],"predecessor-version":[{"id":1752,"href":"https:\/\/shop.tenutadelleripalte.it\/de\/wp-json\/wp\/v2\/pages\/1726\/revisions\/1752"}],"wp:attachment":[{"href":"https:\/\/shop.tenutadelleripalte.it\/de\/wp-json\/wp\/v2\/media?parent=1726"}],"curies":[{"name":"wp","href":"https:\/\/api.w.org\/{rel}","templated":true}]}}