{"id":2672,"date":"2025-03-13T14:16:50","date_gmt":"2025-03-13T13:16:50","guid":{"rendered":"https:\/\/staging-m.shop.tenutadelleripalte.it\/?page_id=2672"},"modified":"2025-03-13T14:37:02","modified_gmt":"2025-03-13T13:37:02","slug":"chi-siamo","status":"publish","type":"page","link":"https:\/\/shop.tenutadelleripalte.it\/de\/chi-siamo\/","title":{"rendered":"WER WIR SIND"},"content":{"rendered":"<div class=\"wpb-content-wrapper\"><div data-parent=\"true\" class=\"vc_row inverted-device-order row-container\" id=\"row-unique-0\"><div class=\"row col-double-gutter double-top-padding single-bottom-padding single-h-padding limit-width row-parent\" data-height-ratio=\"50\"><div class=\"wpb_row row-inner\"><div class=\"wpb_column pos-middle pos-center align_left column_parent col-lg-6 single-internal-gutter\"><div class=\"uncol style-light\"  ><div class=\"uncoltable\"><div class=\"uncell no-block-padding\" ><div class=\"uncont\" style=\" max-width:900px;\" ><div class=\"vc_custom_heading_wrap\"><div class=\"heading-text el-text\" ><h3 class=\"h1\" ><span>\u00dcber uns: Eine Reise ins Herz der Insel Elba<br \/><\/span><\/h3><div><p>Im Tenuta delle Ripalte verbindet sich unsere Liebe zum Weinbau mit der wilden Sch\u00f6nheit der Insel Elba und schafft ein einzigartiges Erlebnis, das \u00fcber die blo\u00dfe Weinverkostung hinausgeht. Hier erz\u00e4hlt jede Flasche eine Geschichte, die in Jahrhunderten der Tradition, Leidenschaft und Innovation verwurzelt ist. Von Oscar Tobler, der im 19. Jahrhundert das Potenzial dieser L\u00e4ndereien erkannte, bis heute besteht unsere Mission darin, Weine zu produzieren, die unsere Geschichte, unser Territorium und die Rebsorte zelebrieren, die uns am meisten am Herzen liegt: Aleatico.<\/p>\n<\/div><\/div><div class=\"clear\"><\/div><\/div><\/div><\/div><\/div><\/div><\/div><div class=\"wpb_column pos-top pos-center align_left column_parent col-lg-6 single-internal-gutter\"><div class=\"uncol style-light\"  ><div class=\"uncoltable\"><div class=\"uncell no-block-padding\" ><div class=\"uncont\" ><div class=\"uncode-single-media  text-left\"><div class=\"single-wrapper\" style=\"max-width: 100%;\"><div class=\"tmb tmb-light  tmb-img-ratio tmb-media-first tmb-media-last tmb-content-overlay tmb-no-bg\"><div class=\"t-inside\"><div class=\"t-entry-visual\"><div class=\"t-entry-visual-tc\"><div class=\"uncode-single-media-wrapper\"><div class=\"dummy\" style=\"padding-top: 75%;\"><\/div><img decoding=\"async\" class=\"wp-image-1572\" src=\"https:\/\/shop.tenutadelleripalte.it\/wp-content\/uploads\/2023\/03\/Jeep1-uai-1598x1199.jpg\" width=\"1598\" height=\"1199\" alt=\"\" srcset=\"https:\/\/shop.tenutadelleripalte.it\/wp-content\/uploads\/2023\/03\/Jeep1-uai-1598x1199.jpg 1598w, https:\/\/shop.tenutadelleripalte.it\/wp-content\/uploads\/2023\/03\/Jeep1-uai-720x540.jpg 720w, https:\/\/shop.tenutadelleripalte.it\/wp-content\/uploads\/2023\/03\/Jeep1-uai-1032x774.jpg 1032w\" sizes=\"(max-width: 1598px) 100vw, 1598px\" \/><\/div>\n\t\t\t\t\t<\/div>\n\t\t\t\t<\/div><\/div><\/div><\/div><\/div><\/div><\/div><\/div><\/div><\/div><script id=\"script-row-unique-0\" data-row=\"script-row-unique-0\" type=\"text\/javascript\" class=\"vc_controls\">UNCODE.initRow(document.getElementById(\"row-unique-0\"));<\/script><\/div><\/div><\/div><div data-parent=\"true\" class=\"vc_row row-container\" id=\"row-unique-1\"><div class=\"row col-double-gutter single-top-padding single-bottom-padding single-h-padding limit-width row-parent\" data-height-ratio=\"50\"><div class=\"wpb_row row-inner\"><div class=\"wpb_column pos-top pos-center align_left column_parent col-lg-6 single-internal-gutter\"><div class=\"uncol style-light\"  ><div class=\"uncoltable\"><div class=\"uncell no-block-padding\" ><div class=\"uncont\" ><div class=\"uncode-single-media  text-left\"><div class=\"single-wrapper\" style=\"max-width: 100%;\"><div class=\"tmb tmb-light  tmb-img-ratio tmb-media-first tmb-media-last tmb-content-overlay tmb-no-bg\"><div class=\"t-inside\"><div class=\"t-entry-visual\"><div class=\"t-entry-visual-tc\"><div class=\"uncode-single-media-wrapper\"><div class=\"dummy\" style=\"padding-top: 75%;\"><\/div><img decoding=\"async\" class=\"wp-image-1546\" src=\"https:\/\/shop.tenutadelleripalte.it\/wp-content\/uploads\/2023\/02\/Autore3-uai-1600x1200.jpg\" width=\"1600\" height=\"1200\" alt=\"\" srcset=\"https:\/\/shop.tenutadelleripalte.it\/wp-content\/uploads\/2023\/02\/Autore3-uai-1600x1200.jpg 1600w, https:\/\/shop.tenutadelleripalte.it\/wp-content\/uploads\/2023\/02\/Autore3-uai-720x540.jpg 720w, https:\/\/shop.tenutadelleripalte.it\/wp-content\/uploads\/2023\/02\/Autore3-uai-1032x774.jpg 1032w\" sizes=\"(max-width: 1600px) 100vw, 1600px\" \/><\/div>\n\t\t\t\t\t<\/div>\n\t\t\t\t<\/div><\/div><\/div><\/div><\/div><\/div><\/div><\/div><\/div><\/div><div class=\"wpb_column pos-middle pos-center align_left column_parent col-lg-6 single-internal-gutter\"><div class=\"uncol style-light\"  ><div class=\"uncoltable\"><div class=\"uncell no-block-padding\" ><div class=\"uncont\" style=\" max-width:900px;\" ><div class=\"vc_custom_heading_wrap\"><div class=\"heading-text el-text\" ><h3 class=\"h1\" ><span>Il Cuore della Tenuta: L&#8217;Aleatico<\/span><\/h3><div><p>Unser Flaggschiff ist der Aleatico, eine einheimische Rebsorte, die in den sonnigen Regionen Elbas w\u00e4chst, einem Land, das Weine mit unverwechselbarem Charakter hervorbringen kann. Unsere Leidenschaft f\u00fcr Aleatico entspringt unserer Liebe zu dieser Rebsorte und unserer Entschlossenheit, ihre Essenz zu bewahren. Vom traditionellen Passito \u00fcber den trockenen Ros\u00e9 bis hin zum Brut-Sekt erz\u00e4hlt jede Version von Aleatico ein anderes Kapitel unserer Geschichte. Die Wei\u00dfweinbereitung, die Ripasso-Technik und Innovationen in der Schaumweinbereitung sind das Ergebnis unserer st\u00e4ndigen Suche nach Perfektion.<\/p>\n<\/div><\/div><div class=\"clear\"><\/div><\/div><\/div><\/div><\/div><\/div><\/div><script id=\"script-row-unique-1\" data-row=\"script-row-unique-1\" type=\"text\/javascript\" class=\"vc_controls\">UNCODE.initRow(document.getElementById(\"row-unique-1\"));<\/script><\/div><\/div><\/div><div data-parent=\"true\" class=\"vc_row inverted-device-order row-container\" id=\"row-unique-2\"><div class=\"row col-double-gutter single-top-padding single-bottom-padding single-h-padding limit-width row-parent\" data-height-ratio=\"50\"><div class=\"wpb_row row-inner\"><div class=\"wpb_column pos-middle pos-center align_left column_parent col-lg-6 single-internal-gutter\"><div class=\"uncol style-light\"  ><div class=\"uncoltable\"><div class=\"uncell no-block-padding\" ><div class=\"uncont\" style=\" max-width:900px;\" ><div class=\"vc_custom_heading_wrap\"><div class=\"heading-text el-text\" ><h3 class=\"h1\" ><span>Eine Architektur, die von der Natur erz\u00e4hlt<\/span><\/h3><div><p>Die vom ber\u00fchmten Architekten Tobia Scarpa entworfene Kellerei ist das schlagende Herz unserer Vision. Ein Kunstwerk, das sich in die umgebende Landschaft einf\u00fcgt und einen Ort schafft, an dem Architektur und Natur in Harmonie aufeinandertreffen. Die gro\u00dfe Panoramaterrasse, die urspr\u00fcnglich zum Trocknen von Trauben gedacht war, ist heute der ideale Ort, um unsere Weine zu verkosten und dabei einen atemberaubenden Blick auf die Weinberge und das Meer zu genie\u00dfen. Jeder Winkel des Weinkellers mit seiner innovativen und respektvollen Gestaltung des Territoriums zeugt von unserem Engagement f\u00fcr eine nachhaltige und qualitativ hochwertige Zukunft.<\/p>\n<\/div><\/div><div class=\"clear\"><\/div><\/div><\/div><\/div><\/div><\/div><\/div><div class=\"wpb_column pos-top pos-center align_left column_parent col-lg-6 single-internal-gutter\"><div class=\"uncol style-light\"  ><div class=\"uncoltable\"><div class=\"uncell no-block-padding\" ><div class=\"uncont\" ><div class=\"uncode-single-media  text-left\"><div class=\"single-wrapper\" style=\"max-width: 100%;\"><div class=\"tmb tmb-light  tmb-img-ratio tmb-media-first tmb-media-last tmb-content-overlay tmb-no-bg\"><div class=\"t-inside\"><div class=\"t-entry-visual\"><div class=\"t-entry-visual-tc\"><div class=\"uncode-single-media-wrapper\"><div class=\"dummy\" style=\"padding-top: 75%;\"><\/div><img decoding=\"async\" class=\"wp-image-1657\" src=\"https:\/\/shop.tenutadelleripalte.it\/wp-content\/uploads\/2023\/03\/Vip11-uai-1200x900.jpg\" width=\"1200\" height=\"900\" alt=\"\" srcset=\"https:\/\/shop.tenutadelleripalte.it\/wp-content\/uploads\/2023\/03\/Vip11-uai-1200x900.jpg 1200w, https:\/\/shop.tenutadelleripalte.it\/wp-content\/uploads\/2023\/03\/Vip11-uai-720x540.jpg 720w, https:\/\/shop.tenutadelleripalte.it\/wp-content\/uploads\/2023\/03\/Vip11-uai-1032x774.jpg 1032w\" sizes=\"(max-width: 1200px) 100vw, 1200px\" \/><\/div>\n\t\t\t\t\t<\/div>\n\t\t\t\t<\/div><\/div><\/div><\/div><\/div><\/div><\/div><\/div><\/div><\/div><script id=\"script-row-unique-2\" data-row=\"script-row-unique-2\" type=\"text\/javascript\" class=\"vc_controls\">UNCODE.initRow(document.getElementById(\"row-unique-2\"));<\/script><\/div><\/div><\/div><div data-parent=\"true\" class=\"vc_row row-container\" id=\"row-unique-3\"><div class=\"row col-double-gutter single-top-padding single-bottom-padding single-h-padding limit-width row-parent\" data-height-ratio=\"50\"><div class=\"wpb_row row-inner\"><div class=\"wpb_column pos-top pos-center align_left column_parent col-lg-6 single-internal-gutter\"><div class=\"uncol style-light\"  ><div class=\"uncoltable\"><div class=\"uncell no-block-padding\" ><div class=\"uncont\" ><div class=\"uncode-single-media  text-left\"><div class=\"single-wrapper\" style=\"max-width: 100%;\"><div class=\"tmb tmb-light  tmb-img-ratio tmb-media-first tmb-media-last tmb-content-overlay tmb-no-bg\"><div class=\"t-inside\"><div class=\"t-entry-visual\"><div class=\"t-entry-visual-tc\"><div class=\"uncode-single-media-wrapper\"><div class=\"dummy\" style=\"padding-top: 75%;\"><\/div><img decoding=\"async\" class=\"wp-image-1550\" src=\"https:\/\/shop.tenutadelleripalte.it\/wp-content\/uploads\/2023\/02\/Autore5-uai-1800x1350.jpg\" width=\"1800\" height=\"1350\" alt=\"\" srcset=\"https:\/\/shop.tenutadelleripalte.it\/wp-content\/uploads\/2023\/02\/Autore5-uai-1800x1350.jpg 1800w, https:\/\/shop.tenutadelleripalte.it\/wp-content\/uploads\/2023\/02\/Autore5-uai-720x540.jpg 720w, https:\/\/shop.tenutadelleripalte.it\/wp-content\/uploads\/2023\/02\/Autore5-uai-1032x774.jpg 1032w\" sizes=\"(max-width: 1800px) 100vw, 1800px\" \/><\/div>\n\t\t\t\t\t<\/div>\n\t\t\t\t<\/div><\/div><\/div><\/div><\/div><\/div><\/div><\/div><\/div><\/div><div class=\"wpb_column pos-middle pos-center align_left column_parent col-lg-6 single-internal-gutter\"><div class=\"uncol style-light\"  ><div class=\"uncoltable\"><div class=\"uncell no-block-padding\" ><div class=\"uncont\" style=\" max-width:900px;\" ><div class=\"vc_custom_heading_wrap\"><div class=\"heading-text el-text\" ><h3 class=\"h1\" ><span>Die Magie der Insel Elba in jeder Flasche<\/span><\/h3><div><p>Jede Flasche, die wir herstellen, ist das Ergebnis sorgf\u00e4ltiger Arbeit, in die unsere ganze Leidenschaft f\u00fcr unser Territorium einflie\u00dft. Die Weinberge der Tenuta delle Ripalte erstrecken sich \u00fcber die aussichtsreichsten H\u00fcgel der Insel, wo der steinige und sandige Boden zusammen mit dem einzigartigen Mikroklima Trauben von au\u00dfergew\u00f6hnlicher Qualit\u00e4t hervorbringt. Dank unserer Erfahrung und der Vision von Piermario Meletti Cavallari sind wir heute ein Bezugspunkt in der Weinszene von Elba, wo Aleatico weiterhin der unbestrittene Protagonist ist, ein Symbol f\u00fcr Eleganz, Frische und Aroma.<\/p>\n<\/div><\/div><div class=\"clear\"><\/div><\/div><\/div><\/div><\/div><\/div><\/div><script id=\"script-row-unique-3\" data-row=\"script-row-unique-3\" type=\"text\/javascript\" class=\"vc_controls\">UNCODE.initRow(document.getElementById(\"row-unique-3\"));<\/script><\/div><\/div><\/div><div data-parent=\"true\" class=\"vc_row inverted-device-order row-container\" id=\"row-unique-4\"><div class=\"row col-double-gutter single-top-padding double-bottom-padding single-h-padding limit-width row-parent\" data-height-ratio=\"50\"><div class=\"wpb_row row-inner\"><div class=\"wpb_column pos-middle pos-center align_left column_parent col-lg-6 single-internal-gutter\"><div class=\"uncol style-light\"  ><div class=\"uncoltable\"><div class=\"uncell no-block-padding\" ><div class=\"uncont\" style=\" max-width:900px;\" ><div class=\"vc_custom_heading_wrap\"><div class=\"heading-text el-text\" ><h3 class=\"h1\" ><span>Un&#8217;Esperienza da Vivere<\/span><\/h3><div><p>Wir sind nicht nur Weinproduzenten, sondern H\u00fcter einer Tradition, die wir mit Ihnen teilen m\u00f6chten. Tenuta delle Ripalte ist ein Ort, an dem jeder Besuch ein sinnliches Erlebnis ist, das alle Sinne einbezieht. Jeder Wein, den wir gemeinsam verkosten, erz\u00e4hlt eine Geschichte: die eines au\u00dfergew\u00f6hnlichen Landes und einer Rebe, die uns schon immer begleitet hat. Kommen Sie zu uns und erleben Sie die Spannung, Aleatico und unsere anderen Weine in einer Umgebung zu entdecken, die an sich schon ein Meisterwerk der Architektur und Natur ist.<\/p>\n<\/div><\/div><div class=\"clear\"><\/div><\/div><\/div><\/div><\/div><\/div><\/div><div class=\"wpb_column pos-top pos-center align_left column_parent col-lg-6 single-internal-gutter\"><div class=\"uncol style-light\"  ><div class=\"uncoltable\"><div class=\"uncell no-block-padding\" ><div class=\"uncont\" ><div class=\"uncode-single-media  text-left\"><div class=\"single-wrapper\" style=\"max-width: 100%;\"><div class=\"tmb tmb-light  tmb-img-ratio tmb-media-first tmb-media-last tmb-content-overlay tmb-no-bg\"><div class=\"t-inside\"><div class=\"t-entry-visual\"><div class=\"t-entry-visual-tc\"><div class=\"uncode-single-media-wrapper\"><div class=\"dummy\" style=\"padding-top: 75%;\"><\/div><img decoding=\"async\" class=\"wp-image-1635\" src=\"https:\/\/shop.tenutadelleripalte.it\/wp-content\/uploads\/2023\/03\/VIP0-uai-1517x1138.jpg\" width=\"1517\" height=\"1138\" alt=\"\" srcset=\"https:\/\/shop.tenutadelleripalte.it\/wp-content\/uploads\/2023\/03\/VIP0-uai-1517x1138.jpg 1517w, https:\/\/shop.tenutadelleripalte.it\/wp-content\/uploads\/2023\/03\/VIP0-uai-720x540.jpg 720w, https:\/\/shop.tenutadelleripalte.it\/wp-content\/uploads\/2023\/03\/VIP0-uai-1032x774.jpg 1032w\" sizes=\"(max-width: 1517px) 100vw, 1517px\" \/><\/div>\n\t\t\t\t\t<\/div>\n\t\t\t\t<\/div><\/div><\/div><\/div><\/div><\/div><\/div><\/div><\/div><\/div><script id=\"script-row-unique-4\" data-row=\"script-row-unique-4\" type=\"text\/javascript\" class=\"vc_controls\">UNCODE.initRow(document.getElementById(\"row-unique-4\"));<\/script><\/div><\/div><\/div>\n<\/div>","protected":false},"excerpt":{"rendered":"Chi Siamo: Un Viaggio nel Cuore dell\u2019Isola d\u2019ElbaAlla Tenuta delle Ripalte, il nostro amore per la viticoltura si intreccia con [...]","protected":false},"author":6,"featured_media":0,"parent":0,"menu_order":0,"comment_status":"closed","ping_status":"closed","template":"","meta":{"footnotes":""},"class_list":["post-2672","page","type-page","status-publish","hentry"],"_links":{"self":[{"href":"https:\/\/shop.tenutadelleripalte.it\/de\/wp-json\/wp\/v2\/pages\/2672","targetHints":{"allow":["GET"]}}],"collection":[{"href":"https:\/\/shop.tenutadelleripalte.it\/de\/wp-json\/wp\/v2\/pages"}],"about":[{"href":"https:\/\/shop.tenutadelleripalte.it\/de\/wp-json\/wp\/v2\/types\/page"}],"author":[{"embeddable":true,"href":"https:\/\/shop.tenutadelleripalte.it\/de\/wp-json\/wp\/v2\/users\/6"}],"replies":[{"embeddable":true,"href":"https:\/\/shop.tenutadelleripalte.it\/de\/wp-json\/wp\/v2\/comments?post=2672"}],"version-history":[{"count":11,"href":"https:\/\/shop.tenutadelleripalte.it\/de\/wp-json\/wp\/v2\/pages\/2672\/revisions"}],"predecessor-version":[{"id":2684,"href":"https:\/\/shop.tenutadelleripalte.it\/de\/wp-json\/wp\/v2\/pages\/2672\/revisions\/2684"}],"wp:attachment":[{"href":"https:\/\/shop.tenutadelleripalte.it\/de\/wp-json\/wp\/v2\/media?parent=2672"}],"curies":[{"name":"wp","href":"https:\/\/api.w.org\/{rel}","templated":true}]}}