{"id":1293,"date":"2023-02-10T11:11:55","date_gmt":"2023-02-10T10:11:55","guid":{"rendered":"https:\/\/shop.tenutadelleripalte.it\/?post_type=product&#038;p=1293"},"modified":"2026-03-06T14:26:21","modified_gmt":"2026-03-06T13:26:21","slug":"grappa-di-aleatico","status":"publish","type":"product","link":"https:\/\/shop.tenutadelleripalte.it\/de\/shop\/grappa-di-aleatico\/","title":{"rendered":"GRAPPA DI ALEATICO"},"content":{"rendered":"<div class=\"wpb-content-wrapper\"><div data-parent=\"true\" class=\"vc_row prodinfo row-container\" id=\"row-unique-0\"><div class=\"row single-top-padding no-bottom-padding single-h-padding limit-width row-parent\"><div class=\"wpb_row row-inner\"><div class=\"wpb_column pos-top pos-center align_left column_parent col-lg-12 single-internal-gutter\"><div class=\"uncol style-light\"  ><div class=\"uncoltable\"><div class=\"uncell no-block-padding\" ><div class=\"uncont\" ><div class=\"vc_custom_heading_wrap\"><div class=\"heading-text el-text\" ><h2 class=\"font-181210 h2 text-uppercase\" ><span>Technische Informationen<\/span><\/h2><\/div><div class=\"clear\"><\/div><\/div><\/div><\/div><\/div><\/div><\/div><script id=\"script-row-unique-0\" data-row=\"script-row-unique-0\" type=\"text\/javascript\" class=\"vc_controls\">UNCODE.initRow(document.getElementById(\"row-unique-0\"));<\/script><\/div><\/div><\/div><div data-parent=\"true\" class=\"vc_row prodinfo row-container\" id=\"row-unique-1\"><div class=\"row col-double-gutter limit-width row-parent\"><div class=\"wpb_row row-inner\"><div class=\"wpb_column pos-top pos-center align_left column_parent col-lg-6 no-internal-gutter\"><div class=\"uncol style-light\"  ><div class=\"uncoltable\"><div class=\"uncell no-block-padding\" ><div class=\"uncont\" ><div class=\"vc_row row-internal row-container\"><div class=\"row col-one-gutter row-child\"><div class=\"wpb_row row-inner\"><div class=\"wpb_column pos-top pos-center align_left column_child col-lg-2 col-md-25 col-sm-16 single-internal-gutter\"><div class=\"uncol style-light\" ><div class=\"uncoltable\"><div class=\"uncell no-block-padding\" ><div class=\"uncont\" ><div class=\"uncode-single-media  text-left\"><div class=\"single-wrapper\" style=\"max-width: 30px;\"><div class=\"tmb tmb-light  tmb-media-first tmb-media-last tmb-content-overlay tmb-no-bg\"><div class=\"t-inside\"><div class=\"t-entry-visual\"><div class=\"t-entry-visual-tc\"><div class=\"uncode-single-media-wrapper\"><img decoding=\"async\" class=\"wp-image-2647\" src=\"https:\/\/shop.tenutadelleripalte.it\/wp-content\/uploads\/2025\/03\/width_200-1.webp\" width=\"200\" height=\"200\" alt=\"\" srcset=\"https:\/\/shop.tenutadelleripalte.it\/wp-content\/uploads\/2025\/03\/width_200-1.webp 200w, https:\/\/shop.tenutadelleripalte.it\/wp-content\/uploads\/2025\/03\/width_200-1-150x150.webp 150w, https:\/\/shop.tenutadelleripalte.it\/wp-content\/uploads\/2025\/03\/width_200-1-12x12.webp 12w, https:\/\/shop.tenutadelleripalte.it\/wp-content\/uploads\/2025\/03\/width_200-1-100x100.webp 100w\" sizes=\"(max-width: 200px) 100vw, 200px\" \/><\/div>\n\t\t\t\t\t<\/div>\n\t\t\t\t<\/div><\/div><\/div><\/div><\/div><\/div><\/div><\/div><\/div><\/div><div class=\"wpb_column pos-top pos-center align_left column_child col-lg-4 col-md-25 col-sm-33 single-internal-gutter\"><div class=\"uncol style-light\" ><div class=\"uncoltable\"><div class=\"uncell no-block-padding\" ><div class=\"uncont\" ><div class=\"uncode_text_column\" ><p><strong>Jahrgang<\/strong><\/p>\n<\/div><\/div><\/div><\/div><\/div><\/div><div class=\"wpb_column pos-top pos-center align_right column_child col-lg-6 col-md-50 col-sm-50 single-internal-gutter\"><div class=\"uncol style-light\" ><div class=\"uncoltable\"><div class=\"uncell no-block-padding\" ><div class=\"uncont\" ><div class=\"uncode_text_column\" ><p>&#8211;<\/p>\n<\/div><\/div><\/div><\/div><\/div><\/div><\/div><\/div><\/div><div class=\"divider-wrapper\"  >\n    <hr class=\"separator-no-padding\"  \/>\n<\/div>\n<div class=\"vc_row row-internal row-container\"><div class=\"row col-one-gutter row-child\"><div class=\"wpb_row row-inner\"><div class=\"wpb_column pos-top pos-center align_left column_child col-lg-2 col-md-25 col-sm-16 single-internal-gutter\"><div class=\"uncol style-light\" ><div class=\"uncoltable\"><div class=\"uncell no-block-padding\" ><div class=\"uncont\" ><div class=\"uncode-single-media  text-left\"><div class=\"single-wrapper\" style=\"max-width: 30px;\"><div class=\"tmb tmb-light  tmb-media-first tmb-media-last tmb-content-overlay tmb-no-bg\"><div class=\"t-inside\"><div class=\"t-entry-visual\"><div class=\"t-entry-visual-tc\"><div class=\"uncode-single-media-wrapper\"><img decoding=\"async\" class=\"wp-image-2642\" src=\"https:\/\/shop.tenutadelleripalte.it\/wp-content\/uploads\/2025\/03\/width_200-6.webp\" width=\"200\" height=\"200\" alt=\"\" srcset=\"https:\/\/shop.tenutadelleripalte.it\/wp-content\/uploads\/2025\/03\/width_200-6.webp 200w, https:\/\/shop.tenutadelleripalte.it\/wp-content\/uploads\/2025\/03\/width_200-6-150x150.webp 150w, https:\/\/shop.tenutadelleripalte.it\/wp-content\/uploads\/2025\/03\/width_200-6-12x12.webp 12w, https:\/\/shop.tenutadelleripalte.it\/wp-content\/uploads\/2025\/03\/width_200-6-100x100.webp 100w\" sizes=\"(max-width: 200px) 100vw, 200px\" \/><\/div>\n\t\t\t\t\t<\/div>\n\t\t\t\t<\/div><\/div><\/div><\/div><\/div><\/div><\/div><\/div><\/div><\/div><div class=\"wpb_column pos-top pos-center align_left column_child col-lg-4 col-md-25 col-sm-33 single-internal-gutter\"><div class=\"uncol style-light\" ><div class=\"uncoltable\"><div class=\"uncell no-block-padding\" ><div class=\"uncont\" ><div class=\"uncode_text_column\" ><p><strong>Name<\/strong><\/p>\n<\/div><\/div><\/div><\/div><\/div><\/div><div class=\"wpb_column pos-top pos-center align_right column_child col-lg-6 col-md-50 col-sm-50 single-internal-gutter\"><div class=\"uncol style-light\" ><div class=\"uncoltable\"><div class=\"uncell no-block-padding\" ><div class=\"uncont\" ><div class=\"uncode_text_column\" ><p>Grappa<\/p>\n<\/div><\/div><\/div><\/div><\/div><\/div><\/div><\/div><\/div><div class=\"divider-wrapper\"  >\n    <hr class=\"separator-no-padding\"  \/>\n<\/div>\n<div class=\"vc_row row-internal row-container\"><div class=\"row col-one-gutter row-child\"><div class=\"wpb_row row-inner\"><div class=\"wpb_column pos-top pos-center align_left column_child col-lg-2 col-md-25 col-sm-16 single-internal-gutter\"><div class=\"uncol style-light\" ><div class=\"uncoltable\"><div class=\"uncell no-block-padding\" ><div class=\"uncont\" ><div class=\"uncode-single-media  text-left\"><div class=\"single-wrapper\" style=\"max-width: 30px;\"><div class=\"tmb tmb-light  tmb-media-first tmb-media-last tmb-content-overlay tmb-no-bg\"><div class=\"t-inside\"><div class=\"t-entry-visual\"><div class=\"t-entry-visual-tc\"><div class=\"uncode-single-media-wrapper\"><img decoding=\"async\" class=\"wp-image-2645\" src=\"https:\/\/shop.tenutadelleripalte.it\/wp-content\/uploads\/2025\/03\/width_200-3.webp\" width=\"200\" height=\"200\" alt=\"\" srcset=\"https:\/\/shop.tenutadelleripalte.it\/wp-content\/uploads\/2025\/03\/width_200-3.webp 200w, https:\/\/shop.tenutadelleripalte.it\/wp-content\/uploads\/2025\/03\/width_200-3-150x150.webp 150w, https:\/\/shop.tenutadelleripalte.it\/wp-content\/uploads\/2025\/03\/width_200-3-12x12.webp 12w, https:\/\/shop.tenutadelleripalte.it\/wp-content\/uploads\/2025\/03\/width_200-3-100x100.webp 100w\" sizes=\"(max-width: 200px) 100vw, 200px\" \/><\/div>\n\t\t\t\t\t<\/div>\n\t\t\t\t<\/div><\/div><\/div><\/div><\/div><\/div><\/div><\/div><\/div><\/div><div class=\"wpb_column pos-top pos-center align_left column_child col-lg-4 col-md-25 col-sm-33 single-internal-gutter\"><div class=\"uncol style-light\" ><div class=\"uncoltable\"><div class=\"uncell no-block-padding\" ><div class=\"uncont\" ><div class=\"uncode_text_column\" ><p><strong>Typologie<\/strong><\/p>\n<\/div><\/div><\/div><\/div><\/div><\/div><div class=\"wpb_column pos-top pos-center align_right column_child col-lg-6 col-md-50 col-sm-50 single-internal-gutter\"><div class=\"uncol style-light\" ><div class=\"uncoltable\"><div class=\"uncell no-block-padding\" ><div class=\"uncont\" ><div class=\"uncode_text_column\" ><p>Grappa<\/p>\n<\/div><\/div><\/div><\/div><\/div><\/div><\/div><\/div><\/div><div class=\"divider-wrapper\"  >\n    <hr class=\"separator-no-padding\"  \/>\n<\/div>\n<div class=\"vc_row row-internal row-container\"><div class=\"row col-one-gutter row-child\"><div class=\"wpb_row row-inner\"><div class=\"wpb_column pos-top pos-center align_left column_child col-lg-2 col-md-25 col-sm-16 single-internal-gutter\"><div class=\"uncol style-light\" ><div class=\"uncoltable\"><div class=\"uncell no-block-padding\" ><div class=\"uncont\" ><div class=\"uncode-single-media  text-left\"><div class=\"single-wrapper\" style=\"max-width: 30px;\"><div class=\"tmb tmb-light  tmb-media-first tmb-media-last tmb-content-overlay tmb-no-bg\"><div class=\"t-inside\"><div class=\"t-entry-visual\"><div class=\"t-entry-visual-tc\"><div class=\"uncode-single-media-wrapper\"><img decoding=\"async\" class=\"wp-image-2641\" src=\"https:\/\/shop.tenutadelleripalte.it\/wp-content\/uploads\/2025\/03\/width_200-7.webp\" width=\"200\" height=\"200\" alt=\"\" srcset=\"https:\/\/shop.tenutadelleripalte.it\/wp-content\/uploads\/2025\/03\/width_200-7.webp 200w, https:\/\/shop.tenutadelleripalte.it\/wp-content\/uploads\/2025\/03\/width_200-7-150x150.webp 150w, https:\/\/shop.tenutadelleripalte.it\/wp-content\/uploads\/2025\/03\/width_200-7-12x12.webp 12w, https:\/\/shop.tenutadelleripalte.it\/wp-content\/uploads\/2025\/03\/width_200-7-100x100.webp 100w\" sizes=\"(max-width: 200px) 100vw, 200px\" \/><\/div>\n\t\t\t\t\t<\/div>\n\t\t\t\t<\/div><\/div><\/div><\/div><\/div><\/div><\/div><\/div><\/div><\/div><div class=\"wpb_column pos-top pos-center align_left column_child col-lg-4 col-md-25 col-sm-33 single-internal-gutter\"><div class=\"uncol style-light\" ><div class=\"uncoltable\"><div class=\"uncell no-block-padding\" ><div class=\"uncont\" ><div class=\"uncode_text_column\" ><p><strong>Rebsorte<\/strong><\/p>\n<\/div><\/div><\/div><\/div><\/div><\/div><div class=\"wpb_column pos-top pos-center align_right column_child col-lg-6 col-md-50 col-sm-50 single-internal-gutter\"><div class=\"uncol style-light\" ><div class=\"uncoltable\"><div class=\"uncell no-block-padding\" ><div class=\"uncont\" ><div class=\"uncode_text_column\" ><p><span style=\"font-weight: 400;\">Aleatico-Trester<\/span><\/p>\n<\/div><\/div><\/div><\/div><\/div><\/div><\/div><\/div><\/div><div class=\"divider-wrapper\"  >\n    <hr class=\"separator-no-padding\"  \/>\n<\/div>\n<\/div><\/div><\/div><\/div><\/div><div class=\"wpb_column pos-top pos-center align_left column_parent col-lg-6 no-internal-gutter\"><div class=\"uncol style-light\"  ><div class=\"uncoltable\"><div class=\"uncell no-block-padding\" ><div class=\"uncont\" ><div class=\"vc_row row-internal row-container\"><div class=\"row col-one-gutter row-child\"><div class=\"wpb_row row-inner\"><div class=\"wpb_column pos-top pos-center align_left column_child col-lg-2 col-md-25 col-sm-16 single-internal-gutter\"><div class=\"uncol style-light\" ><div class=\"uncoltable\"><div class=\"uncell no-block-padding\" ><div class=\"uncont\" ><div class=\"uncode-single-media  text-left\"><div class=\"single-wrapper\" style=\"max-width: 30px;\"><div class=\"tmb tmb-light  tmb-media-first tmb-media-last tmb-content-overlay tmb-no-bg\"><div class=\"t-inside\"><div class=\"t-entry-visual\"><div class=\"t-entry-visual-tc\"><div class=\"uncode-single-media-wrapper\"><img decoding=\"async\" class=\"wp-image-2646\" src=\"https:\/\/shop.tenutadelleripalte.it\/wp-content\/uploads\/2025\/03\/width_200-2.webp\" width=\"200\" height=\"200\" alt=\"\" srcset=\"https:\/\/shop.tenutadelleripalte.it\/wp-content\/uploads\/2025\/03\/width_200-2.webp 200w, https:\/\/shop.tenutadelleripalte.it\/wp-content\/uploads\/2025\/03\/width_200-2-150x150.webp 150w, https:\/\/shop.tenutadelleripalte.it\/wp-content\/uploads\/2025\/03\/width_200-2-12x12.webp 12w, https:\/\/shop.tenutadelleripalte.it\/wp-content\/uploads\/2025\/03\/width_200-2-100x100.webp 100w\" sizes=\"(max-width: 200px) 100vw, 200px\" \/><\/div>\n\t\t\t\t\t<\/div>\n\t\t\t\t<\/div><\/div><\/div><\/div><\/div><\/div><\/div><\/div><\/div><\/div><div class=\"wpb_column pos-top pos-center align_left column_child col-lg-4 col-md-25 col-sm-33 single-internal-gutter\"><div class=\"uncol style-light\" ><div class=\"uncoltable\"><div class=\"uncell no-block-padding\" ><div class=\"uncont\" ><div class=\"uncode_text_column\" ><p><strong>Flaschenformat<\/strong><\/p>\n<\/div><\/div><\/div><\/div><\/div><\/div><div class=\"wpb_column pos-top pos-center align_right column_child col-lg-6 col-md-50 col-sm-50 single-internal-gutter\"><div class=\"uncol style-light\" ><div class=\"uncoltable\"><div class=\"uncell no-block-padding\" ><div class=\"uncont\" ><div class=\"uncode_text_column\" ><p>0,5 l<\/p>\n<\/div><\/div><\/div><\/div><\/div><\/div><\/div><\/div><\/div><div class=\"divider-wrapper\"  >\n    <hr class=\"separator-no-padding\"  \/>\n<\/div>\n<div class=\"vc_row row-internal row-container\"><div class=\"row col-one-gutter row-child\"><div class=\"wpb_row row-inner\"><div class=\"wpb_column pos-top pos-center align_left column_child col-lg-2 col-md-25 col-sm-16 single-internal-gutter\"><div class=\"uncol style-light\" ><div class=\"uncoltable\"><div class=\"uncell no-block-padding\" ><div class=\"uncont\" ><div class=\"uncode-single-media  text-left\"><div class=\"single-wrapper\" style=\"max-width: 30px;\"><div class=\"tmb tmb-light  tmb-media-first tmb-media-last tmb-content-overlay tmb-no-bg\"><div class=\"t-inside\"><div class=\"t-entry-visual\"><div class=\"t-entry-visual-tc\"><div class=\"uncode-single-media-wrapper\"><img decoding=\"async\" class=\"wp-image-2643\" src=\"https:\/\/shop.tenutadelleripalte.it\/wp-content\/uploads\/2025\/03\/width_200-5.webp\" width=\"200\" height=\"200\" alt=\"\" srcset=\"https:\/\/shop.tenutadelleripalte.it\/wp-content\/uploads\/2025\/03\/width_200-5.webp 200w, https:\/\/shop.tenutadelleripalte.it\/wp-content\/uploads\/2025\/03\/width_200-5-150x150.webp 150w, https:\/\/shop.tenutadelleripalte.it\/wp-content\/uploads\/2025\/03\/width_200-5-12x12.webp 12w, https:\/\/shop.tenutadelleripalte.it\/wp-content\/uploads\/2025\/03\/width_200-5-100x100.webp 100w\" sizes=\"(max-width: 200px) 100vw, 200px\" \/><\/div>\n\t\t\t\t\t<\/div>\n\t\t\t\t<\/div><\/div><\/div><\/div><\/div><\/div><\/div><\/div><\/div><\/div><div class=\"wpb_column pos-top pos-center align_left column_child col-lg-4 col-md-25 col-sm-33 single-internal-gutter\"><div class=\"uncol style-light\" ><div class=\"uncoltable\"><div class=\"uncell no-block-padding\" ><div class=\"uncont\" ><div class=\"uncode_text_column\" ><p><strong>Alkoholgehalt<\/strong><\/p>\n<\/div><\/div><\/div><\/div><\/div><\/div><div class=\"wpb_column pos-top pos-center align_right column_child col-lg-6 col-md-50 col-sm-50 single-internal-gutter\"><div class=\"uncol style-light\" ><div class=\"uncoltable\"><div class=\"uncell no-block-padding\" ><div class=\"uncont\" ><div class=\"uncode_text_column\" ><p><span style=\"font-weight: 400;\">42% Bd.\u00a0<\/span><\/p>\n<\/div><\/div><\/div><\/div><\/div><\/div><\/div><\/div><\/div><div class=\"divider-wrapper\"  >\n    <hr class=\"separator-no-padding\"  \/>\n<\/div>\n<div class=\"vc_row row-internal row-container\"><div class=\"row col-one-gutter row-child\"><div class=\"wpb_row row-inner\"><div class=\"wpb_column pos-top pos-center align_left column_child col-lg-2 col-md-25 col-sm-16 single-internal-gutter\"><div class=\"uncol style-light\" ><div class=\"uncoltable\"><div class=\"uncell no-block-padding\" ><div class=\"uncont\" ><div class=\"uncode-single-media  text-left\"><div class=\"single-wrapper\" style=\"max-width: 30px;\"><div class=\"tmb tmb-light  tmb-media-first tmb-media-last tmb-content-overlay tmb-no-bg\"><div class=\"t-inside\"><div class=\"t-entry-visual\"><div class=\"t-entry-visual-tc\"><div class=\"uncode-single-media-wrapper\"><img decoding=\"async\" class=\"wp-image-2644\" src=\"https:\/\/shop.tenutadelleripalte.it\/wp-content\/uploads\/2025\/03\/width_200-4.webp\" width=\"200\" height=\"200\" alt=\"\" srcset=\"https:\/\/shop.tenutadelleripalte.it\/wp-content\/uploads\/2025\/03\/width_200-4.webp 200w, https:\/\/shop.tenutadelleripalte.it\/wp-content\/uploads\/2025\/03\/width_200-4-150x150.webp 150w, https:\/\/shop.tenutadelleripalte.it\/wp-content\/uploads\/2025\/03\/width_200-4-12x12.webp 12w, https:\/\/shop.tenutadelleripalte.it\/wp-content\/uploads\/2025\/03\/width_200-4-100x100.webp 100w\" sizes=\"(max-width: 200px) 100vw, 200px\" \/><\/div>\n\t\t\t\t\t<\/div>\n\t\t\t\t<\/div><\/div><\/div><\/div><\/div><\/div><\/div><\/div><\/div><\/div><div class=\"wpb_column pos-top pos-center align_left column_child col-lg-4 col-md-25 col-sm-33 single-internal-gutter\"><div class=\"uncol style-light\" ><div class=\"uncoltable\"><div class=\"uncell no-block-padding\" ><div class=\"uncont\" ><div class=\"uncode_text_column\" ><p><strong>Weinbereitung und Verfeinerung<\/strong><\/p>\n<\/div><\/div><\/div><\/div><\/div><\/div><div class=\"wpb_column pos-top pos-center align_right column_child col-lg-6 col-md-50 col-sm-50 single-internal-gutter\"><div class=\"uncol style-light\" ><div class=\"uncoltable\"><div class=\"uncell no-block-padding\" ><div class=\"uncont\" ><div class=\"uncode_text_column\" ><p><span style=\"font-weight: 400;\">Diskontinuierliche Destille<\/span><\/p>\n<\/div><\/div><\/div><\/div><\/div><\/div><\/div><\/div><\/div><div class=\"divider-wrapper\"  >\n    <hr class=\"separator-no-padding\"  \/>\n<\/div>\n<div class=\"vc_row row-internal row-container\"><div class=\"row col-one-gutter row-child\"><div class=\"wpb_row row-inner\"><div class=\"wpb_column pos-top pos-center align_left column_child col-lg-2 col-md-25 col-sm-16 single-internal-gutter\"><div class=\"uncol style-light\" ><div class=\"uncoltable\"><div class=\"uncell no-block-padding\" ><div class=\"uncont\" ><div class=\"uncode-single-media  text-left\"><div class=\"single-wrapper\" style=\"max-width: 30px;\"><div class=\"tmb tmb-light  tmb-media-first tmb-media-last tmb-content-overlay tmb-no-bg\"><div class=\"t-inside\"><div class=\"t-entry-visual\"><div class=\"t-entry-visual-tc\"><div class=\"uncode-single-media-wrapper\"><img decoding=\"async\" class=\"wp-image-2648\" src=\"https:\/\/shop.tenutadelleripalte.it\/wp-content\/uploads\/2025\/03\/width_200.webp\" width=\"200\" height=\"200\" alt=\"\" srcset=\"https:\/\/shop.tenutadelleripalte.it\/wp-content\/uploads\/2025\/03\/width_200.webp 200w, https:\/\/shop.tenutadelleripalte.it\/wp-content\/uploads\/2025\/03\/width_200-150x150.webp 150w, https:\/\/shop.tenutadelleripalte.it\/wp-content\/uploads\/2025\/03\/width_200-12x12.webp 12w, https:\/\/shop.tenutadelleripalte.it\/wp-content\/uploads\/2025\/03\/width_200-100x100.webp 100w\" sizes=\"(max-width: 200px) 100vw, 200px\" \/><\/div>\n\t\t\t\t\t<\/div>\n\t\t\t\t<\/div><\/div><\/div><\/div><\/div><\/div><\/div><\/div><\/div><\/div><div class=\"wpb_column pos-top pos-center align_left column_child col-lg-4 col-md-25 col-sm-33 single-internal-gutter\"><div class=\"uncol style-light\" ><div class=\"uncoltable\"><div class=\"uncell no-block-padding\" ><div class=\"uncont\" ><div class=\"uncode_text_column\" ><p><strong>Serviertemperatur<\/strong><\/p>\n<\/div><\/div><\/div><\/div><\/div><\/div><div class=\"wpb_column pos-top pos-center align_right column_child col-lg-6 col-md-50 col-sm-50 single-internal-gutter\"><div class=\"uncol style-light\" ><div class=\"uncoltable\"><div class=\"uncell no-block-padding\" ><div class=\"uncont\" ><div class=\"uncode_text_column\" ><p><span style=\"font-weight: 400;\">8-12\u00b0C<\/span><\/p>\n<\/div><\/div><\/div><\/div><\/div><\/div><\/div><\/div><\/div><div class=\"divider-wrapper\"  >\n    <hr class=\"separator-no-padding\"  \/>\n<\/div>\n<\/div><\/div><\/div><\/div><\/div><script id=\"script-row-unique-1\" data-row=\"script-row-unique-1\" type=\"text\/javascript\" class=\"vc_controls\">UNCODE.initRow(document.getElementById(\"row-unique-1\"));<\/script><\/div><\/div><\/div><div data-parent=\"true\" class=\"vc_row row-container\" id=\"row-unique-2\"><div class=\"row limit-width row-parent\"><div class=\"wpb_row row-inner\"><div class=\"wpb_column pos-top pos-center align_left column_parent col-lg-12 single-internal-gutter\"><div class=\"uncol style-light\"  ><div class=\"uncoltable\"><div class=\"uncell no-block-padding\" ><div class=\"uncont\" ><div class=\"vc_custom_heading_wrap\"><div class=\"heading-text el-text\" ><h2 class=\"font-181210 h2 text-uppercase\" ><span>Beschreibung<\/span><\/h2><\/div><div class=\"clear\"><\/div><\/div><div class=\"uncode_text_column\" ><p>Der Grappa di Aleatico von Tenuta delle Ripalte wird aus frischem Trester der Aleatico hergestellt, einer f\u00fcr Elba typischen aromatischen roten Rebsorte. Nach dem Pressen der Trauben zur Herstellung von Passito-Wein wird der noch immer duftende und gehaltvolle Trester zur Destillation geschickt. Dieser Prozess, der der Meisterschaft von Vittorio Capovilla und seiner renommierten Brennerei anvertraut ist, erm\u00f6glicht es uns, einen Grappa mit ungew\u00f6hnlichen Eigenschaften zu erhalten.<\/p>\n<p>&nbsp;<\/p>\n<p><strong>DESTILLATION<\/strong><br \/>\nDieser Grappa wird handwerklich in einer diskontinuierlichen Wasserbaddestille destilliert und aus frischem Aleatico-Trester hergestellt, der aufgrund seines aromatischen Reichtums ausgew\u00e4hlt wurde. Durch den langsamen und kontrollierten Destillationsprozess k\u00f6nnen die sortentypischen Eigenschaften der Rebe optimal extrahiert werden.<\/p>\n<p><strong>VERFEINERUNG<\/strong><br \/>\nUm die Reinheit und Intensit\u00e4t der Aromen zu bewahren, wird der Grappa nicht in Holzf\u00e4ssern gereift, wodurch sein nat\u00fcrlicher Duft und das authentische Profil des Aleatico erhalten bleiben.<\/p>\n<p><strong>SENSORISCHE HINWEISE<\/strong><br \/>\nFarbe: Kristallin und transparent, ein Hinweis auf Reinheit und Qualit\u00e4t.<br \/>\nAroma: Elegant und intensiv, mit floralen Noten, roten Fr\u00fcchten, Marmelade und einem zarten Hauch mediterraner Macchia.<br \/>\nGeschmack: Weich, harmonisch und anhaltend, mit einer perfekten Balance zwischen S\u00fc\u00dfe und aromatischer Lebhaftigkeit.<\/p>\n<\/div><\/div><\/div><\/div><\/div><\/div><script id=\"script-row-unique-2\" data-row=\"script-row-unique-2\" type=\"text\/javascript\" class=\"vc_controls\">UNCODE.initRow(document.getElementById(\"row-unique-2\"));<\/script><\/div><\/div><\/div>\n<\/div>","protected":false},"excerpt":{"rendered":"<p>Ein Destillat, das die Seele der Insel Elba einf\u00e4ngt und den Aleatico-Trester in einen raffinierten und aromatischen Grappa verwandelt, der den Reichtum und die Komplexit\u00e4t dieser einheimischen Rebe zum Ausdruck bringt.<\/p>\n[vc_button size=\"link\" btn_link_underline=\"btn-underline\" trp_param_show_language=\"it_IT\" trp_param_show=\"true\" button_color_type=\"uncode-palette\" button_color_solid=\"#ff0000\" uncode_shortcode_id=\"306934\" link=\"url:\/wp-content\/uploads\/2026\/03\/CTDR_Schede-Vini_2026_GrappaDiAleatico.pdf|target:_blank\"]Scheda Tecnica[\/vc_button]\n[vc_button size=\"link\" btn_link_underline=\"btn-underline\" trp_param_show_language=\"en_GB\" trp_param_show=\"true\" button_color_type=\"uncode-palette\" button_color_solid=\"#ff0000\" uncode_shortcode_id=\"129070\" link=\"url:\/wp-content\/uploads\/2026\/03\/CTDR_Schede-Vini_2026_GrappaDiAleatico_eng.pdf|target:_blank\"]Technical Sheet[\/vc_button]\n[vc_button size=\"link\" btn_link_underline=\"btn-underline\" trp_param_show_language=\"de_DE\" trp_param_show=\"true\" button_color_type=\"uncode-palette\" button_color_solid=\"#ff0000\" uncode_shortcode_id=\"638496\" link=\"url:\/wp-content\/uploads\/2026\/03\/CTDR_Schede-Vini_2026_GrappaDiAleatico_deu.pdf|target:_blank\"]Technisches Datenblatt[\/vc_button]","protected":false},"featured_media":2942,"template":"","meta":[],"product_brand":[],"product_cat":[18],"product_tag":[130],"class_list":{"0":"post-1293","1":"product","2":"type-product","3":"status-publish","4":"has-post-thumbnail","6":"product_cat-grappa-e-vino-dolce","7":"product_tag-grappa","9":"first","10":"instock","11":"taxable","12":"shipping-taxable","13":"purchasable","14":"product-type-simple"},"_links":{"self":[{"href":"https:\/\/shop.tenutadelleripalte.it\/de\/wp-json\/wp\/v2\/product\/1293","targetHints":{"allow":["GET"]}}],"collection":[{"href":"https:\/\/shop.tenutadelleripalte.it\/de\/wp-json\/wp\/v2\/product"}],"about":[{"href":"https:\/\/shop.tenutadelleripalte.it\/de\/wp-json\/wp\/v2\/types\/product"}],"wp:featuredmedia":[{"embeddable":true,"href":"https:\/\/shop.tenutadelleripalte.it\/de\/wp-json\/wp\/v2\/media\/2942"}],"wp:attachment":[{"href":"https:\/\/shop.tenutadelleripalte.it\/de\/wp-json\/wp\/v2\/media?parent=1293"}],"wp:term":[{"taxonomy":"product_brand","embeddable":true,"href":"https:\/\/shop.tenutadelleripalte.it\/de\/wp-json\/wp\/v2\/product_brand?post=1293"},{"taxonomy":"product_cat","embeddable":true,"href":"https:\/\/shop.tenutadelleripalte.it\/de\/wp-json\/wp\/v2\/product_cat?post=1293"},{"taxonomy":"product_tag","embeddable":true,"href":"https:\/\/shop.tenutadelleripalte.it\/de\/wp-json\/wp\/v2\/product_tag?post=1293"}],"curies":[{"name":"wp","href":"https:\/\/api.w.org\/{rel}","templated":true}]}}