{"id":1296,"date":"2023-02-10T11:17:34","date_gmt":"2023-02-10T10:17:34","guid":{"rendered":"https:\/\/shop.tenutadelleripalte.it\/?post_type=product&#038;p=1296"},"modified":"2026-03-11T10:25:56","modified_gmt":"2026-03-11T09:25:56","slug":"rosato-delle-ripalte","status":"publish","type":"product","link":"https:\/\/shop.tenutadelleripalte.it\/de\/shop\/rosato-delle-ripalte\/","title":{"rendered":"ROSATO DELLE RIPALTE"},"content":{"rendered":"<div class=\"wpb-content-wrapper\"><div data-parent=\"true\" class=\"vc_row prodinfo row-container\" id=\"row-unique-0\"><div class=\"row single-top-padding no-bottom-padding single-h-padding limit-width row-parent\"><div class=\"wpb_row row-inner\"><div class=\"wpb_column pos-top pos-center align_left column_parent col-lg-12 single-internal-gutter\"><div class=\"uncol style-light\"  ><div class=\"uncoltable\"><div class=\"uncell no-block-padding\" ><div class=\"uncont\" ><div class=\"vc_custom_heading_wrap\"><div class=\"heading-text el-text\" ><h2 class=\"font-181210 h2 text-uppercase\" ><span>Technische Informationen<\/span><\/h2><\/div><div class=\"clear\"><\/div><\/div><\/div><\/div><\/div><\/div><\/div><script id=\"script-row-unique-0\" data-row=\"script-row-unique-0\" type=\"text\/javascript\" class=\"vc_controls\">UNCODE.initRow(document.getElementById(\"row-unique-0\"));<\/script><\/div><\/div><\/div><div data-parent=\"true\" class=\"vc_row prodinfo row-container\" id=\"row-unique-1\"><div class=\"row col-double-gutter limit-width row-parent\"><div class=\"wpb_row row-inner\"><div class=\"wpb_column pos-top pos-center align_left column_parent col-lg-6 no-internal-gutter\"><div class=\"uncol style-light\"  ><div class=\"uncoltable\"><div class=\"uncell no-block-padding\" ><div class=\"uncont\" ><div class=\"vc_row row-internal row-container\"><div class=\"row col-one-gutter row-child\"><div class=\"wpb_row row-inner\"><div class=\"wpb_column pos-top pos-center align_left column_child col-lg-2 col-md-25 col-sm-16 single-internal-gutter\"><div class=\"uncol style-light\" ><div class=\"uncoltable\"><div class=\"uncell no-block-padding\" ><div class=\"uncont\" ><div class=\"uncode-single-media  text-left\"><div class=\"single-wrapper\" style=\"max-width: 30px;\"><div class=\"tmb tmb-light  tmb-media-first tmb-media-last tmb-content-overlay tmb-no-bg\"><div class=\"t-inside\"><div class=\"t-entry-visual\"><div class=\"t-entry-visual-tc\"><div class=\"uncode-single-media-wrapper\"><img decoding=\"async\" class=\"wp-image-2647\" src=\"https:\/\/shop.tenutadelleripalte.it\/wp-content\/uploads\/2025\/03\/width_200-1.webp\" width=\"200\" height=\"200\" alt=\"\" srcset=\"https:\/\/shop.tenutadelleripalte.it\/wp-content\/uploads\/2025\/03\/width_200-1.webp 200w, https:\/\/shop.tenutadelleripalte.it\/wp-content\/uploads\/2025\/03\/width_200-1-150x150.webp 150w, https:\/\/shop.tenutadelleripalte.it\/wp-content\/uploads\/2025\/03\/width_200-1-12x12.webp 12w, https:\/\/shop.tenutadelleripalte.it\/wp-content\/uploads\/2025\/03\/width_200-1-100x100.webp 100w\" sizes=\"(max-width: 200px) 100vw, 200px\" \/><\/div>\n\t\t\t\t\t<\/div>\n\t\t\t\t<\/div><\/div><\/div><\/div><\/div><\/div><\/div><\/div><\/div><\/div><div class=\"wpb_column pos-top pos-center align_left column_child col-lg-4 col-md-25 col-sm-33 single-internal-gutter\"><div class=\"uncol style-light\" ><div class=\"uncoltable\"><div class=\"uncell no-block-padding\" ><div class=\"uncont\" ><div class=\"uncode_text_column\" ><p><strong>Jahrgang<\/strong><\/p>\n<\/div><\/div><\/div><\/div><\/div><\/div><div class=\"wpb_column pos-top pos-center align_right column_child col-lg-6 col-md-50 col-sm-50 single-internal-gutter\"><div class=\"uncol style-light\" ><div class=\"uncoltable\"><div class=\"uncell no-block-padding\" ><div class=\"uncont\" ><div class=\"uncode_text_column\" ><p>2024<\/p>\n<\/div><\/div><\/div><\/div><\/div><\/div><\/div><\/div><\/div><div class=\"divider-wrapper\"  >\n    <hr class=\"separator-no-padding\"  \/>\n<\/div>\n<div class=\"vc_row row-internal row-container\"><div class=\"row col-one-gutter row-child\"><div class=\"wpb_row row-inner\"><div class=\"wpb_column pos-top pos-center align_left column_child col-lg-2 col-md-25 col-sm-16 single-internal-gutter\"><div class=\"uncol style-light\" ><div class=\"uncoltable\"><div class=\"uncell no-block-padding\" ><div class=\"uncont\" ><div class=\"uncode-single-media  text-left\"><div class=\"single-wrapper\" style=\"max-width: 30px;\"><div class=\"tmb tmb-light  tmb-media-first tmb-media-last tmb-content-overlay tmb-no-bg\"><div class=\"t-inside\"><div class=\"t-entry-visual\"><div class=\"t-entry-visual-tc\"><div class=\"uncode-single-media-wrapper\"><img decoding=\"async\" class=\"wp-image-2642\" src=\"https:\/\/shop.tenutadelleripalte.it\/wp-content\/uploads\/2025\/03\/width_200-6.webp\" width=\"200\" height=\"200\" alt=\"\" srcset=\"https:\/\/shop.tenutadelleripalte.it\/wp-content\/uploads\/2025\/03\/width_200-6.webp 200w, https:\/\/shop.tenutadelleripalte.it\/wp-content\/uploads\/2025\/03\/width_200-6-150x150.webp 150w, https:\/\/shop.tenutadelleripalte.it\/wp-content\/uploads\/2025\/03\/width_200-6-12x12.webp 12w, https:\/\/shop.tenutadelleripalte.it\/wp-content\/uploads\/2025\/03\/width_200-6-100x100.webp 100w\" sizes=\"(max-width: 200px) 100vw, 200px\" \/><\/div>\n\t\t\t\t\t<\/div>\n\t\t\t\t<\/div><\/div><\/div><\/div><\/div><\/div><\/div><\/div><\/div><\/div><div class=\"wpb_column pos-top pos-center align_left column_child col-lg-4 col-md-25 col-sm-33 single-internal-gutter\"><div class=\"uncol style-light\" ><div class=\"uncoltable\"><div class=\"uncell no-block-padding\" ><div class=\"uncont\" ><div class=\"uncode_text_column\" ><p><strong>Name<\/strong><\/p>\n<\/div><\/div><\/div><\/div><\/div><\/div><div class=\"wpb_column pos-top pos-center align_right column_child col-lg-6 col-md-50 col-sm-50 single-internal-gutter\"><div class=\"uncol style-light\" ><div class=\"uncoltable\"><div class=\"uncell no-block-padding\" ><div class=\"uncont\" ><div class=\"uncode_text_column\" ><p><span style=\"font-weight: 400;\">Costa Toscana Rosato IGT Biologico<\/span><\/p>\n<\/div><\/div><\/div><\/div><\/div><\/div><\/div><\/div><\/div><div class=\"divider-wrapper\"  >\n    <hr class=\"separator-no-padding\"  \/>\n<\/div>\n<div class=\"vc_row row-internal row-container\"><div class=\"row col-one-gutter row-child\"><div class=\"wpb_row row-inner\"><div class=\"wpb_column pos-top pos-center align_left column_child col-lg-2 col-md-25 col-sm-16 single-internal-gutter\"><div class=\"uncol style-light\" ><div class=\"uncoltable\"><div class=\"uncell no-block-padding\" ><div class=\"uncont\" ><div class=\"uncode-single-media  text-left\"><div class=\"single-wrapper\" style=\"max-width: 30px;\"><div class=\"tmb tmb-light  tmb-media-first tmb-media-last tmb-content-overlay tmb-no-bg\"><div class=\"t-inside\"><div class=\"t-entry-visual\"><div class=\"t-entry-visual-tc\"><div class=\"uncode-single-media-wrapper\"><img decoding=\"async\" class=\"wp-image-2645\" src=\"https:\/\/shop.tenutadelleripalte.it\/wp-content\/uploads\/2025\/03\/width_200-3.webp\" width=\"200\" height=\"200\" alt=\"\" srcset=\"https:\/\/shop.tenutadelleripalte.it\/wp-content\/uploads\/2025\/03\/width_200-3.webp 200w, https:\/\/shop.tenutadelleripalte.it\/wp-content\/uploads\/2025\/03\/width_200-3-150x150.webp 150w, https:\/\/shop.tenutadelleripalte.it\/wp-content\/uploads\/2025\/03\/width_200-3-12x12.webp 12w, https:\/\/shop.tenutadelleripalte.it\/wp-content\/uploads\/2025\/03\/width_200-3-100x100.webp 100w\" sizes=\"(max-width: 200px) 100vw, 200px\" \/><\/div>\n\t\t\t\t\t<\/div>\n\t\t\t\t<\/div><\/div><\/div><\/div><\/div><\/div><\/div><\/div><\/div><\/div><div class=\"wpb_column pos-top pos-center align_left column_child col-lg-4 col-md-25 col-sm-33 single-internal-gutter\"><div class=\"uncol style-light\" ><div class=\"uncoltable\"><div class=\"uncell no-block-padding\" ><div class=\"uncont\" ><div class=\"uncode_text_column\" ><p><strong>Typologie<\/strong><\/p>\n<\/div><\/div><\/div><\/div><\/div><\/div><div class=\"wpb_column pos-top pos-center align_right column_child col-lg-6 col-md-50 col-sm-50 single-internal-gutter\"><div class=\"uncol style-light\" ><div class=\"uncoltable\"><div class=\"uncell no-block-padding\" ><div class=\"uncont\" ><div class=\"uncode_text_column\" ><p><span style=\"font-weight: 400;\">Bio-Ros\u00e9<\/span><\/p>\n<\/div><\/div><\/div><\/div><\/div><\/div><\/div><\/div><\/div><div class=\"divider-wrapper\"  >\n    <hr class=\"separator-no-padding\"  \/>\n<\/div>\n<div class=\"vc_row row-internal row-container\"><div class=\"row col-one-gutter row-child\"><div class=\"wpb_row row-inner\"><div class=\"wpb_column pos-top pos-center align_left column_child col-lg-2 col-md-25 col-sm-16 single-internal-gutter\"><div class=\"uncol style-light\" ><div class=\"uncoltable\"><div class=\"uncell no-block-padding\" ><div class=\"uncont\" ><div class=\"uncode-single-media  text-left\"><div class=\"single-wrapper\" style=\"max-width: 30px;\"><div class=\"tmb tmb-light  tmb-media-first tmb-media-last tmb-content-overlay tmb-no-bg\"><div class=\"t-inside\"><div class=\"t-entry-visual\"><div class=\"t-entry-visual-tc\"><div class=\"uncode-single-media-wrapper\"><img decoding=\"async\" class=\"wp-image-2641\" src=\"https:\/\/shop.tenutadelleripalte.it\/wp-content\/uploads\/2025\/03\/width_200-7.webp\" width=\"200\" height=\"200\" alt=\"\" srcset=\"https:\/\/shop.tenutadelleripalte.it\/wp-content\/uploads\/2025\/03\/width_200-7.webp 200w, https:\/\/shop.tenutadelleripalte.it\/wp-content\/uploads\/2025\/03\/width_200-7-150x150.webp 150w, https:\/\/shop.tenutadelleripalte.it\/wp-content\/uploads\/2025\/03\/width_200-7-12x12.webp 12w, https:\/\/shop.tenutadelleripalte.it\/wp-content\/uploads\/2025\/03\/width_200-7-100x100.webp 100w\" sizes=\"(max-width: 200px) 100vw, 200px\" \/><\/div>\n\t\t\t\t\t<\/div>\n\t\t\t\t<\/div><\/div><\/div><\/div><\/div><\/div><\/div><\/div><\/div><\/div><div class=\"wpb_column pos-top pos-center align_left column_child col-lg-4 col-md-25 col-sm-33 single-internal-gutter\"><div class=\"uncol style-light\" ><div class=\"uncoltable\"><div class=\"uncell no-block-padding\" ><div class=\"uncont\" ><div class=\"uncode_text_column\" ><p><strong>Rebsorte<\/strong><\/p>\n<\/div><\/div><\/div><\/div><\/div><\/div><div class=\"wpb_column pos-top pos-center align_right column_child col-lg-6 col-md-50 col-sm-50 single-internal-gutter\"><div class=\"uncol style-light\" ><div class=\"uncoltable\"><div class=\"uncell no-block-padding\" ><div class=\"uncont\" ><div class=\"uncode_text_column\" ><p><span style=\"font-weight: 400;\">100% Aleatico<\/span><\/p>\n<\/div><\/div><\/div><\/div><\/div><\/div><\/div><\/div><\/div><div class=\"divider-wrapper\"  >\n    <hr class=\"separator-no-padding\"  \/>\n<\/div>\n<\/div><\/div><\/div><\/div><\/div><div class=\"wpb_column pos-top pos-center align_left column_parent col-lg-6 no-internal-gutter\"><div class=\"uncol style-light\"  ><div class=\"uncoltable\"><div class=\"uncell no-block-padding\" ><div class=\"uncont\" ><div class=\"vc_row row-internal row-container\"><div class=\"row col-one-gutter row-child\"><div class=\"wpb_row row-inner\"><div class=\"wpb_column pos-top pos-center align_left column_child col-lg-2 col-md-25 col-sm-16 single-internal-gutter\"><div class=\"uncol style-light\" ><div class=\"uncoltable\"><div class=\"uncell no-block-padding\" ><div class=\"uncont\" ><div class=\"uncode-single-media  text-left\"><div class=\"single-wrapper\" style=\"max-width: 30px;\"><div class=\"tmb tmb-light  tmb-media-first tmb-media-last tmb-content-overlay tmb-no-bg\"><div class=\"t-inside\"><div class=\"t-entry-visual\"><div class=\"t-entry-visual-tc\"><div class=\"uncode-single-media-wrapper\"><img decoding=\"async\" class=\"wp-image-2646\" src=\"https:\/\/shop.tenutadelleripalte.it\/wp-content\/uploads\/2025\/03\/width_200-2.webp\" width=\"200\" height=\"200\" alt=\"\" srcset=\"https:\/\/shop.tenutadelleripalte.it\/wp-content\/uploads\/2025\/03\/width_200-2.webp 200w, https:\/\/shop.tenutadelleripalte.it\/wp-content\/uploads\/2025\/03\/width_200-2-150x150.webp 150w, https:\/\/shop.tenutadelleripalte.it\/wp-content\/uploads\/2025\/03\/width_200-2-12x12.webp 12w, https:\/\/shop.tenutadelleripalte.it\/wp-content\/uploads\/2025\/03\/width_200-2-100x100.webp 100w\" sizes=\"(max-width: 200px) 100vw, 200px\" \/><\/div>\n\t\t\t\t\t<\/div>\n\t\t\t\t<\/div><\/div><\/div><\/div><\/div><\/div><\/div><\/div><\/div><\/div><div class=\"wpb_column pos-top pos-center align_left column_child col-lg-4 col-md-25 col-sm-33 single-internal-gutter\"><div class=\"uncol style-light\" ><div class=\"uncoltable\"><div class=\"uncell no-block-padding\" ><div class=\"uncont\" ><div class=\"uncode_text_column\" ><p><strong>Flaschenformat<\/strong><\/p>\n<\/div><\/div><\/div><\/div><\/div><\/div><div class=\"wpb_column pos-top pos-center align_right column_child col-lg-6 col-md-50 col-sm-50 single-internal-gutter\"><div class=\"uncol style-light\" ><div class=\"uncoltable\"><div class=\"uncell no-block-padding\" ><div class=\"uncont\" ><div class=\"uncode_text_column\" ><p><span style=\"font-weight: 400;\">0,75 l<\/span><\/p>\n<\/div><\/div><\/div><\/div><\/div><\/div><\/div><\/div><\/div><div class=\"divider-wrapper\"  >\n    <hr class=\"separator-no-padding\"  \/>\n<\/div>\n<div class=\"vc_row row-internal row-container\"><div class=\"row col-one-gutter row-child\"><div class=\"wpb_row row-inner\"><div class=\"wpb_column pos-top pos-center align_left column_child col-lg-2 col-md-25 col-sm-16 single-internal-gutter\"><div class=\"uncol style-light\" ><div class=\"uncoltable\"><div class=\"uncell no-block-padding\" ><div class=\"uncont\" ><div class=\"uncode-single-media  text-left\"><div class=\"single-wrapper\" style=\"max-width: 30px;\"><div class=\"tmb tmb-light  tmb-media-first tmb-media-last tmb-content-overlay tmb-no-bg\"><div class=\"t-inside\"><div class=\"t-entry-visual\"><div class=\"t-entry-visual-tc\"><div class=\"uncode-single-media-wrapper\"><img decoding=\"async\" class=\"wp-image-2643\" src=\"https:\/\/shop.tenutadelleripalte.it\/wp-content\/uploads\/2025\/03\/width_200-5.webp\" width=\"200\" height=\"200\" alt=\"\" srcset=\"https:\/\/shop.tenutadelleripalte.it\/wp-content\/uploads\/2025\/03\/width_200-5.webp 200w, https:\/\/shop.tenutadelleripalte.it\/wp-content\/uploads\/2025\/03\/width_200-5-150x150.webp 150w, https:\/\/shop.tenutadelleripalte.it\/wp-content\/uploads\/2025\/03\/width_200-5-12x12.webp 12w, https:\/\/shop.tenutadelleripalte.it\/wp-content\/uploads\/2025\/03\/width_200-5-100x100.webp 100w\" sizes=\"(max-width: 200px) 100vw, 200px\" \/><\/div>\n\t\t\t\t\t<\/div>\n\t\t\t\t<\/div><\/div><\/div><\/div><\/div><\/div><\/div><\/div><\/div><\/div><div class=\"wpb_column pos-top pos-center align_left column_child col-lg-4 col-md-25 col-sm-33 single-internal-gutter\"><div class=\"uncol style-light\" ><div class=\"uncoltable\"><div class=\"uncell no-block-padding\" ><div class=\"uncont\" ><div class=\"uncode_text_column\" ><p><strong>Alkoholgehalt<\/strong><\/p>\n<\/div><\/div><\/div><\/div><\/div><\/div><div class=\"wpb_column pos-top pos-center align_right column_child col-lg-6 col-md-50 col-sm-50 single-internal-gutter\"><div class=\"uncol style-light\" ><div class=\"uncoltable\"><div class=\"uncell no-block-padding\" ><div class=\"uncont\" ><div class=\"uncode_text_column\" ><p><span style=\"font-weight: 400;\">13% Bd.<\/span><\/p>\n<\/div><\/div><\/div><\/div><\/div><\/div><\/div><\/div><\/div><div class=\"divider-wrapper\"  >\n    <hr class=\"separator-no-padding\"  \/>\n<\/div>\n<div class=\"vc_row row-internal row-container\"><div class=\"row col-one-gutter row-child\"><div class=\"wpb_row row-inner\"><div class=\"wpb_column pos-top pos-center align_left column_child col-lg-2 col-md-25 col-sm-16 single-internal-gutter\"><div class=\"uncol style-light\" ><div class=\"uncoltable\"><div class=\"uncell no-block-padding\" ><div class=\"uncont\" ><div class=\"uncode-single-media  text-left\"><div class=\"single-wrapper\" style=\"max-width: 30px;\"><div class=\"tmb tmb-light  tmb-media-first tmb-media-last tmb-content-overlay tmb-no-bg\"><div class=\"t-inside\"><div class=\"t-entry-visual\"><div class=\"t-entry-visual-tc\"><div class=\"uncode-single-media-wrapper\"><img decoding=\"async\" class=\"wp-image-2644\" src=\"https:\/\/shop.tenutadelleripalte.it\/wp-content\/uploads\/2025\/03\/width_200-4.webp\" width=\"200\" height=\"200\" alt=\"\" srcset=\"https:\/\/shop.tenutadelleripalte.it\/wp-content\/uploads\/2025\/03\/width_200-4.webp 200w, https:\/\/shop.tenutadelleripalte.it\/wp-content\/uploads\/2025\/03\/width_200-4-150x150.webp 150w, https:\/\/shop.tenutadelleripalte.it\/wp-content\/uploads\/2025\/03\/width_200-4-12x12.webp 12w, https:\/\/shop.tenutadelleripalte.it\/wp-content\/uploads\/2025\/03\/width_200-4-100x100.webp 100w\" sizes=\"(max-width: 200px) 100vw, 200px\" \/><\/div>\n\t\t\t\t\t<\/div>\n\t\t\t\t<\/div><\/div><\/div><\/div><\/div><\/div><\/div><\/div><\/div><\/div><div class=\"wpb_column pos-top pos-center align_left column_child col-lg-4 col-md-25 col-sm-33 single-internal-gutter\"><div class=\"uncol style-light\" ><div class=\"uncoltable\"><div class=\"uncell no-block-padding\" ><div class=\"uncont\" ><div class=\"uncode_text_column\" ><p><strong>Weinbereitung und Verfeinerung<\/strong><\/p>\n<\/div><\/div><\/div><\/div><\/div><\/div><div class=\"wpb_column pos-top pos-center align_right column_child col-lg-6 col-md-50 col-sm-50 single-internal-gutter\"><div class=\"uncol style-light\" ><div class=\"uncoltable\"><div class=\"uncell no-block-padding\" ><div class=\"uncont\" ><div class=\"uncode_text_column\" ><p><span style=\"font-weight: 400;\">Stahl<\/span><\/p>\n<\/div><\/div><\/div><\/div><\/div><\/div><\/div><\/div><\/div><div class=\"divider-wrapper\"  >\n    <hr class=\"separator-no-padding\"  \/>\n<\/div>\n<div class=\"vc_row row-internal row-container\"><div class=\"row col-one-gutter row-child\"><div class=\"wpb_row row-inner\"><div class=\"wpb_column pos-top pos-center align_left column_child col-lg-2 col-md-25 col-sm-16 single-internal-gutter\"><div class=\"uncol style-light\" ><div class=\"uncoltable\"><div class=\"uncell no-block-padding\" ><div class=\"uncont\" ><div class=\"uncode-single-media  text-left\"><div class=\"single-wrapper\" style=\"max-width: 30px;\"><div class=\"tmb tmb-light  tmb-media-first tmb-media-last tmb-content-overlay tmb-no-bg\"><div class=\"t-inside\"><div class=\"t-entry-visual\"><div class=\"t-entry-visual-tc\"><div class=\"uncode-single-media-wrapper\"><img decoding=\"async\" class=\"wp-image-2648\" src=\"https:\/\/shop.tenutadelleripalte.it\/wp-content\/uploads\/2025\/03\/width_200.webp\" width=\"200\" height=\"200\" alt=\"\" srcset=\"https:\/\/shop.tenutadelleripalte.it\/wp-content\/uploads\/2025\/03\/width_200.webp 200w, https:\/\/shop.tenutadelleripalte.it\/wp-content\/uploads\/2025\/03\/width_200-150x150.webp 150w, https:\/\/shop.tenutadelleripalte.it\/wp-content\/uploads\/2025\/03\/width_200-12x12.webp 12w, https:\/\/shop.tenutadelleripalte.it\/wp-content\/uploads\/2025\/03\/width_200-100x100.webp 100w\" sizes=\"(max-width: 200px) 100vw, 200px\" \/><\/div>\n\t\t\t\t\t<\/div>\n\t\t\t\t<\/div><\/div><\/div><\/div><\/div><\/div><\/div><\/div><\/div><\/div><div class=\"wpb_column pos-top pos-center align_left column_child col-lg-4 col-md-25 col-sm-33 single-internal-gutter\"><div class=\"uncol style-light\" ><div class=\"uncoltable\"><div class=\"uncell no-block-padding\" ><div class=\"uncont\" ><div class=\"uncode_text_column\" ><p><strong>Serviertemperatur<\/strong><\/p>\n<\/div><\/div><\/div><\/div><\/div><\/div><div class=\"wpb_column pos-top pos-center align_right column_child col-lg-6 col-md-50 col-sm-50 single-internal-gutter\"><div class=\"uncol style-light\" ><div class=\"uncoltable\"><div class=\"uncell no-block-padding\" ><div class=\"uncont\" ><div class=\"uncode_text_column\" ><p><span style=\"font-weight: 400;\">10-12\u00b0C<\/span><\/p>\n<\/div><\/div><\/div><\/div><\/div><\/div><\/div><\/div><\/div><div class=\"divider-wrapper\"  >\n    <hr class=\"separator-no-padding\"  \/>\n<\/div>\n<\/div><\/div><\/div><\/div><\/div><script id=\"script-row-unique-1\" data-row=\"script-row-unique-1\" type=\"text\/javascript\" class=\"vc_controls\">UNCODE.initRow(document.getElementById(\"row-unique-1\"));<\/script><\/div><\/div><\/div><div data-parent=\"true\" class=\"vc_row row-container\" id=\"row-unique-2\"><div class=\"row limit-width row-parent\"><div class=\"wpb_row row-inner\"><div class=\"wpb_column pos-top pos-center align_left column_parent col-lg-12 single-internal-gutter\"><div class=\"uncol style-light\"  ><div class=\"uncoltable\"><div class=\"uncell no-block-padding\" ><div class=\"uncont\" ><div class=\"vc_custom_heading_wrap\"><div class=\"heading-text el-text\" ><h2 class=\"font-181210 h2 text-uppercase\" ><span>Beschreibung<\/span><\/h2><\/div><div class=\"clear\"><\/div><\/div><div class=\"uncode_text_column\" ><p>Rosato delle Ripalte wird aus Aleatico-Trauben aus den Weinbergen Poggio Turco hergestellt, die auf den hohen Terrassen mit Blick auf das Meer an der s\u00fcdlichsten Spitze der Insel Elba liegen. Diese privilegierte Lage auf einer H\u00f6he von 170 Metern \u00fcber dem Meeresspiegel mit metamorphen Granitb\u00f6den verleiht dem Wein eine unverwechselbare Mineralit\u00e4t. Mit Aleatico Passito hat er die Aromen von Wildrosen und Noten mediterraner Macchia gemeinsam, zeichnet sich aber durch eine leichte Struktur aus, die einen langen und komplexen Geschmack erm\u00f6glicht. Die Farbe erinnert an Teerose. Am Gaumen ruft der Wein ein Gef\u00fchl der Frische hervor.<\/p>\n<p>&nbsp;<\/p>\n<p><strong>WEINBEREITUNG<\/strong><br \/>\nNach der sorgf\u00e4ltigen Handlese werden die Trauben einer sanften Pressung unterzogen, um ihre aromatische Reinheit zu bewahren. Nach einem vorsichtigen Abstich g\u00e4rt der Most bei einer kontrollierten Temperatur zwischen 18 und 20 \u00b0C, wodurch Frische und Komplexit\u00e4t verbessert werden. Anschlie\u00dfend ruht der Wein einige Monate auf der Feinhefe und gewinnt dabei an Struktur und Geschmackstiefe.<\/p>\n<p><strong>VERFEINERUNG<\/strong><br \/>\nDie Abf\u00fcllung erfolgt im sp\u00e4ten Fr\u00fchjahr, gefolgt von einer langen Verfeinerung in der Flasche, wodurch der Wein seine perfekte Balance erreicht und Aromen und Charakter verfeinert.<\/p>\n<p><strong>SENSORISCHE HINWEISE<\/strong><br \/>\nFarbe: Helles Blassrosa.<br \/>\nAroma: Fruchtig und blumig, mit Noten von Rose, Walderdbeere und Kirsche.<br \/>\nGeschmack: Frisch und herzhaft, mit einem aromatischen und anhaltenden Abgang.<\/p>\n<p><strong>KOMBINATIONEN<\/strong><br \/>\nNeben den klassischen Kombinationen mit Meeresfr\u00fcchten und rustikaler Inselk\u00fcche passt Rosato delle Ripalte ideal zu Vorspeisen auf Basis von rohem Fisch sowie zu Risottos, insbesondere mit Spargel. Es passt auch gut zu s\u00fc\u00dfem, mittelfestem und nicht zu reifem K\u00e4se. Sehr angenehm als Aperitif.<\/p>\n<\/div><\/div><\/div><\/div><\/div><\/div><script id=\"script-row-unique-2\" data-row=\"script-row-unique-2\" type=\"text\/javascript\" class=\"vc_controls\">UNCODE.initRow(document.getElementById(\"row-unique-2\"));<\/script><\/div><\/div><\/div><div data-parent=\"true\" class=\"vc_row style-color-188784-bg row-container\" id=\"row-unique-3\"><div class=\"row limit-width row-parent\"><div class=\"wpb_row row-inner\"><div class=\"wpb_column pos-top pos-center align_left column_parent col-lg-12 single-internal-gutter\"><div class=\"uncol style-light\"  ><div class=\"uncoltable\"><div class=\"uncell no-block-padding\" ><div class=\"uncont\" ><div class=\"vc_custom_heading_wrap\"><div class=\"heading-text el-text\" ><h2 class=\"font-181210 h2 text-uppercase\" ><span>Auszeichnungen<\/span><\/h2><\/div><div class=\"clear\"><\/div><\/div><div class=\"uncode_text_column\" ><\/p>\n<ul>\n<li class=\"p1\"><strong>2 Sterne, Goldf\u00fchrer \u201eI Vini di Veronelli\u201c 2026<\/strong> - Rosato delle Ripalte Costa Toscana IGT 2024<\/li>\n<li class=\"p1\"><strong>3 Reben, Vitae Der Weinf\u00fchrer 2026<\/strong> - Rosato delle Ripalte Costa Toscana IGT 2024<\/li>\n<li class=\"p1\"><strong>2 Sterne, Guida Vinibuoni d\u2019Italia 2026<\/strong> - Rosato delle Ripalte Costa Toscana IGT 2024<\/li>\n<li class=\"p1\"><strong>4 Reben, Vitae Der Weinf\u00fchrer 2025<\/strong> - Rosato delle Ripalte Costa Toscana IGT 2023<\/li>\n<li class=\"p1\"><strong>3 Sterne, Guida Vinibuoni d\u2019Italia 2025<\/strong> - Rosato delle Ripalte Costa Toscana IGT 2023<\/li>\n<\/ul>\n<p>\n<\/div><\/div><\/div><\/div><\/div><\/div><script id=\"script-row-unique-3\" data-row=\"script-row-unique-3\" type=\"text\/javascript\" class=\"vc_controls\">UNCODE.initRow(document.getElementById(\"row-unique-3\"));<\/script><\/div><\/div><\/div>\n<\/div>","protected":false},"excerpt":{"rendered":"<p>Ein Wein, der die Frische und Aromatik der Insel Elba einf\u00e4ngt und eine neue Interpretation des Aleatico bietet, der typischsten Rebsorte der Insel, in einer Ros\u00e9-Version, die durch ihre Leichtigkeit und Komplexit\u00e4t verzaubert. Biowein.<\/p>\n[vc_button size=\"link\" btn_link_underline=\"btn-underline\" trp_param_show_language=\"it_IT\" trp_param_show=\"true\" button_color_type=\"uncode-palette\" button_color_solid=\"#ff0000\" uncode_shortcode_id=\"306934\" link=\"url:\/wp-content\/uploads\/2026\/03\/CTDR_Schede-Vini_2026_RosatoDelleRipalte.pdf|target:_blank\"]Scheda Tecnica[\/vc_button]\n[vc_button size=\"link\" btn_link_underline=\"btn-underline\" trp_param_show_language=\"en_GB\" trp_param_show=\"true\" button_color_type=\"uncode-palette\" button_color_solid=\"#ff0000\" uncode_shortcode_id=\"129070\" link=\"url:\/wp-content\/uploads\/2026\/03\/CTDR_Schede-Vini_2026_RosatoDelleRipalte_eng.pdf|target:_blank\"]Technical Sheet[\/vc_button]\n[vc_button size=\"link\" btn_link_underline=\"btn-underline\" trp_param_show_language=\"de_DE\" trp_param_show=\"true\" button_color_type=\"uncode-palette\" button_color_solid=\"#ff0000\" uncode_shortcode_id=\"638496\" link=\"url:\/wp-content\/uploads\/2026\/03\/CTDR_Schede-Vini_2026_RosatoDelleRipalte_deu.pdf|target:_blank\"]Technisches Datenblatt[\/vc_button]","protected":false},"featured_media":2930,"template":"","meta":[],"product_brand":[157],"product_cat":[15],"product_tag":[145],"class_list":{"0":"post-1296","1":"product","2":"type-product","3":"status-publish","4":"has-post-thumbnail","6":"product_brand-157","7":"product_cat-rosato","8":"product_tag-costa-toscana-rosato-igt-aleatico-biologico","10":"first","11":"instock","12":"sale","13":"taxable","14":"shipping-taxable","15":"purchasable","16":"product-type-variable","17":"has-default-attributes"},"_links":{"self":[{"href":"https:\/\/shop.tenutadelleripalte.it\/de\/wp-json\/wp\/v2\/product\/1296","targetHints":{"allow":["GET"]}}],"collection":[{"href":"https:\/\/shop.tenutadelleripalte.it\/de\/wp-json\/wp\/v2\/product"}],"about":[{"href":"https:\/\/shop.tenutadelleripalte.it\/de\/wp-json\/wp\/v2\/types\/product"}],"wp:featuredmedia":[{"embeddable":true,"href":"https:\/\/shop.tenutadelleripalte.it\/de\/wp-json\/wp\/v2\/media\/2930"}],"wp:attachment":[{"href":"https:\/\/shop.tenutadelleripalte.it\/de\/wp-json\/wp\/v2\/media?parent=1296"}],"wp:term":[{"taxonomy":"product_brand","embeddable":true,"href":"https:\/\/shop.tenutadelleripalte.it\/de\/wp-json\/wp\/v2\/product_brand?post=1296"},{"taxonomy":"product_cat","embeddable":true,"href":"https:\/\/shop.tenutadelleripalte.it\/de\/wp-json\/wp\/v2\/product_cat?post=1296"},{"taxonomy":"product_tag","embeddable":true,"href":"https:\/\/shop.tenutadelleripalte.it\/de\/wp-json\/wp\/v2\/product_tag?post=1296"}],"curies":[{"name":"wp","href":"https:\/\/api.w.org\/{rel}","templated":true}]}}