{"id":1496,"date":"2023-02-04T11:07:09","date_gmt":"2023-02-04T10:07:09","guid":{"rendered":"https:\/\/shop.tenutadelleripalte.it\/?post_type=product&#038;p=1496"},"modified":"2025-12-02T11:16:54","modified_gmt":"2025-12-02T10:16:54","slug":"degustazione-vini-e-visita-alla-cantina-dautore","status":"publish","type":"product","link":"https:\/\/shop.tenutadelleripalte.it\/de\/shop\/degustazione-vini-e-visita-alla-cantina-dautore\/","title":{"rendered":"Gutschein - Weinverkostung mit gastronomischen Kombinationen und Besuch der Architekten-Kellerei"},"content":{"rendered":"<p>Lassen Sie sich auf eine Reise durch die Aromen und D\u00fcfte der typischen Weinrebe der Insel Elba entf\u00fchren, die schon Napoleon so liebte: Aleatico und seine Variationen.<\/p>\n<p>Wir werden zwischen den Reihen der Weinberge spazieren, die sich bis zum toskanischen Archipel erstrecken, und Ihnen die Geschichte des Weinbaus auf Elba erz\u00e4hlen. Dabei werden wir Sie mit den Legenden unseres Weinguts faszinieren, die sich um die wundersch\u00f6ne Villa aus dem 19. Jahrhundert ranken.<\/p>\n<p>Wir besichtigen die Cantina d&#039;Autore, ein Werk des Archistars Tobia Scarpa, mit atemberaubendem Blick auf das Tyrrhenische Meer und entspannen bei einer gef\u00fchrten Weinprobe mit Meerblick. Die auf unserem Bauernhof produzierten Weine sind: Brut Spumante Rosato aus Aleatico-Trauben; der Rosato delle Ripalte, der Bianco Vermentino, der Rosso Alicante und der ber\u00fchmte Aleatico Passito dell&#039;Elba DOCG.<\/p>\n<p>Kombinieren Sie Weine mit typischen toskanischen Produkten, die vor Ort von lokalen Produzenten ausgew\u00e4hlt wurden, und tauchen Sie bei unserer Weintour in die magische Atmosph\u00e4re einer privaten Naturoase ein!<\/p>\n<p>&nbsp;<\/p>\n<p><strong>Geschenkgutschein f\u00fcr die Teilnahme an der Experience \u201eWeinverkostung und Besuch der Architekten-Kellerei\u201c\u00a0<\/strong><\/p>\n<p><strong>Ablauf: 1 Jahr ab Kaufdatum.\u00a0<\/strong><\/p>\n<p>&nbsp;<\/p>\n<h4>Highlights<\/h4>\n<ul>\n<li><strong>Spaziergang zwischen den Reihen\u00a0<\/strong>des Weinbergs auf einem 450 Hektar gro\u00dfen Privatgrundst\u00fcck<\/li>\n<li><strong>Besuch einer der 14 Cantine d'Autore\u00a0<\/strong>des toskanischen Weinarchitekturkreises<\/li>\n<li><strong>Weinverkostung Toscana<\/strong>, mit einer Einf\u00fchrung in den Weinherstellungsprozess und die Trocknung der Trauben f\u00fcr Aleatico<\/li>\n<li><strong>Gastronomische Kombination mit typischen toskanischen Aromen:<\/strong>Wildschweinsalami, verschiedene toskanische Schafsk\u00e4se und frisches toskanisches Brot<\/li>\n<li><strong>Verkostung von &gt;honig<\/strong>\u00a0aus eigener Herstellung<\/li>\n<li><strong>Verkostung von 100% italienischem Extra Vergine Oliven\u00f6l<\/strong>\u00a0von der Insel Elba<\/li>\n<\/ul>\n<p>&nbsp;<\/p>\n<h4>N\u00fctzliche Informationen<\/h4>\n<ul>\n<li>Personen unter 18 Jahren sind f\u00fcr die Tour zugelassen, d\u00fcrfen jedoch keinen Alkohol konsumieren. Bitte informieren Sie uns, wenn Sie Personen unter 18 Jahren mitbringen, damit wir ihre Teilnahme organisieren k\u00f6nnen.<\/li>\n<li>Die Erfahrung dauert etwa\u00a0<strong>2 Stunden,<\/strong>\u00a0davon: 1 Stunde Besichtigung + 1 Stunde Verkostung<\/li>\n<li>Die Tour ist f\u00fcr Menschen mit Behinderungen zug\u00e4nglich<\/li>\n<li>Die Tour findet auch bei schlechtem Wetter statt.<\/li>\n<li>Kleine Hunde sind erlaubt<\/li>\n<li>Angemessene Kleidung f\u00fcr einen Aperitif im Freien auf der Terrasse ist erforderlich<\/li>\n<\/ul>\n<h4>Treffpunkt<\/h4>\n<p>Tenuta delle Ripalte<br \/>\nLoc. Ripalte, 57031 Capoliveri LI<\/p>\n<p><a href=\"https:\/\/maps.app.goo.gl\/6n1kCYM16nCmUczb7\" target=\"_blank\" rel=\"noopener\">(siehe Google Maps)<\/a><\/p>\n<div><\/div>\n<h4>F\u00fcr wen ist dieses Erlebnis geeignet?<\/h4>\n<ul>\n<li>F\u00fcr Weinliebhaber \u2013 Geeignet f\u00fcr Weinliebhaber, Kenner und Anf\u00e4nger, die die Geheimnisse der Weinherstellung entdecken m\u00f6chten.<\/li>\n<li>F\u00fcr Reisende, die Entspannung suchen \u2013 Exklusives Speise- und Weinerlebnis mit Zugang zum Remaiolo Beach (je nach Verf\u00fcgbarkeit).<\/li>\n<li>F\u00fcr Paare und romantische Anl\u00e4sse \u2013 Perfekt f\u00fcr Jubil\u00e4en, Flitterwochen und Heiratsantr\u00e4ge in einzigartiger Panoramakulisse.<\/li>\n<li>F\u00fcr Freundesgruppen und Partys \u2013 Ideal f\u00fcr Geburtstage, Junggesellenabschiede und private Aperitifs mit Blick auf die Weinberge und das Meer.<\/li>\n<li>F\u00fcr alle, die ein besonderes Geschenk suchen \u2013 Verkostungsgutschein perfekt f\u00fcr Geburtstage, Schulabschl\u00fcsse, Jubil\u00e4en und originelle Geschenkideen.<\/li>\n<\/ul>\n<h4><\/h4>\n<h4>F\u00dcR BESONDERE ANFRAGEN ODER WEITERE INFORMATIONEN<\/h4>\n<p>Schreiben oder rufen Sie an: +39 3485841295<\/p>","protected":false},"excerpt":{"rendered":"<p><strong>Geschenkgutschein f\u00fcr die Teilnahme an der Experience \u201eWeinverkostung und Besuch der Architekten-Kellerei\u201c\u00a0<\/strong><\/p>\n<p><strong>Ablauf: 1 Jahr ab Kaufdatum.\u00a0<\/strong><\/p>\n<p>Weinprobe mit Speisenbegleitung und Besuch der Cantina d&#039;Autore, entworfen vom Architekten Tobia Scarpa.<br \/>\nKombinieren Sie Weine mit typischen toskanischen Produkten, die vor Ort von lokalen Produzenten ausgew\u00e4hlt wurden, und tauchen Sie bei unserer Weintour in die magische Atmosph\u00e4re einer privaten Naturoase ein!<\/p>","protected":false},"featured_media":1566,"template":"","meta":[],"product_brand":[],"product_cat":[47],"product_tag":[],"class_list":{"0":"post-1496","1":"product","2":"type-product","3":"status-publish","4":"has-post-thumbnail","6":"product_cat-voucher-regalo","8":"first","9":"instock","10":"taxable","11":"shipping-taxable","12":"purchasable","13":"product-type-variable","14":"has-default-attributes"},"_links":{"self":[{"href":"https:\/\/shop.tenutadelleripalte.it\/de\/wp-json\/wp\/v2\/product\/1496","targetHints":{"allow":["GET"]}}],"collection":[{"href":"https:\/\/shop.tenutadelleripalte.it\/de\/wp-json\/wp\/v2\/product"}],"about":[{"href":"https:\/\/shop.tenutadelleripalte.it\/de\/wp-json\/wp\/v2\/types\/product"}],"wp:featuredmedia":[{"embeddable":true,"href":"https:\/\/shop.tenutadelleripalte.it\/de\/wp-json\/wp\/v2\/media\/1566"}],"wp:attachment":[{"href":"https:\/\/shop.tenutadelleripalte.it\/de\/wp-json\/wp\/v2\/media?parent=1496"}],"wp:term":[{"taxonomy":"product_brand","embeddable":true,"href":"https:\/\/shop.tenutadelleripalte.it\/de\/wp-json\/wp\/v2\/product_brand?post=1496"},{"taxonomy":"product_cat","embeddable":true,"href":"https:\/\/shop.tenutadelleripalte.it\/de\/wp-json\/wp\/v2\/product_cat?post=1496"},{"taxonomy":"product_tag","embeddable":true,"href":"https:\/\/shop.tenutadelleripalte.it\/de\/wp-json\/wp\/v2\/product_tag?post=1496"}],"curies":[{"name":"wp","href":"https:\/\/api.w.org\/{rel}","templated":true}]}}