{"id":1634,"date":"2023-02-03T11:23:58","date_gmt":"2023-02-03T10:23:58","guid":{"rendered":"https:\/\/shop.tenutadelleripalte.it\/?post_type=product&#038;p=1634"},"modified":"2025-12-02T11:20:29","modified_gmt":"2025-12-02T10:20:29","slug":"visita-privata-alle-ripalte-con-jeep-tour-pranzo-e-spiaggia","status":"publish","type":"product","link":"https:\/\/shop.tenutadelleripalte.it\/de\/shop\/visita-privata-alle-ripalte-con-jeep-tour-pranzo-e-spiaggia\/","title":{"rendered":"Gutschein \u2013 Privater Besuch in Ripalte mit Jeep-Tour, Mittagessen und Strand"},"content":{"rendered":"<p>Planen Sie Ihren privaten Besuch im Tenuta delle Ripalte: eine private und exklusive M\u00f6glichkeit, das Anwesen als VIP-Gast zu erleben.<\/p>\n<p>Unser Reiseleiter begr\u00fc\u00dft Sie an der Rezeption und begleitet Sie im Laufe des Tages bei der Erkundung der typischsten Orte und atemberaubendsten Ausblicke, die uns die Natur hier bietet: die Klippen des Ripe Alte, die in der mediterranen Macchia versteckten Villen, die Weinberge weiter s\u00fcdlich und ganz oben auf der ganzen Insel die Olivenhaine.<\/p>\n<p>Das Mittagessen wird an einem der exklusivsten Orte des Anwesens serviert: ein s\u00fc\u00dfes Drei-G\u00e4nge-Men\u00fc nach typisch toskanischen Rezepten, w\u00e4hrend die Brise, die von den Bergen im Norden weht, selbst an den hei\u00dfesten Tagen erfrischt.<br \/>\nDas Tyrrhenische Meer und die anderen Perlen des Archipels, Montecristo und Pianosa, ragen aus der blauen Weite des Wassers hervor.<\/p>\n<p>W\u00e4hrend des Essens, unsere\u00a0<em>Master\u00a0<\/em>f\u00fchrt Sie durch die Verkostung der Weine der Tenuta delle Ripalte und wei\u00df, wie man sie gekonnt mit der K\u00fcche des K\u00fcchenchefs kombiniert.<\/p>\n<p>Die Str\u00e4nde und nat\u00fcrlichen Buchten entlang der 12 km langen K\u00fcste des Anwesens sind der ideale Ort f\u00fcr eine erholsame Siesta nach dem Mittagessen.<\/p>\n<p>Erleben Sie einen exklusiven Tag auf der Tenuta und lassen Sie sich wie ein Gast des Wine Resorts verw\u00f6hnen!<\/p>\n<p>&nbsp;<\/p>\n<p><strong>Geschenkgutschein zur Teilnahme am Erlebnis \u201ePrivatbesuch in Ripalte mit Jeep-Tour, Mittagessen und Strand\u201c<\/strong><\/p>\n<p><strong>Ablauf: 1 Jahr ab Kaufdatum.\u00a0<\/strong><\/p>\n<p>&nbsp;<\/p>\n<h4>Highlights<\/h4>\n<ul>\n<li><strong>Privatbesuch<\/strong>\u00a0im Tenuta delle Ripalte, mit einem exklusiven F\u00fchrer<\/li>\n<li><strong>Mittagessen\u00a0<\/strong>in exklusiver Lage, mit Weinprobe der Tenuta delle Ripalte<\/li>\n<li><strong>Zugang zu exklusiven Str\u00e4nden<\/strong>\u00a0des Anwesens<\/li>\n<li><strong>Ausflug an Bord eines Jeeps<\/strong><\/li>\n<li><strong>Besuch des Signaturkellers<\/strong>, mit den Weinbergen und Panoramablick auf das Anwesen<\/li>\n<\/ul>\n<h4>N\u00fctzliche Informationen<\/h4>\n<ul>\n<li>Das Mittagessen erfolgt \u00e0 la carte und umfasst 3 G\u00e4nge mit Gl\u00e4sern Weinen von Tenuta delle Ripalte<\/li>\n<li>Kleine Haustiere sind erlaubt.<\/li>\n<\/ul>\n<h4>Treffpunkt<\/h4>\n<p>Tenuta delle Ripalte<br \/>\nLoc. Ripalte, 57031 Capoliveri LI<\/p>\n<p><a href=\"https:\/\/maps.app.goo.gl\/6n1kCYM16nCmUczb7\" target=\"_blank\" rel=\"noopener\">(siehe Google Maps)<\/a><\/p>\n<p>&nbsp;<\/p>\n<h4>F\u00fcr wen ist dieses Erlebnis geeignet?<\/h4>\n<ul>\n<li>F\u00fcr alle, die ein exklusives und raffiniertes Erlebnis zwischen Natur, Essen und Wein und Entspannung an einem der eindrucksvollsten Orte der Insel Elba suchen.<\/li>\n<li>F\u00fcr Liebhaber von Wein und toskanischer K\u00fcche, die die Geheimnisse der Tenuta delle Ripalte bei einer F\u00fchrung und Weinproben entdecken m\u00f6chten.<\/li>\n<li>F\u00fcr Reisende, die versteckte Orte und atemberaubende Ausblicke zwischen Weinbergen, Olivenhainen, Klippen und privaten Buchten suchen.<\/li>\n<li>F\u00fcr alle, die auf einem Boot entlang der toskanischen K\u00fcste \u00fcbernachten und einen Gourmet-Stopp mit Verkostung und Entspannung am Strand w\u00fcnschen.<\/li>\n<li>F\u00fcr alle, die ein exklusives und prestigetr\u00e4chtiges Erlebnis schenken m\u00f6chten, perfekt f\u00fcr besondere Anl\u00e4sse oder als hochwertiges Geschenk.<\/li>\n<\/ul>\n<h4>Tourverl\u00e4ngerungen auf Anfrage m\u00f6glich:<\/h4>\n<ul>\n<li>Reiten<\/li>\n<li>Auf einem eleganten h\u00f6lzernen Gozzo entlang der K\u00fcste gesegelt<\/li>\n<li>Angelsafari im Tyrrhenischen Meer<\/li>\n<li>E-Bike-Tour<\/li>\n<li>Hubschrauberflug \u00fcber die Insel Elba<\/li>\n<\/ul>\n<h4>F\u00dcR INFORMATIONEN ODER ANFRAGEN ZU TOURVERL\u00c4NGERUNGEN<\/h4>\n<p>Schreiben oder rufen Sie an: +39 3485841295<\/p>","protected":false},"excerpt":{"rendered":"<p><strong>Geschenkgutschein zur Teilnahme am Erlebnis \u201ePrivatbesuch in Ripalte mit Jeep-Tour, Mittagessen und Strand\u201c<\/strong><\/p>\n<p><strong>Ablauf: 1 Jahr ab Kaufdatum.\u00a0<\/strong><\/p>\n<p>&nbsp;<\/p>\n<p>Komplettes VIP-Erlebnis und entdecken Sie die <strong>Weinresort<\/strong>.<\/p>\n<p>Erleben Sie ein exklusives Erlebnis und entdecken Sie die Tenuta delle Ripalte. Erkunden Sie das Anwesen in <strong>Jeep<\/strong> mit einem engagierten F\u00fchrer, genie\u00dfen Sie eine <strong>raffiniertes Mittagessen<\/strong> im Pinienwald der Villa Padronale und entspannen Sie sich auf dem <strong>Privatstrand Remaiolo<\/strong>.<\/p>","protected":false},"featured_media":1594,"template":"","meta":[],"product_brand":[],"product_cat":[47],"product_tag":[],"class_list":{"0":"post-1634","1":"product","2":"type-product","3":"status-publish","4":"has-post-thumbnail","6":"product_cat-voucher-regalo","8":"first","9":"instock","10":"taxable","11":"shipping-taxable","12":"purchasable","13":"product-type-variable","14":"has-default-attributes"},"_links":{"self":[{"href":"https:\/\/shop.tenutadelleripalte.it\/de\/wp-json\/wp\/v2\/product\/1634","targetHints":{"allow":["GET"]}}],"collection":[{"href":"https:\/\/shop.tenutadelleripalte.it\/de\/wp-json\/wp\/v2\/product"}],"about":[{"href":"https:\/\/shop.tenutadelleripalte.it\/de\/wp-json\/wp\/v2\/types\/product"}],"wp:featuredmedia":[{"embeddable":true,"href":"https:\/\/shop.tenutadelleripalte.it\/de\/wp-json\/wp\/v2\/media\/1594"}],"wp:attachment":[{"href":"https:\/\/shop.tenutadelleripalte.it\/de\/wp-json\/wp\/v2\/media?parent=1634"}],"wp:term":[{"taxonomy":"product_brand","embeddable":true,"href":"https:\/\/shop.tenutadelleripalte.it\/de\/wp-json\/wp\/v2\/product_brand?post=1634"},{"taxonomy":"product_cat","embeddable":true,"href":"https:\/\/shop.tenutadelleripalte.it\/de\/wp-json\/wp\/v2\/product_cat?post=1634"},{"taxonomy":"product_tag","embeddable":true,"href":"https:\/\/shop.tenutadelleripalte.it\/de\/wp-json\/wp\/v2\/product_tag?post=1634"}],"curies":[{"name":"wp","href":"https:\/\/api.w.org\/{rel}","templated":true}]}}