{"id":1661,"date":"2023-02-03T11:29:13","date_gmt":"2023-02-03T10:29:13","guid":{"rendered":"https:\/\/shop.tenutadelleripalte.it\/?post_type=product&#038;p=1661"},"modified":"2025-12-02T11:18:15","modified_gmt":"2025-12-02T10:18:15","slug":"aperitivo-sulla-terrazza","status":"publish","type":"product","link":"https:\/\/shop.tenutadelleripalte.it\/de\/shop\/aperitivo-sulla-terrazza\/","title":{"rendered":"Gutschein \u2013 Aperitif auf der Terrasse"},"content":{"rendered":"<p>Erleben Sie einen romantischen Aperitif bei Sonnenuntergang auf der atemberaubenden Terrasse der Tenuta delle Ripalte!<\/p>\n<p>Allontanati al caotico affollamento dell&#8217;Isola e scopri una Tenuta privata a sud-est, con accesso speciale per godersi una degustazione di tre vini a scelta, mentre il sole si tuffa nel mare e assapora le delizie della cucina locale.<\/p>\n<p>Entdecken Sie die typischen Produkte der Region, die sorgf\u00e4ltig von den kleinen Herstellern der Insel Elba ausgew\u00e4hlt wurden: eine Gelegenheit, ihre Arbeit aufzuwerten und weniger bekannte K\u00f6stlichkeiten aus der K\u00e4serei der Insel und den renommierten toskanischen Feinkostl\u00e4den zu entdecken. Unser eigener Honig ist inklusive.<\/p>\n<p>Probieren Sie das Native Oliven\u00f6l Extra DOP Toscana und lernen Sie die typischen Sorten kennen, aus denen es besteht: Erkennen Sie die Frucht- und Mandelaromen und lassen Sie sich vom ungew\u00f6hnlich zarten Geschmack \u00fcberraschen!<\/p>\n<p>Lassen Sie sich vom Meer vor Ihnen mit den Inseln Montecristo, Pianosa, Korsika und Giglio verzaubern.<\/p>\n<p>Reservieren Sie jetzt Ihren Platz auf der Panoramaterrasse!<\/p>\n<p><strong>Geschenkgutschein zur Teilnahme am Erlebnis \u201eAperitif auf der Terrasse\u201c\u00a0<\/strong><\/p>\n<p><strong>Ablauf: 1 Jahr ab Kaufdatum.\u00a0<\/strong><\/p>\n<p>&nbsp;<\/p>\n<h4>Highlights<\/h4>\n<ul>\n<li><strong>Reservierter Sitzplatz<\/strong>\u00a0auf einer Terrasse mit Blick auf das Meer und die Weinberge, in einem privaten Weinresort auf der Insel Elba<\/li>\n<li><strong>Aperitif mit drei Gl\u00e4sern Wein Ihrer Wahl<\/strong>\u00a0Tenuta delle Ripalte (f\u00fcr jeden Teilnehmer)<\/li>\n<li><strong>Typische lokale Produkte auf 0 km<\/strong>\u00a0(verschiedene Pecorino-K\u00e4se, gemischte toskanische Wurstplatte, handwerklich hergestelltes Brot)<\/li>\n<li><strong>Natives Oliven\u00f6l extra<\/strong>\u00a0<strong>Elban und Honig\u00a0<\/strong>aus eigener Produktion<\/li>\n<li><strong>Atemberaubende Aussicht\u00a0<\/strong>vom Dach der Cantina d&#039;Autore des Circuito Toscana Wine Architecture<\/li>\n<\/ul>\n<h4>N\u00fctzliche Informationen<\/h4>\n<ul>\n<li>Personen unter 18 Jahren sind herzlich willkommen, d\u00fcrfen jedoch keinen Alkohol trinken. Bitte geben Sie deren Anwesenheit bei der Buchung an<\/li>\n<li>Die Tour ist f\u00fcr Menschen mit Behinderungen zug\u00e4nglich<\/li>\n<li>Das Erlebnis dauert ungef\u00e4hr 1 Stunde<\/li>\n<li>Die F\u00fchrung findet auch bei Schlechtwetter in einem gro\u00dfen Innenraum des Kellers statt<\/li>\n<li>Kleine Hunde sind erlaubt<\/li>\n<li>Angemessene Kleidung f\u00fcr einen Aperitif im Freien auf der Terrasse ist erforderlich<\/li>\n<\/ul>\n<h4>Treffpunkt<\/h4>\n<p>Tenuta delle Ripalte<br \/>\nLoc. Ripalte, 57031 Capoliveri LI<\/p>\n<p><a href=\"https:\/\/maps.app.goo.gl\/6n1kCYM16nCmUczb7\" target=\"_blank\" rel=\"noopener\">(siehe Google Maps)<\/a><\/p>\n<p>&nbsp;<\/p>\n<h4>F\u00fcr wen ist dieses Erlebnis geeignet?<\/h4>\n<ul>\n<li>Reisende, die neugierig sind und Tenuta delle Ripalte entdecken m\u00f6chten, ein privates Vorgebirge von 450 Hektar mit einzigartigem Blick auf die Insel Elba.<\/li>\n<li>G\u00e4ste, die nach abendlichen Erlebnissen wie exklusiven Aperitifs und After-Beach-Verkostungen suchen, um versteckte Ecken der Insel zu entdecken.<\/li>\n<li>Liebhaber typischer Produkte, die K\u00e4se, Wurstwaren und toskanisches DOP-Oliven\u00f6l mit Erkl\u00e4rungen zum Herstellungsprozess probieren m\u00f6chten.<\/li>\n<li>Paare auf der Suche nach romantischen Momenten, perfekt f\u00fcr Jubil\u00e4en, Verlobungen oder Flitterwochen, zwischen Abendessen unter den Sternen und atemberaubenden Ausblicken.<\/li>\n<li>Gruppen und private Feiern, mit der M\u00f6glichkeit, die Panoramaterrasse f\u00fcr Geburtstage, besondere Anl\u00e4sse und Abende mit Freunden zu reservieren.<\/li>\n<\/ul>\n<h4>F\u00dcR ANFRAGEN ODER INFORMATIONEN<\/h4>\n<p>Schreiben oder rufen Sie an: +39 3485841295<\/p>","protected":false},"excerpt":{"rendered":"<p><strong>Geschenkgutschein zur Teilnahme am Erlebnis \u201eAperitif auf der Terrasse\u201c\u00a0<\/strong><\/p>\n<p><strong>Ablauf: 1 Jahr ab Kaufdatum.\u00a0<\/strong><\/p>\n<p>&nbsp;<\/p>\n<p>Aperitif bei Sonnenuntergang mit typischen lokalen Produkten.<\/p>\n<p>Erleben Sie einen romantischen Aperitif bei Sonnenuntergang auf der Panoramaterrasse der Tenuta delle Ripalte. Probieren Sie erlesene Weine und genie\u00dfen Sie typische Spezialit\u00e4ten der Insel Elba, w\u00e4hrend sich die Sonne im Meer spiegelt und die Inseln am Horizont erleuchtet.<\/p>","protected":false},"featured_media":1674,"template":"","meta":[],"product_brand":[],"product_cat":[47],"product_tag":[],"class_list":{"0":"post-1661","1":"product","2":"type-product","3":"status-publish","4":"has-post-thumbnail","6":"product_cat-voucher-regalo","8":"first","9":"instock","10":"taxable","11":"shipping-taxable","12":"purchasable","13":"product-type-variable","14":"has-default-attributes"},"_links":{"self":[{"href":"https:\/\/shop.tenutadelleripalte.it\/de\/wp-json\/wp\/v2\/product\/1661","targetHints":{"allow":["GET"]}}],"collection":[{"href":"https:\/\/shop.tenutadelleripalte.it\/de\/wp-json\/wp\/v2\/product"}],"about":[{"href":"https:\/\/shop.tenutadelleripalte.it\/de\/wp-json\/wp\/v2\/types\/product"}],"wp:featuredmedia":[{"embeddable":true,"href":"https:\/\/shop.tenutadelleripalte.it\/de\/wp-json\/wp\/v2\/media\/1674"}],"wp:attachment":[{"href":"https:\/\/shop.tenutadelleripalte.it\/de\/wp-json\/wp\/v2\/media?parent=1661"}],"wp:term":[{"taxonomy":"product_brand","embeddable":true,"href":"https:\/\/shop.tenutadelleripalte.it\/de\/wp-json\/wp\/v2\/product_brand?post=1661"},{"taxonomy":"product_cat","embeddable":true,"href":"https:\/\/shop.tenutadelleripalte.it\/de\/wp-json\/wp\/v2\/product_cat?post=1661"},{"taxonomy":"product_tag","embeddable":true,"href":"https:\/\/shop.tenutadelleripalte.it\/de\/wp-json\/wp\/v2\/product_tag?post=1661"}],"curies":[{"name":"wp","href":"https:\/\/api.w.org\/{rel}","templated":true}]}}