{"id":1682,"date":"2023-02-03T11:46:21","date_gmt":"2023-02-03T10:46:21","guid":{"rendered":"https:\/\/shop.tenutadelleripalte.it\/?post_type=product&#038;p=1682"},"modified":"2025-12-02T11:17:32","modified_gmt":"2025-12-02T10:17:32","slug":"alcova-del-vignaiolo-alle-ripalte-aperitivo-privato-in-autonomia-al-tramonto","status":"publish","type":"product","link":"https:\/\/shop.tenutadelleripalte.it\/de\/shop\/alcova-del-vignaiolo-alle-ripalte-aperitivo-privato-in-autonomia-al-tramonto\/","title":{"rendered":"Gutschein \u2013 Alcova des Winzers: Privater Aperitif in Eigenverantwortung bei Sonnenuntergang"},"content":{"rendered":"<p>Erkunden Sie eigenst\u00e4ndig das Anwesen der Tenuta delle Ripalte auf der Suche nach der Alcova del Vignaiolo: ein abgelegenes H\u00e4uschen zwischen den Weinbergen von Poggio Turco, mit Blick auf den toskanischen Archipel, reserviert nur f\u00fcr Sie!<\/p>\n<p>In diesem magischen Kontext finden Sie ein f\u00fcr den Aperitif vorbereitetes Set: ein privates Wohnzimmer mit einem romantischen Bett, einem Glas Spumante Brut Ros\u00e9 von Tenuta Ripalte und verschiedenen tostanischen Snacks. Sie k\u00f6nnen weitere Flaschen Wein zu Ihrem Aperitif vor Ort erwerben.<\/p>\n<p>Dieses Erlebnis ist geeignet f\u00fcr romantische Paare und Freundeskreise. Erleben Sie einen unvergesslichen Aperitif in einer aufregenden Atmosph\u00e4re w\u00e4hrend der golden hour!<\/p>\n<p><strong>Geschenkgutschein zur Teilnahme am Erlebnis \u201eAlcova des Winzers: Privater Aperitif in Eigenverantwortung bei Sonnenuntergang\u201c<\/strong><\/p>\n<p><strong>Ablauf: 1 Jahr ab Kaufdatum.<\/strong><\/p>\n<p>&nbsp;<\/p>\n<h4>Highlights<\/h4>\n<ul>\n<li><strong>Ausgestattetes H\u00e4uschen<\/strong>\u00a0in den Weinbergen nur f\u00fcr Sie, abgelegen im mediterranen Gestr\u00fcpp zwischen den Weinreben<\/li>\n<li><strong>Aperitif bei Sonnenuntergang<\/strong>\u00a0mit Blick auf das Tyrrhenische Meer in v\u00f6lliger Autonomie<\/li>\n<li><strong>Location exklusiv\u00a0<\/strong>f\u00fcr die Buchung von Paaren oder Gruppen<\/li>\n<li><strong>Aperitif-Set:  Flasche Spumante Brut delle Ripalte<\/strong>\u00a0(eine Flasche f\u00fcr je 6 Teilnehmer). M\u00f6glichkeit, vor Ort weitere Flaschen zu kaufen<\/li>\n<li><strong>Typische Produkte<\/strong>\u00a0<strong>der Region aus 0 km<\/strong>\u00a0(verschiedene Pecorino-K\u00e4se, gemischte toskanische Wurstplatte, handwerklich hergestelltes Brot)<\/li>\n<\/ul>\n<h4>N\u00fctzliche Informationen<\/h4>\n<ul>\n<li>Eine F\u00fchrung ist nicht vorgesehen: Sie erhalten Anweisungen, um zum H\u00e4uschen zwischen den Weinbergen zu gelangen und den Aperitif eigenst\u00e4ndig zu genie\u00dfen<\/li>\n<li>Das Erlebnis hat keine spezifische Dauer: der Aufenthalt ist frei<\/li>\n<li>Personen unter 18 Jahren d\u00fcrfen teilnehmen, k\u00f6nnen jedoch keinen Alkohol konsumieren. Bitte geben Sie ihre Anwesenheit bei der Buchung an.<\/li>\n<li>Der Ausflug erfordert gutes Wetter: Wenn er wegen schlechten Wetters abgesagt wird, wird ein neuer Termin oder eine vollst\u00e4ndige R\u00fcckerstattung angeboten<\/li>\n<li>Hunde sind erlaubt<\/li>\n<\/ul>\n<p>&nbsp;<\/p>\n<h4>Treffpunkt<\/h4>\n<p>Tenuta delle Ripalte<br \/>\nLoc. Ripalte, 57031 Capoliveri LI<\/p>\n<p><a href=\"https:\/\/maps.app.goo.gl\/6n1kCYM16nCmUczb7\" target=\"_blank\" rel=\"noopener\">(siehe Google Maps)<\/a><\/p>\n<p>&nbsp;<\/p>\n<h4>F\u00fcr wen ist dieses Erlebnis geeignet?<\/h4>\n<ul>\n<li>Romantisches Erlebnis in der Toskana \u2013 Paare und Weinliebhaber k\u00f6nnen lokale Weine in v\u00f6lliger Privatsph\u00e4re zwischen den Weinbergen mit Meerblick genie\u00dfen.<\/li>\n<li>Perfektes Geschenk f\u00fcr den Valentinstag \u2013 Exklusiver Aperitif im mediterranen Gestr\u00fcpp f\u00fcr intime und unvergessliche Momente.<\/li>\n<li>Ideen f\u00fcr Jubil\u00e4en und Hochzeitsreisen \u2013 Verschenken Sie einen romantischen Moment in einem privaten H\u00e4uschen zwischen den Weinbergen.<\/li>\n<li>Private Feiern unter Freunden \u2013 Gruppen k\u00f6nnen einen exklusiven Aperitif in einem privaten Anwesen auf der Insel Elba genie\u00dfen.<\/li>\n<li>Einzigartige Junggesellenabschiede \u2013 Abgelegene Location bei Sonnenuntergang mit toskanischen Weinen und lokalen Spezialit\u00e4ten.<\/li>\n<\/ul>\n<h4><\/h4>\n<h4>F\u00dcR ANFRAGEN ODER INFORMATIONEN<\/h4>\n<p>Schreiben oder rufen Sie an: +39 3485841295<\/p>","protected":false},"excerpt":{"rendered":"<div class=\"descrizione\">\n<p><strong>Geschenkgutschein zur Teilnahme am Erlebnis \u201eAlcova des Winzers: Privater Aperitif in Eigenverantwortung bei Sonnenuntergang\u201c<\/strong><\/p>\n<p><strong>Ablauf: 1 Jahr ab Kaufdatum.<\/strong><\/p>\n<p>Ein abgeschiedenes Cottage inmitten der Weinberge von Poggio Turco mit Blick auf den toskanischen Archipel, nur f\u00fcr Sie reserviert!<\/p>\n<p>In dieser zauberhaften Umgebung finden Sie f\u00fcr den Aperitif eine Reihe vorbereiteter Utensilien: eine private Lounge mit einer romantischen Liege, ein Glas <strong>Spumante Brut delle Ripalte<\/strong>\u00a0und verschiedene Vorspeisen mit toskanischem Geschmack.<\/p>\n<\/div>","protected":false},"featured_media":1683,"template":"","meta":[],"product_brand":[],"product_cat":[47],"product_tag":[],"class_list":{"0":"post-1682","1":"product","2":"type-product","3":"status-publish","4":"has-post-thumbnail","6":"product_cat-voucher-regalo","8":"first","9":"instock","10":"taxable","11":"shipping-taxable","12":"purchasable","13":"product-type-variable","14":"has-default-attributes"},"_links":{"self":[{"href":"https:\/\/shop.tenutadelleripalte.it\/de\/wp-json\/wp\/v2\/product\/1682","targetHints":{"allow":["GET"]}}],"collection":[{"href":"https:\/\/shop.tenutadelleripalte.it\/de\/wp-json\/wp\/v2\/product"}],"about":[{"href":"https:\/\/shop.tenutadelleripalte.it\/de\/wp-json\/wp\/v2\/types\/product"}],"wp:featuredmedia":[{"embeddable":true,"href":"https:\/\/shop.tenutadelleripalte.it\/de\/wp-json\/wp\/v2\/media\/1683"}],"wp:attachment":[{"href":"https:\/\/shop.tenutadelleripalte.it\/de\/wp-json\/wp\/v2\/media?parent=1682"}],"wp:term":[{"taxonomy":"product_brand","embeddable":true,"href":"https:\/\/shop.tenutadelleripalte.it\/de\/wp-json\/wp\/v2\/product_brand?post=1682"},{"taxonomy":"product_cat","embeddable":true,"href":"https:\/\/shop.tenutadelleripalte.it\/de\/wp-json\/wp\/v2\/product_cat?post=1682"},{"taxonomy":"product_tag","embeddable":true,"href":"https:\/\/shop.tenutadelleripalte.it\/de\/wp-json\/wp\/v2\/product_tag?post=1682"}],"curies":[{"name":"wp","href":"https:\/\/api.w.org\/{rel}","templated":true}]}}