{"id":2191,"date":"2024-10-17T17:39:00","date_gmt":"2024-10-17T15:39:00","guid":{"rendered":"https:\/\/shop.tenutadelleripalte.it\/?post_type=product&#038;p=2191"},"modified":"2026-01-30T15:53:08","modified_gmt":"2026-01-30T14:53:08","slug":"box-profumi-di-aleatico","status":"publish","type":"product","link":"https:\/\/shop.tenutadelleripalte.it\/de\/shop\/box-profumi-di-aleatico\/","title":{"rendered":"DER DUFT VON ALEATICO"},"content":{"rendered":"<div class=\"wpb-content-wrapper\"><div data-parent=\"true\" class=\"vc_row row-container\" id=\"row-unique-0\"><div class=\"row limit-width row-parent\"><div class=\"wpb_row row-inner\"><div class=\"wpb_column pos-top pos-center align_left column_parent col-lg-12 single-internal-gutter\"><div class=\"uncol style-light\"  ><div class=\"uncoltable\"><div class=\"uncell no-block-padding\" ><div class=\"uncont\" ><div class=\"vc_custom_heading_wrap\"><div class=\"heading-text el-text\" ><h2 class=\"font-181210 h2 text-uppercase\" ><span>Beschreibung<\/span><\/h2><\/div><div class=\"clear\"><\/div><\/div><div class=\"uncode_text_column\" ><p>Die Box \u201eProfumi di Aleatico\u201c stellt eine emotionale Reise in die Essenz Elbas dar.<\/p>\n<p>Es richtet sich an Weinliebhaber, die die gro\u00dfe Vielseitigkeit dieser einheimischen Rebsorte entdecken m\u00f6chten.<\/p>\n<p>Enth\u00e4lt sechs Flaschen, von denen jede eine einzigartige Facette des Aleatico zum Ausdruck bringt und seine F\u00e4higkeit offenbart, sich an verschiedene Stile anzupassen und dabei seine unverwechselbare Identit\u00e4t zu bewahren.<\/p>\n<p>2 Flaschen Rosato Delle Ripalte, frisch und aromatisch, der die Einzigartigkeit der Rebsorte hervorhebt;<br \/>\n2 Flaschen Spumante Brut delle Ripalte, mit raffinierten und lebendigen Perlen, perfekt f\u00fcr alle, die eine prickelnde Version suchen;<br \/>\n2 Flaschen Aleatico Alea Ludendo, s\u00fc\u00df und einh\u00fcllend, der die jahrhundertealte Weinbautradition der Insel verk\u00f6rpert.<\/p>\n<p>Diese Auswahl unterstreicht nicht nur die Vielseitigkeit von Aleatico, sondern w\u00fcrdigt auch den Reichtum und die Vielfalt des elbanischen Territoriums.<\/p>\n<\/div><\/div><\/div><\/div><\/div><\/div><script id=\"script-row-unique-0\" data-row=\"script-row-unique-0\" type=\"text\/javascript\" class=\"vc_controls\">UNCODE.initRow(document.getElementById(\"row-unique-0\"));<\/script><\/div><\/div><\/div>\n<\/div>","protected":false},"excerpt":{"rendered":"<p>Jede Flasche erz\u00e4hlt eine Geschichte. Mit dieser besonderen Auswahl k\u00f6nnen Sie alle Nuancen des Aleatico entdecken, einer einzigartigen Rebsorte von der Insel Elba.<\/p>\n<p>Die Box enth\u00e4lt:<\/p>\n<ul>\n<li>2 Flaschen Aleatico Alea Ludendo<\/li>\n<li>2 Flaschen Rosato Delle Ripalte<\/li>\n<li>2 Flaschen Ripalte Brut Sekt<\/li>\n<\/ul>","protected":false},"featured_media":3354,"template":"","meta":[],"product_brand":[],"product_cat":[58],"product_tag":[],"class_list":{"0":"post-2191","1":"product","2":"type-product","3":"status-publish","4":"has-post-thumbnail","6":"product_cat-box","8":"first","9":"instock","10":"sale","11":"taxable","12":"shipping-taxable","13":"purchasable","14":"product-type-simple"},"_links":{"self":[{"href":"https:\/\/shop.tenutadelleripalte.it\/de\/wp-json\/wp\/v2\/product\/2191","targetHints":{"allow":["GET"]}}],"collection":[{"href":"https:\/\/shop.tenutadelleripalte.it\/de\/wp-json\/wp\/v2\/product"}],"about":[{"href":"https:\/\/shop.tenutadelleripalte.it\/de\/wp-json\/wp\/v2\/types\/product"}],"wp:featuredmedia":[{"embeddable":true,"href":"https:\/\/shop.tenutadelleripalte.it\/de\/wp-json\/wp\/v2\/media\/3354"}],"wp:attachment":[{"href":"https:\/\/shop.tenutadelleripalte.it\/de\/wp-json\/wp\/v2\/media?parent=2191"}],"wp:term":[{"taxonomy":"product_brand","embeddable":true,"href":"https:\/\/shop.tenutadelleripalte.it\/de\/wp-json\/wp\/v2\/product_brand?post=2191"},{"taxonomy":"product_cat","embeddable":true,"href":"https:\/\/shop.tenutadelleripalte.it\/de\/wp-json\/wp\/v2\/product_cat?post=2191"},{"taxonomy":"product_tag","embeddable":true,"href":"https:\/\/shop.tenutadelleripalte.it\/de\/wp-json\/wp\/v2\/product_tag?post=2191"}],"curies":[{"name":"wp","href":"https:\/\/api.w.org\/{rel}","templated":true}]}}