{"id":2241,"date":"2024-11-15T12:15:33","date_gmt":"2024-11-15T11:15:33","guid":{"rendered":"https:\/\/shop.tenutadelleripalte.it\/?post_type=product&#038;p=2241"},"modified":"2026-02-17T11:10:14","modified_gmt":"2026-02-17T10:10:14","slug":"box-classic-ripalte","status":"publish","type":"product","link":"https:\/\/shop.tenutadelleripalte.it\/de\/shop\/box-classic-ripalte\/","title":{"rendered":"CLASSIC RIPALTE"},"content":{"rendered":"<div class=\"wpb-content-wrapper\"><div data-parent=\"true\" class=\"vc_row row-container\" id=\"row-unique-0\"><div class=\"row limit-width row-parent\"><div class=\"wpb_row row-inner\"><div class=\"wpb_column pos-top pos-center align_left column_parent col-lg-12 single-internal-gutter\"><div class=\"uncol style-light\"  ><div class=\"uncoltable\"><div class=\"uncell no-block-padding\" ><div class=\"uncont\" ><div class=\"vc_custom_heading_wrap\"><div class=\"heading-text el-text\" ><h2 class=\"font-181210 h2 text-uppercase\" ><span>Beschreibung<\/span><\/h2><\/div><div class=\"clear\"><\/div><\/div><div class=\"uncode_text_column\" ><p>F\u00fcr alle, die die Sch\u00f6nheit von Authentizit\u00e4t und Tradition sch\u00e4tzen, vereint die Classic Ripalte Box die Essenz der Tenuta delle Ripalte und unserer geliebten Insel Elba. Diese Auswahl ist f\u00fcr alle gedacht, die biologische Weine genie\u00dfen m\u00f6chten, als Ausdruck eines einzigartigen Terroirs, ideal um die Festtafel zu bereichern oder Freunde und Familie mit einem edlen Geschenk zu \u00fcberraschen. Mit der Classic Ripalte Box holen Sie sich drei exklusive Etiketten nach Hause, jedes mit seiner eigenen Geschichte und seinem Charakter, vereint durch die Qualit\u00e4t und Leidenschaft, die unsere Produktion auszeichnen.<\/p>\n<p><b>Was Sie in der Box finden:<\/b><\/p>\n<p><b><b>2 Flaschen Vermentino Delle Ripalte Bio<\/b><\/b><\/p>\n<p>Eleganter und frischer Wei\u00dfwein, der das mediterrane Klima Elbas am besten zum Ausdruck bringt. In der Nase \u00f6ffnen sich florale Noten und Aromen von Zitrusfr\u00fcchten und wei\u00dfen Fr\u00fcchten, die an die Meeresbrise und die Sonne der Insel erinnern. Am Gaumen ist er frisch und angenehm herzhaft, mit einer leichten Mineralit\u00e4t, die seine Struktur unterstreicht. Dieser Vermentino passt perfekt zu Fischgerichten, Vorspeisen und leichten ersten G\u00e4ngen und bringt einen Hauch von Frische und Harmonie auf Ihren Tisch.<\/p>\n<p><b><b>2 Flaschen Rosato Delle Ripalte Bio<\/b><\/b><\/p>\n<p>Ein wahres Juwel aus unserem Keller, gewonnen aus einer f\u00fcr Elba typischen einheimischen Sorte. Dieser Ros\u00e9 besticht durch seine leuchtende Farbe und seine Aromen von Beeren, Erdbeeren und Rosenbl\u00e4ttern. Am Gaumen ist er frisch und einh\u00fcllend, mit einem fruchtigen und anhaltenden Abgang. Seine Leichtigkeit und Lebhaftigkeit machen ihn ideal f\u00fcr Aperitifs, er passt aber vielseitig zu Sommergerichten, wei\u00dfem Fleisch und delikaten K\u00e4sesorten und verleiht ihm einen Hauch von Fr\u00f6hlichkeit und Frische.<\/p>\n<p><b><b>2 Flaschen Rosso Delle Ripalte Bio<\/b><\/b><\/p>\n<p>Ein strukturierter und intensiver Rotwein, der die St\u00e4rke und den Charakter des elbanischen Territoriums voll zum Ausdruck bringt. Dieser Wein hat tiefe Aromen von reifen roten Fr\u00fcchten und s\u00fc\u00dfen Gew\u00fcrzen, Eigenschaften, die ihn komplex und faszinierend machen. Am Gaumen ist er vollmundig und ausgewogen, mit weichen Tanninen und einem langen, anhaltenden Abgang. Alicante passt perfekt zu Fleischgerichten, Wild und reifem K\u00e4se und bringt die authentische Seele unseres Landes auf den Tisch.<\/p>\n<\/div><\/div><\/div><\/div><\/div><\/div><script id=\"script-row-unique-0\" data-row=\"script-row-unique-0\" type=\"text\/javascript\" class=\"vc_controls\">UNCODE.initRow(document.getElementById(\"row-unique-0\"));<\/script><\/div><\/div><\/div>\n<\/div>","protected":false},"excerpt":{"rendered":"<p>Wenn Sie etwas Besonderes suchen, ist die Classic Ripalte-Box ein Geschenk, das von Tradition und Authentizit\u00e4t zeugt, perfekt als Beilage zu Festtagsgerichten oder um Liebhaber guten Weins zu \u00fcberraschen.<\/p>\n<p>Im Inneren finden Sie:<\/p>\n<ul>\n<li>2 Flaschen Vermentino Delle Ripalte Bio<\/li>\n<li>2 Flaschen Rosato Delle Ripalte Bio<\/li>\n<li>2 Flaschen Rosso Delle Ripalte Bio<\/li>\n<\/ul>","protected":false},"featured_media":3353,"template":"","meta":[],"product_brand":[],"product_cat":[58],"product_tag":[],"class_list":{"0":"post-2241","1":"product","2":"type-product","3":"status-publish","4":"has-post-thumbnail","6":"product_cat-box","8":"first","9":"instock","10":"sale","11":"taxable","12":"shipping-taxable","13":"purchasable","14":"product-type-simple"},"_links":{"self":[{"href":"https:\/\/shop.tenutadelleripalte.it\/de\/wp-json\/wp\/v2\/product\/2241","targetHints":{"allow":["GET"]}}],"collection":[{"href":"https:\/\/shop.tenutadelleripalte.it\/de\/wp-json\/wp\/v2\/product"}],"about":[{"href":"https:\/\/shop.tenutadelleripalte.it\/de\/wp-json\/wp\/v2\/types\/product"}],"wp:featuredmedia":[{"embeddable":true,"href":"https:\/\/shop.tenutadelleripalte.it\/de\/wp-json\/wp\/v2\/media\/3353"}],"wp:attachment":[{"href":"https:\/\/shop.tenutadelleripalte.it\/de\/wp-json\/wp\/v2\/media?parent=2241"}],"wp:term":[{"taxonomy":"product_brand","embeddable":true,"href":"https:\/\/shop.tenutadelleripalte.it\/de\/wp-json\/wp\/v2\/product_brand?post=2241"},{"taxonomy":"product_cat","embeddable":true,"href":"https:\/\/shop.tenutadelleripalte.it\/de\/wp-json\/wp\/v2\/product_cat?post=2241"},{"taxonomy":"product_tag","embeddable":true,"href":"https:\/\/shop.tenutadelleripalte.it\/de\/wp-json\/wp\/v2\/product_tag?post=2241"}],"curies":[{"name":"wp","href":"https:\/\/api.w.org\/{rel}","templated":true}]}}