{"id":3062,"date":"2025-04-11T15:04:24","date_gmt":"2025-04-11T13:04:24","guid":{"rendered":"https:\/\/shop.tenutadelleripalte.it\/?post_type=product&#038;p=3062"},"modified":"2025-12-02T11:18:49","modified_gmt":"2025-12-02T10:18:49","slug":"e-bike-degustazione-vini-cantina","status":"publish","type":"product","link":"https:\/\/shop.tenutadelleripalte.it\/de\/shop\/e-bike-degustazione-vini-cantina\/","title":{"rendered":"Gutschein \u2013 E-Bike-Tour mit Weinprobe"},"content":{"rendered":"<p>Erkunden Sie den wildesten Teil der Insel Elba: ein 450 Hektar gro\u00dfes Anwesen auf einer gro\u00dfen Landzunge im S\u00fcdosten.<\/p>\n<p>Genie\u00dfen Sie einen Ausflug mit dem E-Bike auf den Wegen des Monte Calamita, der die Tenuta delle Ripalte \u00fcberragt.<br \/>\nDie Pausen an den Aussichtspunkten \u00fcber dem Meer werden Sie begeistern: Sie werden steile Klippen, nat\u00fcrliche Seen und alte Pinienw\u00e4lder inmitten der mediterranen Macchia besuchen. Sie fahren durch einen der h\u00f6chstgelegenen Weinberge der Insel Elba.<\/p>\n<p>Nach der Besichtigung entspannen Sie sich bei einem Aperitivo mit Weinen der Tenuta delle Ripalte und genie\u00dfen einen Moment der Entspannung bei Wein und Snacks mit Blick auf das Meer von einem privilegierten Aussichtspunkt aus: dem Dach des Designer-Weinguts.<\/p>\n<p>&nbsp;<\/p>\n<p><strong>Geschenkgutschein zur Teilnahme am Erlebnis \u201eE-Bike-Tour mit Weinprobe\u201c\u00a0<\/strong><\/p>\n<p><strong>Ablauf: 1 Jahr ab Kaufdatum.\u00a0<\/strong><\/p>\n<p>&nbsp;<\/p>\n<h4>Highlights<\/h4>\n<ul>\n<li><strong>E-Bike-Tour<\/strong>\u00a0mit einem vom italienischen MTB-Verband akkreditierten Guide<\/li>\n<li><strong>Cannondale E-Bike<\/strong>\u00a0mit Bosch-Motor und Helm inklusive<\/li>\n<li><strong>Erkundung eines 450 Hektar gro\u00dfen Anwesens<\/strong>\u00a0mit Panoramastopps und historischen und naturkundlichen Sehensw\u00fcrdigkeiten<\/li>\n<li><strong>Aperitif<\/strong>\u00a0und Moment der Entspannung auf der Terrasse mit Meerblick<\/li>\n<li><strong>Weinverkostung<\/strong> der Tenuta delle Ripalte (3 Gl\u00e4ser Wein Ihrer Wahl)<\/li>\n<li><strong>Gourmet-Spezialit\u00e4ten<\/strong> der traditionellen toskanischen K\u00fcche<\/li>\n<\/ul>\n<p>&nbsp;<\/p>\n<h4>N\u00fctzliche Informationen<\/h4>\n<ul>\n<li>Kinder unter 18 Jahren d\u00fcrfen an der Tour teilnehmen, wenn sie gr\u00f6\u00dfer als 150 cm sind. Sie sind auch auf der Terrasse zu einem Aperitif und einem Moment der Entspannung willkommen, d\u00fcrfen jedoch keinen Alkohol konsumieren.<\/li>\n<li>Nicht behindertengerecht, nur f\u00fcr Personen mit guter Gesundheit empfohlen (keine Herzprobleme oder andere k\u00f6rperliche Probleme)<\/li>\n<li>Die Fahrradtour dauert 1h30m; Der Aperitivo dauert ca. 1h30m. Die Gesamtdauer betr\u00e4gt 3 Stunden <strong>2 Std. 30 Min.<\/strong><\/li>\n<li>Ein moderates Trainingsniveau ist erforderlich. Es ist erforderlich, Fahrrad fahren zu k\u00f6nnen<\/li>\n<li>Der Ausflug erfordert gutes Wetter: Wenn er wegen schlechten Wetters abgesagt wird, wird ein neuer Termin oder eine vollst\u00e4ndige R\u00fcckerstattung angeboten<\/li>\n<li>Diese Aktivit\u00e4t hat maximal 8 G\u00e4ste<\/li>\n<li>Ben\u00f6tigte Kleidung: Turnschuhe, Windjacke, Sonnencreme, Kopfbedeckung, Sonnenbrille, Wechselkleidung, Handtuch. Der Helm wird gestellt<\/li>\n<\/ul>\n<h4>Treffpunkt<\/h4>\n<p>Tenuta delle Ripalte<br \/>\nLoc. Ripalte, 57031 Capoliveri LI<\/p>\n<p><a href=\"https:\/\/maps.app.goo.gl\/6n1kCYM16nCmUczb7\" target=\"_blank\" rel=\"noopener\">(siehe Google Maps)<\/a><\/p>\n<div><\/div>\n<h4>F\u00fcr wen ist dieses Erlebnis geeignet?<\/h4>\n<ul>\n<li data-end=\"154\" data-start=\"36\">F\u00fcr alle, die sich auch im Urlaub sportlich bet\u00e4tigen wollen, die nicht den ganzen Tag am Strand verbringen m\u00f6chten, sondern Ausfl\u00fcge machen wollen, um die Gegend kennenzulernen, gibt es ein E-Bike, das eine geringe Anstrengung bedeutet und die M\u00f6glichkeit bietet, das Innere der Insel Elba zu erkunden.<\/li>\n<li data-end=\"284\" data-start=\"159\">F\u00fcr diejenigen, die ein E-Bike auf der Insel Elba mieten und sich von einem lokalen Experten sicher auf Wegen und Stra\u00dfen f\u00fchren lassen m\u00f6chten, abseits von Verkehr und gef\u00e4hrlichen Stra\u00dfen. Die Route entwickelt sich in einem gro\u00dfen Privatgebiet auf dem Monte Calamita und auf dem Vorgebirge, das sich s\u00fcd\u00f6stlich der Insel Elba erstreckt.<\/li>\n<li data-end=\"405\" data-start=\"289\">Urlaub in der Toskana in Sport und Entspannung: Kombinieren Sie die Entspannung des Meeres und einen Aperitivo am Ende einer E-Bike-Tour, um die einzigartigen Natursch\u00f6nheiten des Hinterlandes der Insel Elba zu entdecken.<\/li>\n<li data-end=\"537\" data-start=\"410\">E-Bike-Verleih in Capoliveri mit Guide: Fahrt auf dem Monte Calamita und Zugang zur Tenuta delle Ripalte, gef\u00fchrt von einem erfahrenen, akkreditierten MTB-Guide.\nCannondale E-Bike-Mountainbike-Verleih mit Bosch-Motor: Erkunden Sie das toskanische Meer auf Pfaden und Saumpfaden und probieren Sie lokale Weine und typische Produkte.<\/li>\n<li data-end=\"680\" data-is-last-node=\"\" data-start=\"542\">Der E-Bike-Tour-Gutschein ist eine perfekte Geschenkidee f\u00fcr G\u00e4ste, die den Sport und das italienische Lebensgef\u00fchl lieben: ein Geschenk f\u00fcr alle wichtigen Anl\u00e4sse wie Geburtstage, Abschlussgeschenke, Jubil\u00e4en und als Hochzeitsgeschenk. Der Gutschein berechtigt Sie zur Buchung des Erlebnistermins bis zu der auf dem Gutschein angegebenen Frist. \u00dcberraschen Sie Ihre Freunde mit einem Gutschein f\u00fcr eine E-Bike-Tour am toskanischen Meer und einem exklusiven Besuch eines Weinguts auf den Inseln des toskanischen Archipels, inklusive Weinprobe.<\/li>\n<\/ul>\n<p>&nbsp;<\/p>\n<h4>F\u00dcR BESONDERE ANFRAGEN ODER WEITERE INFORMATIONEN<\/h4>\n<p>Schreiben oder rufen Sie an: +39 3485841295<\/p>","protected":false},"excerpt":{"rendered":"<p><strong>Geschenkgutschein zur Teilnahme am Erlebnis \u201eE-Bike-Tour mit Weinprobe\u201c\u00a0<\/strong><\/p>\n<p><strong>Ablauf: 1 Jahr ab Kaufdatum.\u00a0<\/strong><\/p>\n<p>Erkunden Sie die s\u00fcd\u00f6stliche Seite der Insel Elba und schlie\u00dfen Sie mit einer Kostprobe von Wein und lokalen Speisen ab.<br \/>\nErkunden Sie den wildesten Teil der Insel Elba: ein 450 Hektar gro\u00dfes Anwesen auf einer gro\u00dfen Landzunge im S\u00fcdosten.<\/p>","protected":false},"featured_media":1581,"template":"","meta":[],"product_brand":[],"product_cat":[47],"product_tag":[],"class_list":{"0":"post-3062","1":"product","2":"type-product","3":"status-publish","4":"has-post-thumbnail","6":"product_cat-voucher-regalo","8":"first","9":"instock","10":"virtual","11":"taxable","12":"purchasable","13":"product-type-simple"},"_links":{"self":[{"href":"https:\/\/shop.tenutadelleripalte.it\/de\/wp-json\/wp\/v2\/product\/3062","targetHints":{"allow":["GET"]}}],"collection":[{"href":"https:\/\/shop.tenutadelleripalte.it\/de\/wp-json\/wp\/v2\/product"}],"about":[{"href":"https:\/\/shop.tenutadelleripalte.it\/de\/wp-json\/wp\/v2\/types\/product"}],"wp:featuredmedia":[{"embeddable":true,"href":"https:\/\/shop.tenutadelleripalte.it\/de\/wp-json\/wp\/v2\/media\/1581"}],"wp:attachment":[{"href":"https:\/\/shop.tenutadelleripalte.it\/de\/wp-json\/wp\/v2\/media?parent=3062"}],"wp:term":[{"taxonomy":"product_brand","embeddable":true,"href":"https:\/\/shop.tenutadelleripalte.it\/de\/wp-json\/wp\/v2\/product_brand?post=3062"},{"taxonomy":"product_cat","embeddable":true,"href":"https:\/\/shop.tenutadelleripalte.it\/de\/wp-json\/wp\/v2\/product_cat?post=3062"},{"taxonomy":"product_tag","embeddable":true,"href":"https:\/\/shop.tenutadelleripalte.it\/de\/wp-json\/wp\/v2\/product_tag?post=3062"}],"curies":[{"name":"wp","href":"https:\/\/api.w.org\/{rel}","templated":true}]}}