{"id":3082,"date":"2025-04-22T15:06:47","date_gmt":"2025-04-22T13:06:47","guid":{"rendered":"https:\/\/shop.tenutadelleripalte.it\/?post_type=product&#038;p=3082"},"modified":"2025-12-02T11:19:33","modified_gmt":"2025-12-02T10:19:33","slug":"voucher-family-jeep-tour","status":"publish","type":"product","link":"https:\/\/shop.tenutadelleripalte.it\/de\/shop\/voucher-family-jeep-tour\/","title":{"rendered":"Gutschein - Familien Jeep Tour"},"content":{"rendered":"<ul>\n<li>Begeistern Sie die ganze Familie mit einer Jeep-Tour in einem Gel\u00e4ndewagen auf einem 450 Hektar gro\u00dfen Privatgel\u00e4nde im Nationalpark des Toskanischen Archipels!<br \/>\nFahren Sie auf alten Wegen und Schotterstra\u00dfen und betreten Sie den Weinberg, um den biologischen Zyklus der Rebe n\u00e4her kennenzulernen.<br \/>\nEntdecken Sie, wie man den Duft und die Aromen der typischen Pflanzen des Mittelmeers erkennt: Zistrosen, Wacholder, Besen, Mastix, Rosmarin, Wildfenchel, Myrte.<\/li>\n<\/ul>\n<p>Achten Sie auf! Es ist sehr wahrscheinlich, dass Sie Begegnungen mit der einheimischen Fauna haben: Ziegen, die auf den hohen Klippen stehen, Fasanfamilien, Hasen .. und wenn Sie nach oben schauen: Wanderfalken, Turmfalken, Schleiereulen, Kolkraben.<\/p>\n<p>Lassen Sie Ihre Kinder eine Erfahrung in der Natur und der Biodiversit\u00e4t der Insel Elba erleben und beenden Sie mit einem Moment der Entspannung f\u00fcr die Eltern in der Ruhe eines atemberaubenden Blicks auf das Meer!<\/p>\n<p>&nbsp;<\/p>\n<p><strong>Geschenkgutschein zur Teilnahme am Erlebnis \u201eFamilien Jeep Tour\u201c<\/strong><\/p>\n<p><strong>Ablauf: 1 Jahr ab Kaufdatum.\u00a0<\/strong><\/p>\n<p>&nbsp;<\/p>\n<h4>Highlights<\/h4>\n<ul>\n<li><strong>Familienerlebnis:<\/strong>Erlebnis mit hohem Spa\u00df- und Abenteuerfaktor, insbesondere f\u00fcr Familien mit Kindern<\/li>\n<li><strong>Exkursion in einem<\/strong>\u00a0<strong>Jeep auf einem 450 Hektar gro\u00dfen Anwesen, mit Stopps von nat\u00fcrlichem und historischem Interesse<\/strong><\/li>\n<li><strong>F\u00fchrung zur Entdeckung der Biodiversit\u00e4t<\/strong> der Flora und Fauna der Insel Elba<\/li>\n<li><strong>Erholungszeit f\u00fcr die Eltern mit einem Aperitif auf der Terrasse<\/strong> mit Blick auf Weinberge und Meer, mit drei Gl\u00e4sern nach Wahl der Weine der Tenuta delle Ripalte und typischen Produkten der Region aus 0 km (Schafsk\u00e4se mit unterschiedlicher Verarbeitung und Reifung, gemischte toskanische Wurstplatte, handwerkliches Brot), sowie extraverginem Oliven\u00f6l von Elba und Honig aus eigener Produktion<\/li>\n<li><strong>Snack f\u00fcr die Kinder<\/strong>\u00a0mit Pizza und Fruchtsaft<\/li>\n<\/ul>\n<h4>N\u00fctzliche Informationen<\/h4>\n<ul>\n<li>Dieses Erlebnis ist f\u00fcr Familien mit Kindern unter 18 Jahren gedacht. Der Aperitif beinhaltet alkoholfreie Getr\u00e4nke f\u00fcr Minderj\u00e4hrige, die keinen Alkohol trinken d\u00fcrfen.<\/li>\n<li><b>Kostenlos f\u00fcr Kinder unter 3 Jahren.<\/b><\/li>\n<li><strong>Das Erlebnis dauert etwa 2 Stunden, davon: 1 Stunde Jeep-Tour + 1 Stunde Aperitif.\u00a0<\/strong><\/li>\n<li>Die Tour findet auch bei schlechtem Wetter statt.<\/li>\n<li>Kleine Hunde sind erlaubt<\/li>\n<li>Angemessene Kleidung f\u00fcr einen Aperitif im Freien auf der Terrasse ist erforderlich<\/li>\n<\/ul>\n<h4>Treffpunkt<\/h4>\n<p>Tenuta delle Ripalte<br \/>\nLoc. Ripalte, 57031 Capoliveri LI<\/p>\n<p><a href=\"https:\/\/maps.app.goo.gl\/6n1kCYM16nCmUczb7\" target=\"_blank\" rel=\"noopener\">(siehe Google Maps)<\/a><\/p>\n<p>&nbsp;<\/p>\n<h4>F\u00fcr wen ist dieses Erlebnis geeignet?<\/h4>\n<ul>\n<li>Gedacht f\u00fcr Familien mit Kindern, die auf der Suche nach einem authentischen Abenteuer sind.\nEine Alternative zum klassischen Tag am Strand und im Miniclub<\/li>\n<li>Ideal f\u00fcr diejenigen, die die wilde Seele von Elba entdecken m\u00f6chten. Zwischen alten Wegen, unber\u00fchrter Natur und versteckten Orten<\/li>\n<li>Perfekt f\u00fcr Liebhaber von Offroad-Touren und Schotterstra\u00dfen. Exklusiver Zugang zu privaten Bereichen des Anwesens, fernab der touristischen Routen<\/li>\n<li>F\u00fcr diejenigen, die von einem immersiven Erlebnis in der Natur mit der ganzen Familie tr\u00e4umen\nDie Kinder werden ein Abenteuer zwischen Tieren, Pflanzen und faszinierenden Geschichten erleben.<\/li>\n<li>Der Gutschein mit offenem Datum ist ein aufregendes Geschenk f\u00fcr jeden Anlass. Eine \u00dcberraschung, die die Familie vereint und unvergessliche Erinnerungen hinterl\u00e4sst.<\/li>\n<\/ul>\n<p>&nbsp;<\/p>\n<p><strong>F\u00dcR INFORMATIONEN ODER ANFRAGEN ZU TOURVERL\u00c4NGERUNGEN<\/strong><\/p>\n<p>Schreiben oder rufen Sie an: +39 3485841295<\/p>","protected":false},"excerpt":{"rendered":"<p><strong>Geschenkgutschein zur Teilnahme am Erlebnis \u201eFamilien Jeep Tour\u201c<\/strong><\/p>\n<p><strong>Ablauf: 1 Jahr ab Kaufdatum.\u00a0<\/strong><\/p>\n<p>&nbsp;<\/p>\n<p>Begeistern Sie die ganze Familie mit einer Jeep-Tour in einem Gel\u00e4ndewagen auf einem 450 Hektar gro\u00dfen Privatgel\u00e4nde im Nationalpark des Toskanischen Archipels!<br \/>\nFahren Sie auf alten Wegen und Schotterstra\u00dfen und betreten Sie den Weinberg, um den biologischen Zyklus der Rebe n\u00e4her kennenzulernen.<br \/>\nEntdecken Sie, wie man den Duft und die Aromen der typischen Pflanzen des Mittelmeers erkennt: Zistrosen, Wacholder, Besen, Mastix, Rosmarin, Wildfenchel, Myrte.<\/p>","protected":false},"featured_media":3085,"template":"","meta":[],"product_brand":[],"product_cat":[47],"product_tag":[],"class_list":{"0":"post-3082","1":"product","2":"type-product","3":"status-publish","4":"has-post-thumbnail","6":"product_cat-voucher-regalo","8":"first","9":"instock","10":"taxable","11":"shipping-taxable","12":"purchasable","13":"product-type-variable","14":"has-default-attributes"},"_links":{"self":[{"href":"https:\/\/shop.tenutadelleripalte.it\/de\/wp-json\/wp\/v2\/product\/3082","targetHints":{"allow":["GET"]}}],"collection":[{"href":"https:\/\/shop.tenutadelleripalte.it\/de\/wp-json\/wp\/v2\/product"}],"about":[{"href":"https:\/\/shop.tenutadelleripalte.it\/de\/wp-json\/wp\/v2\/types\/product"}],"wp:featuredmedia":[{"embeddable":true,"href":"https:\/\/shop.tenutadelleripalte.it\/de\/wp-json\/wp\/v2\/media\/3085"}],"wp:attachment":[{"href":"https:\/\/shop.tenutadelleripalte.it\/de\/wp-json\/wp\/v2\/media?parent=3082"}],"wp:term":[{"taxonomy":"product_brand","embeddable":true,"href":"https:\/\/shop.tenutadelleripalte.it\/de\/wp-json\/wp\/v2\/product_brand?post=3082"},{"taxonomy":"product_cat","embeddable":true,"href":"https:\/\/shop.tenutadelleripalte.it\/de\/wp-json\/wp\/v2\/product_cat?post=3082"},{"taxonomy":"product_tag","embeddable":true,"href":"https:\/\/shop.tenutadelleripalte.it\/de\/wp-json\/wp\/v2\/product_tag?post=3082"}],"curies":[{"name":"wp","href":"https:\/\/api.w.org\/{rel}","templated":true}]}}