{"id":3128,"date":"2025-05-13T12:29:34","date_gmt":"2025-05-13T10:29:34","guid":{"rendered":"https:\/\/shop.tenutadelleripalte.it\/?post_type=product&#038;p=3128"},"modified":"2025-12-02T11:19:47","modified_gmt":"2025-12-02T10:19:47","slug":"voucher-jeep-tour-ripalte","status":"publish","type":"product","link":"https:\/\/shop.tenutadelleripalte.it\/de\/shop\/voucher-jeep-tour-ripalte\/","title":{"rendered":"Gutschein \u2013 Jeep Tour Ripalte"},"content":{"rendered":"<p>Nehmen Sie an einem Safari an Bord eines Fahrzeugs f\u00fcr die 450 Hektar Grundst\u00fcck im Nationalpark des toskanischen Archipels teil.<\/p>\n<p>Bewundern Sie das Meer von faszinierenden Aussichtspunkten und \u00fcberqueren Sie die Weinberge, w\u00e4hrend Sie den Geschichten und Legenden eines alten Anwesens auf der Insel Elba lauschen.<br \/>\nBeobachten Sie die umliegende Natur und lernen Sie mit Hilfe des F\u00fchrers die biologischen Phasen der Rebe, die Eigenschaften des Bodens und die Techniken des Weinbaus kennen.<\/p>\n<p>Erkennen Sie die Aromen und D\u00fcfte der Inselweine w\u00e4hrend der Verkostung unserer Weine, nach dem Besuch der modernen Design-Weinkellerei, die von dem Architekten Tobia Scarpa entworfen wurde.<\/p>\n<p>Accompagna la degustazione con i\u00a0prodotti tipici locali, tra pecorini a diversa stagionatura e salumi da allevamento brado, con l&#8217;olio di oliva dell&#8217;isola d&#8217;Elba sulla schiaccia fresca!<\/p>\n<p>&nbsp;<\/p>\n<p><strong>Geschenkgutschein zur Teilnahme am Erlebnis \u201eJeep Tour Ripalte\u201c<\/strong><\/p>\n<p><strong>Ablauf: 1 Jahr ab Kaufdatum.\u00a0<\/strong><\/p>\n<p>&nbsp;<\/p>\n<h4>Highlights<\/h4>\n<ul>\n<li><strong>Exkursion an Bord eines Jeeps<\/strong> in einem 450 Hektar gro\u00dfen Anwesen, mit Stopps von<\/li>\n<li><strong>Besuch einer der 14 Autor-Weinkellereien\u00a0<\/strong>des toskanischen Weinarchitekturkreises<\/li>\n<li><strong>Weinverkostung<\/strong>, mit einer Einf\u00fchrung in den Weinherstellungsprozess und die Trocknung der Trauben f\u00fcr Aleatico<\/li>\n<li><strong>Gastronomische Begleitung<\/strong>\u00a0zur Verkostung, mit typischen Produkten von der Insel Elba<\/li>\n<\/ul>\n<p>&nbsp;<\/p>\n<h4>N\u00fctzliche Informationen<\/h4>\n<ul>\n<li>Tour nicht geeignet f\u00fcr Familien<\/li>\n<li>Die Erfahrung dauert etwa\u00a0<strong>3 Stunden<\/strong>1 Stunde Jeep-Tour + 2 Stunden Besuch und Weinverkostung<\/li>\n<li>Die Tour findet auch bei schlechtem Wetter statt.<\/li>\n<li>Kleine Hunde sind erlaubt<\/li>\n<li>Angemessene Kleidung f\u00fcr einen Aperitif im Freien auf der Terrasse ist erforderlich<\/li>\n<\/ul>\n<p>&nbsp;<\/p>\n<h4>Treffpunkt<\/h4>\n<p>Tenuta delle Ripalte<br \/>\nLoc. Ripalte, 57031 Capoliveri LI<\/p>\n<p><a href=\"https:\/\/maps.app.goo.gl\/6n1kCYM16nCmUczb7\" target=\"_blank\" rel=\"noopener\">(siehe Google Maps)<\/a><\/p>\n<p>&nbsp;<\/p>\n<h4>F\u00fcr wen ist dieses Erlebnis geeignet?<\/h4>\n<ul>\n<li data-end=\"205\" data-start=\"81\">F\u00fcr diejenigen, die die Insel Elba jenseits des Meeres entdecken m\u00f6chten, zwischen alten Wegen und geheimen Orten, die in der wilden Natur verborgen sind<\/li>\n<li data-end=\"205\" data-start=\"81\">F\u00fcr diejenigen, die Abenteuer im Gel\u00e4nde lieben, mit dem Nervenkitzel, auf privaten landschaftlich reizvollen Stra\u00dfen in einem 4x4-Fahrzeug zu fahren<\/li>\n<li data-end=\"205\" data-start=\"81\">F\u00fcr Reisende, die authentische Erfahrungen suchen, die Natur, Geschichte, Wein und lokale Aromen in einer einzigen Reise vereinen<\/li>\n<li data-end=\"205\" data-start=\"81\">F\u00fcr Wein- und Designliebhaber, mit einem Besuch einer Autor-Weinkellerei und einer gef\u00fchrten Verkostung der gro\u00dfen Weine der Insel<\/li>\n<\/ul>\n<p>&nbsp;<\/p>\n<p><strong>F\u00dcR INFORMATIONEN ODER ANFRAGEN ZU TOURVERL\u00c4NGERUNGEN<\/strong><\/p>\n<p>Schreiben oder rufen Sie an: +39 3485841295<\/p>","protected":false},"excerpt":{"rendered":"<p><strong>Geschenkgutschein zur Teilnahme am Erlebnis \u201eJeep Tour Ripalte\u201c<\/strong><\/p>\n<p><strong>Ablauf: 1 Jahr ab Kaufdatum.\u00a0<\/strong><\/p>\n<p>&nbsp;<\/p>\n<p class=\"subtitle\">Offroad-Abenteuer im toskanischen Archipel-Park mit Weinverkostung und lokalen Produkten.<\/p>\n<p>Nehmen Sie an einem Safari an Bord eines Fahrzeugs f\u00fcr die 450 Hektar Grundst\u00fcck im Nationalpark des toskanischen Archipels teil.<\/p>\n<p>Erkennen Sie die Aromen und D\u00fcfte der Inselweine w\u00e4hrend der Verkostung unserer Weine, nach dem Besuch der modernen Design-Weinkellerei, die von dem Architekten Tobia Scarpa entworfen wurde.<\/p>","protected":false},"featured_media":1569,"template":"","meta":[],"product_brand":[],"product_cat":[47],"product_tag":[],"class_list":{"0":"post-3128","1":"product","2":"type-product","3":"status-publish","4":"has-post-thumbnail","6":"product_cat-voucher-regalo","8":"first","9":"instock","10":"virtual","11":"taxable","12":"purchasable","13":"product-type-simple"},"_links":{"self":[{"href":"https:\/\/shop.tenutadelleripalte.it\/de\/wp-json\/wp\/v2\/product\/3128","targetHints":{"allow":["GET"]}}],"collection":[{"href":"https:\/\/shop.tenutadelleripalte.it\/de\/wp-json\/wp\/v2\/product"}],"about":[{"href":"https:\/\/shop.tenutadelleripalte.it\/de\/wp-json\/wp\/v2\/types\/product"}],"wp:featuredmedia":[{"embeddable":true,"href":"https:\/\/shop.tenutadelleripalte.it\/de\/wp-json\/wp\/v2\/media\/1569"}],"wp:attachment":[{"href":"https:\/\/shop.tenutadelleripalte.it\/de\/wp-json\/wp\/v2\/media?parent=3128"}],"wp:term":[{"taxonomy":"product_brand","embeddable":true,"href":"https:\/\/shop.tenutadelleripalte.it\/de\/wp-json\/wp\/v2\/product_brand?post=3128"},{"taxonomy":"product_cat","embeddable":true,"href":"https:\/\/shop.tenutadelleripalte.it\/de\/wp-json\/wp\/v2\/product_cat?post=3128"},{"taxonomy":"product_tag","embeddable":true,"href":"https:\/\/shop.tenutadelleripalte.it\/de\/wp-json\/wp\/v2\/product_tag?post=3128"}],"curies":[{"name":"wp","href":"https:\/\/api.w.org\/{rel}","templated":true}]}}