{"id":3355,"date":"2025-11-12T11:06:44","date_gmt":"2025-11-12T10:06:44","guid":{"rendered":"https:\/\/shop.tenutadelleripalte.it\/?post_type=product&#038;p=3355"},"modified":"2026-01-30T15:54:35","modified_gmt":"2026-01-30T14:54:35","slug":"selezione-mediterraneo","status":"publish","type":"product","link":"https:\/\/shop.tenutadelleripalte.it\/de\/shop\/selezione-mediterraneo\/","title":{"rendered":"MEDITERRANEO SELECTION"},"content":{"rendered":"<div class=\"wpb-content-wrapper\"><div data-parent=\"true\" class=\"vc_row row-container\" id=\"row-unique-0\"><div class=\"row limit-width row-parent\"><div class=\"wpb_row row-inner\"><div class=\"wpb_column pos-top pos-center align_left column_parent col-lg-12 single-internal-gutter\"><div class=\"uncol style-light\"  ><div class=\"uncoltable\"><div class=\"uncell no-block-padding\" ><div class=\"uncont\" ><div class=\"vc_custom_heading_wrap\"><div class=\"heading-text el-text\" ><h2 class=\"font-181210 h2 text-uppercase\" ><span>Beschreibung<\/span><\/h2><\/div><div class=\"clear\"><\/div><\/div><div class=\"uncode_text_column\" ><\/p>\n<p>Mit der Mediterraneo Selection bringst du den echten, strahlenden Charakter Elbas auf den Tisch. Eine Kombination von Weinen, die die tiefe Verbindung der Insel mit dem Meer, der mediterranen Macchia und der Sonne erz\u00e4hlt. Die ideale Wahl f\u00fcr alle, die mediterrane D\u00fcfte lieben und vielseitige Weine suchen, die einfache, aber geschmackvolle Gerichte begleiten.<\/p>\n<p>Was Sie in der Box finden:<\/p>\n<p><strong>3 Bottiglie di Bianco Mediterraneo<\/strong><br \/>\nEin frischer und duftender Wei\u00dfwein mit lebhaftem, mineralischem Charakter. In der Nase Noten von wei\u00dfen Bl\u00fcten, gelben Fr\u00fcchten und Zitrusfr\u00fcchten, verbunden mit einer angenehmen Meeresw\u00fcrze. Am Gaumen agil und harmonisch, perfekt zu Vorspeisen, ersten G\u00e4ngen mit Fisch oder saisonalem Gem\u00fcse.<\/p>\n<p><strong>3 Bottiglie di Rosso Mediterraneo<\/strong><br \/>\nEin authentischer Ausdruck der Grenache, einer edlen und vielseitigen Rebsorte, die auf diesen zum Meer ausgerichteten H\u00f6henlagen ein einzigartiges, intensives und einh\u00fcllendes Profil entwickelt. Am Gaumen ausgewogen und samtig, mit einer Frische, die ihn angenehm und leicht trinkbar macht. Perfekt zu den traditionellen Fischgerichten aus Livorno, wie etwa Cacciucco.<\/p>\n<p>\n<\/div><\/div><\/div><\/div><\/div><\/div><script id=\"script-row-unique-0\" data-row=\"script-row-unique-0\" type=\"text\/javascript\" class=\"vc_controls\">UNCODE.initRow(document.getElementById(\"row-unique-0\"));<\/script><\/div><\/div><\/div>\n<\/div>","protected":false},"excerpt":{"rendered":"<p>Eine Reise zwischen Meer und Land: Die Mediterraneo Selection Box vereint das authentischste Wesen der Insel Elba \u2013 sonnige, harmonische Weine. Perfekt f\u00fcr den t\u00e4glichen Genuss oder als Geschenk f\u00fcr Liebhaber mediterraner Aromen.<\/p>\n<p>Im Inneren finden Sie:<\/p>\n<ul>\n<li>3 Flaschen Bianco Mediterraneo<\/li>\n<li>3 Flaschen Rosso Mediterraneo<\/li>\n<\/ul>","protected":false},"featured_media":3356,"template":"","meta":[],"product_brand":[],"product_cat":[58],"product_tag":[],"class_list":{"0":"post-3355","1":"product","2":"type-product","3":"status-publish","4":"has-post-thumbnail","6":"product_cat-box","8":"first","9":"instock","10":"sale","11":"taxable","12":"shipping-taxable","13":"purchasable","14":"product-type-simple"},"_links":{"self":[{"href":"https:\/\/shop.tenutadelleripalte.it\/de\/wp-json\/wp\/v2\/product\/3355","targetHints":{"allow":["GET"]}}],"collection":[{"href":"https:\/\/shop.tenutadelleripalte.it\/de\/wp-json\/wp\/v2\/product"}],"about":[{"href":"https:\/\/shop.tenutadelleripalte.it\/de\/wp-json\/wp\/v2\/types\/product"}],"wp:featuredmedia":[{"embeddable":true,"href":"https:\/\/shop.tenutadelleripalte.it\/de\/wp-json\/wp\/v2\/media\/3356"}],"wp:attachment":[{"href":"https:\/\/shop.tenutadelleripalte.it\/de\/wp-json\/wp\/v2\/media?parent=3355"}],"wp:term":[{"taxonomy":"product_brand","embeddable":true,"href":"https:\/\/shop.tenutadelleripalte.it\/de\/wp-json\/wp\/v2\/product_brand?post=3355"},{"taxonomy":"product_cat","embeddable":true,"href":"https:\/\/shop.tenutadelleripalte.it\/de\/wp-json\/wp\/v2\/product_cat?post=3355"},{"taxonomy":"product_tag","embeddable":true,"href":"https:\/\/shop.tenutadelleripalte.it\/de\/wp-json\/wp\/v2\/product_tag?post=3355"}],"curies":[{"name":"wp","href":"https:\/\/api.w.org\/{rel}","templated":true}]}}