{"id":3357,"date":"2025-11-12T11:22:47","date_gmt":"2025-11-12T10:22:47","guid":{"rendered":"https:\/\/shop.tenutadelleripalte.it\/?post_type=product&#038;p=3357"},"modified":"2026-01-30T15:54:07","modified_gmt":"2026-01-30T14:54:07","slug":"collezione-elbana","status":"publish","type":"product","link":"https:\/\/shop.tenutadelleripalte.it\/de\/shop\/collezione-elbana\/","title":{"rendered":"ELBA COLLECTION"},"content":{"rendered":"<div class=\"wpb-content-wrapper\"><div data-parent=\"true\" class=\"vc_row row-container\" id=\"row-unique-0\"><div class=\"row limit-width row-parent\"><div class=\"wpb_row row-inner\"><div class=\"wpb_column pos-top pos-center align_left column_parent col-lg-12 single-internal-gutter\"><div class=\"uncol style-light\"  ><div class=\"uncoltable\"><div class=\"uncell no-block-padding\" ><div class=\"uncont\" ><div class=\"vc_custom_heading_wrap\"><div class=\"heading-text el-text\" ><h2 class=\"font-181210 h2 text-uppercase\" ><span>Beschreibung<\/span><\/h2><\/div><div class=\"clear\"><\/div><\/div><div class=\"uncode_text_column\" ><\/p>\n<p>Die Elba Collection Box ist f\u00fcr alle gedacht, die unsere Insel durch das Weinglas erkunden m\u00f6chten. Sechs Weine, die die Seele des Territoriums und das Gleichgewicht aus Meer, Sonne und Wind ausdr\u00fccken, das die Tenuta delle Ripalte pr\u00e4gt. Von frischen, duftenden Schaumweinen bis zu intensiveren Rotweinen, bis hin zum Aleatico \u2013 dem Symbol der elbanischen Tradition: eine vollst\u00e4ndige Reise, ideal als Geschenk oder f\u00fcr einen Moment authentischer Verkostung.<\/p>\n<p>Was Sie in der Box finden:<\/p>\n<p><strong>Spumante Brut delle Ripalte<\/strong><br \/>\nEleganter Ros\u00e9-Schaumwein aus 100 % Aleatico-Trauben. Zarte, leuchtende Farbe und feine Aromen von kleinen roten Fr\u00fcchten und wei\u00dfen Bl\u00fcten. Am Gaumen frisch, mineralisch und lebhaft: ideal als Aperitif oder f\u00fcr einen leichten, stilvollen Toast.<\/p>\n<p><strong>Rosato delle Ripalte<\/strong><br \/>\nEr entsteht aus Aleatico-Trauben, die auf den panoramischen Terrassen von Poggio Turco angebaut werden. Aromen von Wildrose und mediterraner Macchia verbinden sich mit einem harmonischen und ausgewogenen Geschmack. Hervorragend zu Fischgerichten, hellem Fleisch oder sommerlichen Aperitifs.<\/p>\n<p><strong>Vermentino delle Ripalte<\/strong><br \/>\nEin raffinierter und mineralischer Wei\u00dfwein, Sinnbild des mediterranen Charakters der Insel Elba. In der Nase Noten von wei\u00dfen Bl\u00fcten, Fr\u00fcchten und Zitrusfr\u00fcchten; am Gaumen frisch und w\u00fcrzig, mit ausgewogenem Finale. Perfekt zu Fischgerichten oder saisonalem Gem\u00fcse.<\/p>\n<p><strong>Bianco Mediterraneo<\/strong><br \/>\nEine Cuv\u00e9e aus Vermentino und Fiano, die die ganze Leuchtkraft der Insel einf\u00e4ngt. Strohgelbe Farbe, zitrusfruchtige und blumige Aromen, frischer und harmonischer Geschmack mit angenehmer mineralischer Note. Hervorragend als t\u00e4glicher Begleiter der mediterranen K\u00fcche.<\/p>\n<p><strong>Rosso Mediterraneo<\/strong><br \/>\nAus Alicante- (Grenache-)Trauben, die auf windigen, granithaltigen B\u00f6den wachsen. Intensiv rubinrot, mit Aromen von roten Fr\u00fcchten und Gew\u00fcrzen, und einem warmen, einh\u00fcllenden Geschmack mit langem Finale. Perfekt zu gegrilltem Fleisch und w\u00fcrzigen ersten G\u00e4ngen.<\/p>\n<p><strong>Aleatico Alea Ludendo<\/strong><br \/>\nDer Symbolwein der Insel Elba: ein Passito aus in der Sonne getrockneten Aleatico-Trauben. Aromen von Kirsche, D\u00f6rrpflaume und s\u00fc\u00dfen Gew\u00fcrzen; samtiger, anhaltender Geschmack mit perfekter Balance zwischen S\u00fc\u00dfe und Frische. Ideal zu Schokoladendesserts oder Blauschimmelk\u00e4se.<\/p>\n<p>\n<\/div><\/div><\/div><\/div><\/div><\/div><script id=\"script-row-unique-0\" data-row=\"script-row-unique-0\" type=\"text\/javascript\" class=\"vc_controls\">UNCODE.initRow(document.getElementById(\"row-unique-0\"));<\/script><\/div><\/div><\/div>\n<\/div>","protected":false},"excerpt":{"rendered":"<p>Eleganter Ros\u00e9-Schaumwein aus 100 % Aleatico-Trauben. Zarte, leuchtende Farbe und feine Aromen von kleinen roten Fr\u00fcchten und wei\u00dfen Bl\u00fcten. Am Gaumen frisch, mineralisch und lebhaft: ideal als Aperitif oder f\u00fcr einen stilvollen, leichten Toast.<\/p>\n<p>Im Inneren finden Sie:<\/p>\n<ul>\n<li>1 Flasche Spumante Brut delle Ripalte<\/li>\n<li>1 Flasche Rosato delle Ripalte<\/li>\n<li>1 Flasche Vermentino delle Ripalte<\/li>\n<li>1 Flasche Bianco Mediterraneo<\/li>\n<li>1 Flasche Rosso Mediterraneo<\/li>\n<li>1 Flasche Aleatico Alea Ludendo<\/li>\n<\/ul>","protected":false},"featured_media":3359,"template":"","meta":[],"product_brand":[],"product_cat":[58],"product_tag":[],"class_list":{"0":"post-3357","1":"product","2":"type-product","3":"status-publish","4":"has-post-thumbnail","6":"product_cat-box","8":"first","9":"instock","10":"sale","11":"taxable","12":"shipping-taxable","13":"purchasable","14":"product-type-simple"},"_links":{"self":[{"href":"https:\/\/shop.tenutadelleripalte.it\/de\/wp-json\/wp\/v2\/product\/3357","targetHints":{"allow":["GET"]}}],"collection":[{"href":"https:\/\/shop.tenutadelleripalte.it\/de\/wp-json\/wp\/v2\/product"}],"about":[{"href":"https:\/\/shop.tenutadelleripalte.it\/de\/wp-json\/wp\/v2\/types\/product"}],"wp:featuredmedia":[{"embeddable":true,"href":"https:\/\/shop.tenutadelleripalte.it\/de\/wp-json\/wp\/v2\/media\/3359"}],"wp:attachment":[{"href":"https:\/\/shop.tenutadelleripalte.it\/de\/wp-json\/wp\/v2\/media?parent=3357"}],"wp:term":[{"taxonomy":"product_brand","embeddable":true,"href":"https:\/\/shop.tenutadelleripalte.it\/de\/wp-json\/wp\/v2\/product_brand?post=3357"},{"taxonomy":"product_cat","embeddable":true,"href":"https:\/\/shop.tenutadelleripalte.it\/de\/wp-json\/wp\/v2\/product_cat?post=3357"},{"taxonomy":"product_tag","embeddable":true,"href":"https:\/\/shop.tenutadelleripalte.it\/de\/wp-json\/wp\/v2\/product_tag?post=3357"}],"curies":[{"name":"wp","href":"https:\/\/api.w.org\/{rel}","templated":true}]}}