{"id":3360,"date":"2025-11-12T13:06:02","date_gmt":"2025-11-12T12:06:02","guid":{"rendered":"https:\/\/shop.tenutadelleripalte.it\/?post_type=product&#038;p=3360"},"modified":"2026-01-30T15:53:38","modified_gmt":"2026-01-30T14:53:38","slug":"ripalte-tasting","status":"publish","type":"product","link":"https:\/\/shop.tenutadelleripalte.it\/de\/shop\/ripalte-tasting\/","title":{"rendered":"RIPALTE TASTING"},"content":{"rendered":"<div class=\"wpb-content-wrapper\"><div data-parent=\"true\" class=\"vc_row row-container\" id=\"row-unique-0\"><div class=\"row limit-width row-parent\"><div class=\"wpb_row row-inner\"><div class=\"wpb_column pos-top pos-center align_left column_parent col-lg-12 single-internal-gutter\"><div class=\"uncol style-light\"  ><div class=\"uncoltable\"><div class=\"uncell no-block-padding\" ><div class=\"uncont\" ><div class=\"vc_custom_heading_wrap\"><div class=\"heading-text el-text\" ><h2 class=\"font-181210 h2 text-uppercase\" ><span>Beschreibung<\/span><\/h2><\/div><div class=\"clear\"><\/div><\/div><div class=\"uncode_text_column\" ><\/p>\n<p>Die Ripalte Tasting Box ist die ideale Auswahl f\u00fcr alle, die die repr\u00e4sentativsten Weine der Tenuta delle Ripalte kennenlernen und genie\u00dfen m\u00f6chten. Sechs Etiketten, die die Vielfalt unseres Terroirs widerspiegeln: von der mineralischen Frische der Wei\u00dfweine \u00fcber die Komplexit\u00e4t der Rotweine bis hin zur Lebendigkeit des Ros\u00e9s und der Finesse des Schaumweins. Eine wahre Geschmacksreise \u2013 perfekt als Geschenk oder f\u00fcr eine vollst\u00e4ndige Verkostung zu Hause.<\/p>\n<p>Was Sie in der Box finden:<\/p>\n<p><strong>Spumante Brut delle Ripalte<\/strong><br \/>\nAus 100 % Aleatico-Trauben gewonnen, ist dieser Ros\u00e9-Schaumwein frisch und raffiniert. D\u00fcfte von kleinen roten Fr\u00fcchten und wei\u00dfen Bl\u00fcten gehen einem lebendigen, eleganten und mineralischen Geschmack voraus. Ideal als Aperitif oder in Kombination mit Fisch- und Meeresfr\u00fcchtegerichten.<\/p>\n<p><strong>Rosato delle Ripalte<\/strong><br \/>\nEr entsteht aus Aleatico-Trauben, die in den am Meer gelegenen Weinbergen von Poggio Turco angebaut werden. In der Nase erinnert er an Rose und mediterrane Macchia, am Gaumen zeigt er sich ausgewogen und zart w\u00fcrzig. Hervorragend geeignet zu Vorspeisen, hellem Fleisch und sommerlichen Gerichten.<\/p>\n<p><strong>Vermentino delle Ripalte<\/strong><br \/>\nEin authentischer Ausdruck der Insel Elba: Dieser elegante und mineralische Wei\u00dfwein vereint Noten von wei\u00dfem Obst, Bl\u00fcten und Zitrusfr\u00fcchten mit angenehmer Frische. Perfekt zu Fisch und saisonalem Gem\u00fcse.<\/p>\n<p><strong>Bianco Mediterraneo<\/strong><br \/>\nEine strahlende Cuv\u00e9e aus Vermentino und Fiano mit zitrusfruchtigem und blumigem Profil. Am Gaumen harmonisch, frisch und w\u00fcrzig, mit mineralischem Abgang. Ideal zur t\u00e4glichen mediterranen K\u00fcche.<\/p>\n<p><strong>Rosso delle Ripalte<\/strong><br \/>\nEin intensiver und strukturierter Rotwein mit Aromen von reifen roten Fr\u00fcchten und s\u00fc\u00dfen Gew\u00fcrzen. Am Gaumen voll und einh\u00fcllend, mit weichen Tanninen und anhaltendem Finale. Passt hervorragend zu rotem Fleisch, Wild und gereiftem K\u00e4se.<\/p>\n<p><strong>Rosso Mediterraneo<\/strong><br \/>\nEin Wein, der Sonne und Wind der Insel Elba erz\u00e4hlt: 100 % Alicante aus dem \u00e4ltesten Weinberg des Guts. Leuchtend rubinrot, mit Aromen roter Fr\u00fcchte und einem warmen, einh\u00fcllenden Geschmack, gepr\u00e4gt von eleganter Balance.<\/p>\n<p>\n<\/div><\/div><\/div><\/div><\/div><\/div><script id=\"script-row-unique-0\" data-row=\"script-row-unique-0\" type=\"text\/javascript\" class=\"vc_controls\">UNCODE.initRow(document.getElementById(\"row-unique-0\"));<\/script><\/div><\/div><\/div>\n<\/div>","protected":false},"excerpt":{"rendered":"<p>Eine vollst\u00e4ndige Verkostung, um die Seele der Tenuta delle Ripalte zu entdecken. Die Ripalte Tasting Box vereint sechs Etiketten, die den Charakter unseres Territoriums ausdr\u00fccken \u2013 von der Eleganz der Wei\u00dfweine bis zur Struktur der Rotweine. Perfekt f\u00fcr alle, die die Insel durch ihre Weine erkunden m\u00f6chten.<\/p>\n<p>Im Inneren finden Sie:<\/p>\n<ul>\n<li>1 Flasche Spumante Brut delle Ripalte<\/li>\n<li>1 Flasche Rosato delle Ripalte<\/li>\n<li>1 Flasche Vermentino delle Ripalte<\/li>\n<li>1 Flasche Bianco Mediterraneo<\/li>\n<li>1 Flasche Rosso delle Ripalte<\/li>\n<li>1 Flasche Rosso Mediterraneo<\/li>\n<\/ul>","protected":false},"featured_media":3361,"template":"","meta":[],"product_brand":[],"product_cat":[58],"product_tag":[],"class_list":{"0":"post-3360","1":"product","2":"type-product","3":"status-publish","4":"has-post-thumbnail","6":"product_cat-box","8":"first","9":"instock","10":"sale","11":"taxable","12":"shipping-taxable","13":"purchasable","14":"product-type-simple"},"_links":{"self":[{"href":"https:\/\/shop.tenutadelleripalte.it\/de\/wp-json\/wp\/v2\/product\/3360","targetHints":{"allow":["GET"]}}],"collection":[{"href":"https:\/\/shop.tenutadelleripalte.it\/de\/wp-json\/wp\/v2\/product"}],"about":[{"href":"https:\/\/shop.tenutadelleripalte.it\/de\/wp-json\/wp\/v2\/types\/product"}],"wp:featuredmedia":[{"embeddable":true,"href":"https:\/\/shop.tenutadelleripalte.it\/de\/wp-json\/wp\/v2\/media\/3361"}],"wp:attachment":[{"href":"https:\/\/shop.tenutadelleripalte.it\/de\/wp-json\/wp\/v2\/media?parent=3360"}],"wp:term":[{"taxonomy":"product_brand","embeddable":true,"href":"https:\/\/shop.tenutadelleripalte.it\/de\/wp-json\/wp\/v2\/product_brand?post=3360"},{"taxonomy":"product_cat","embeddable":true,"href":"https:\/\/shop.tenutadelleripalte.it\/de\/wp-json\/wp\/v2\/product_cat?post=3360"},{"taxonomy":"product_tag","embeddable":true,"href":"https:\/\/shop.tenutadelleripalte.it\/de\/wp-json\/wp\/v2\/product_tag?post=3360"}],"curies":[{"name":"wp","href":"https:\/\/api.w.org\/{rel}","templated":true}]}}