{"id":3492,"date":"2025-12-05T15:21:40","date_gmt":"2025-12-05T14:21:40","guid":{"rendered":"https:\/\/shop.tenutadelleripalte.it\/?post_type=product&#038;p=3492"},"modified":"2026-01-27T16:10:42","modified_gmt":"2026-01-27T15:10:42","slug":"voucher-weekend-gourmet-elba","status":"publish","type":"product","link":"https:\/\/shop.tenutadelleripalte.it\/de\/shop\/voucher-weekend-gourmet-elba\/","title":{"rendered":"Gutschein \u2013 Gourmet-Wochenende auf Elba"},"content":{"rendered":"<p data-start=\"601\" data-end=\"869\">Ein Aufenthalt in der Tenuta delle Ripalte ist mehr als eine Pause: Er ist eine neue Art, mit der Insel Elba in Verbindung zu treten. Hier, wo Weinberge auf das Meer treffen und sich die mediterrane Macchia zu unber\u00fchrten Landschaften \u00f6ffnet, wird jeder Moment zu einem unvergesslichen Erlebnis.<\/p>\n<p data-start=\"601\" data-end=\"869\"><strong>\u00dcbernachtung<\/strong> im Doppelzimmer.<\/p>\n<p data-start=\"871\" data-end=\"1423\">Bei Ihrer Ankunft erwartet Sie ein <strong data-start=\"896\" data-end=\"922\">Willkommensaperitif<\/strong>\u2013 der erste Vorgeschmack auf die entspannte und einladende Atmosph\u00e4re der Tenuta.<\/p>\n<p data-start=\"871\" data-end=\"1423\">Ein besonderer Moment am Abend: <strong>Abendessen f\u00fcr zwei Personen in unserem hauseigenen Restaurant<\/strong> (drei G\u00e4nge, Getr\u00e4nke und Weine nicht inbegriffen)<\/p>\n<p data-start=\"871\" data-end=\"1423\">Der Morgen beginnt mit einem <strong>Fr\u00fchst\u00fccksbuffet<\/strong> <strong data-start=\"1023\" data-end=\"1047\">,<\/strong>das dazu einl\u00e4dt, den langsamen Rhythmus der Insel zu genie\u00dfen.<br data-start=\"1101\" data-end=\"1104\" \/>Es endet mit dem <strong data-start=\"1132\" data-end=\"1151\">Wine Experience<\/strong>: der Besuch unserer Architekten-Kellerei, einem Ort, an dem Architektur und Natur miteinander im Dialog stehen, gefolgt von der Verkostung von <strong data-start=\"1270\" data-end=\"1292\">drei ausgew\u00e4hlten Weinen,<\/strong> begleitet von lokalen Spezialit\u00e4ten. Eine sinnliche Reise durch die Weintradition Elbas, die Sie in Ihrem eigenen Tempo erleben k\u00f6nnen.<\/p>\n<p data-start=\"1425\" data-end=\"1551\">Ein ideales Erlebnis f\u00fcr alle, die Natur, Authentizit\u00e4t und eine tiefere Verbindung mit dem Gebiet suchen. Zum Verschenken oder zum Selbstgenie\u00dfen.<\/p>\n<p>&nbsp;<\/p>\n<p><strong>Geschenkgutschein f\u00fcr die Teilnahme an der Experience \u201eGourmet-Wochenende auf Elba\u201c\u00a0<\/strong><\/p>\n<p><strong>Ablauf: 1 Jahr ab Kaufdatum.\u00a0<\/strong><\/p>\n<p>&nbsp;<\/p>\n<h4>Highlights<\/h4>\n<ul>\n<li><strong>\u00dcbernachtung f\u00fcr 2 Personen<\/strong><\/li>\n<li><strong>Willkommensaperitif<\/strong><\/li>\n<li><strong>1 Cena per due persone, presso il ristorante interno<\/strong> (drei G\u00e4nge, Getr\u00e4nke und Weine nicht inbegriffen)<\/li>\n<li><strong>Fr\u00fchst\u00fcck inklusive<\/strong><\/li>\n<li><strong>Wine Experience<\/strong>: Besuch der Architekten-Kellerei, Verkostung von 3 Weinen auf der Panorama-Terrasse, in Kombination mit lokalen Spezialit\u00e4ten.<\/li>\n<li><strong>Erm\u00e4\u00dfigung auf das F\u00e4hrticket der Strecke Piombino\u2013Portoferraio<\/strong><\/li>\n<\/ul>\n<p>&nbsp;<\/p>\n<p><strong>Tariffe<\/strong><\/p>\n<ul>\n<li>\u00dcbernachtung 1 Nacht: \u20ac 279<\/li>\n<li>\u00dcbernachtung 2 N\u00e4chte: \u20ac 459<\/li>\n<\/ul>\n<p><strong>G\u00fcltigkeit des Gutscheins<\/strong><\/p>\n<ul>\n<li>G\u00fcltig 12 Monate ab Kaufdatum<\/li>\n<li>Einl\u00f6sbar f\u00fcr einen Aufenthalt f\u00fcr 2 Personen<\/li>\n<li>Vorherige Reservierung erforderlich, abh\u00e4ngig von der Verf\u00fcgbarkeit<\/li>\n<\/ul>\n<p><strong>Nicht nutzbar in folgenden Zeitr\u00e4umen:<\/strong><\/p>\n<ul>\n<li>Hoch- und Hauptsaison (ca. 27. Juni \u2013 28. August)<\/li>\n<li>Sonderveranstaltungen der Unterkunft<\/li>\n<\/ul>\n<p><strong>Bedingungen<\/strong><br \/>\nVoucher non rimborsabile.<br \/>\nEinmalig bis sp\u00e4testens 7 Tage vor Anreise \u00e4nderbar.<br \/>\nM\u00f6glichkeit, zus\u00e4tzliche N\u00e4chte, Upgrades oder Zusatzleistungen zum Listenpreis hinzuzubuchen.<\/p>\n<h4>Adresse<\/h4>\n<p>Tenuta delle Ripalte<br \/>\nLoc. Ripalte, 57031 Capoliveri LI<\/p>\n<p><a href=\"https:\/\/maps.app.goo.gl\/6n1kCYM16nCmUczb7\" target=\"_blank\" rel=\"noopener\">(siehe Google Maps)<\/a><\/p>\n<p>&nbsp;<\/p>\n<h4>F\u00dcR BESONDERE ANFRAGEN ODER WEITERE INFORMATIONEN<\/h4>\n<p>Schreiben oder rufen Sie an: +39 3485841295<\/p>","protected":false},"excerpt":{"rendered":"<p><strong>Geschenkgutschein f\u00fcr die Teilnahme an der Experience \u201eGourmet-Wochenende auf Elba\u201c\u00a0<\/strong><\/p>\n<p><strong>Ablauf: 1 Jahr ab Kaufdatum.\u00a0<\/strong><\/p>\n<p>Erlebe das authentischste Elba bei einem Aufenthalt inmitten der Natur der Tenuta delle Ripalte. Ein Refugium am Meer, eine Architekten-Kellerei, die Stille der mediterranen Macchia und die Freude, Weine zu entdecken, die die Geschichte einer Insel erz\u00e4hlen. Eine Einladung, langsamer zu werden und sich \u00fcberraschen zu lassen.<\/p>","protected":false},"featured_media":3499,"template":"","meta":[],"product_brand":[],"product_cat":[47],"product_tag":[],"class_list":{"0":"post-3492","1":"product","2":"type-product","3":"status-publish","4":"has-post-thumbnail","6":"product_cat-voucher-regalo","8":"first","9":"instock","10":"taxable","11":"shipping-taxable","12":"purchasable","13":"product-type-variable","14":"has-default-attributes"},"_links":{"self":[{"href":"https:\/\/shop.tenutadelleripalte.it\/de\/wp-json\/wp\/v2\/product\/3492","targetHints":{"allow":["GET"]}}],"collection":[{"href":"https:\/\/shop.tenutadelleripalte.it\/de\/wp-json\/wp\/v2\/product"}],"about":[{"href":"https:\/\/shop.tenutadelleripalte.it\/de\/wp-json\/wp\/v2\/types\/product"}],"wp:featuredmedia":[{"embeddable":true,"href":"https:\/\/shop.tenutadelleripalte.it\/de\/wp-json\/wp\/v2\/media\/3499"}],"wp:attachment":[{"href":"https:\/\/shop.tenutadelleripalte.it\/de\/wp-json\/wp\/v2\/media?parent=3492"}],"wp:term":[{"taxonomy":"product_brand","embeddable":true,"href":"https:\/\/shop.tenutadelleripalte.it\/de\/wp-json\/wp\/v2\/product_brand?post=3492"},{"taxonomy":"product_cat","embeddable":true,"href":"https:\/\/shop.tenutadelleripalte.it\/de\/wp-json\/wp\/v2\/product_cat?post=3492"},{"taxonomy":"product_tag","embeddable":true,"href":"https:\/\/shop.tenutadelleripalte.it\/de\/wp-json\/wp\/v2\/product_tag?post=3492"}],"curies":[{"name":"wp","href":"https:\/\/api.w.org\/{rel}","templated":true}]}}